{"id":3654,"date":"2025-06-01T19:17:25","date_gmt":"2025-06-01T11:17:25","guid":{"rendered":"https:\/\/beyondinfosys.com\/?post_type=product&#038;p=3654"},"modified":"2026-03-20T08:07:46","modified_gmt":"2026-03-20T00:07:46","slug":"fbx-t7e","status":"publish","type":"product","link":"https:\/\/beyondinfosys.com\/de\/product\/fbx-t7e\/","title":{"rendered":"FBX-T7E"},"content":{"rendered":"<h2 data-start=\"192\" data-end=\"237\">Vollst\u00e4ndiger IP67-Embedded-Box-PC f\u00fcr Lebensmittel- und Pharmaumgebungen<\/h2>\n<p class=\"\" data-start=\"238\" data-end=\"342\">Dieser vollst\u00e4ndig IP67-zertifizierte Embedded-Box-PC wurde f\u00fcr die strengen Anforderungen hygienesensibler Branchen entwickelt und bietet versiegelten, wasser- und staubdichten Schutz - ideal f\u00fcr den Einsatz in lebensmittelverarbeitenden Betrieben, der pharmazeutischen Produktion und in Reinraumumgebungen. Ausgestattet mit dem Intel\u00ae 11th Gen Tiger Lake Core i5-1145G7E-Prozessor bietet er eine starke Rechenleistung f\u00fcr Datenprotokollierung, Prozess\u00fcberwachung und industrielle Automatisierungsaufgaben.<br \/>\nMit seinem dualen Videoausgang (VGA + DisplayPort) unterst\u00fctzt das System hochaufl\u00f6sende externe Displays und ist damit ideal f\u00fcr Bedienerschnittstellen und Maschinensteuerungsstationen. Es ist mit drei Gigabit-LAN-Ports ausgestattet, um redundante oder segmentierte Netzwerke zu verwalten und eine stabile Konnektivit\u00e4t f\u00fcr IoT-Ger\u00e4te und Produktionsnetzwerke zu gew\u00e4hrleisten.<br \/>\nFlexible Stromeingangsoptionen (110~240V AC oder 9~36 V DC) erm\u00f6glichen eine einfache Integration in verschiedene industrielle Stromversorgungssysteme. Durch die Unterst\u00fctzung mehrerer Betriebssysteme - einschlie\u00dflich Windows 11 Pro, Windows 11 IoT und Linux - passt es sich nahtlos an Ihre Softwareumgebung an.<\/p>\n<h4 data-start=\"238\" data-end=\"342\">Wesentliche Merkmale<\/h4>\n<ul>\n<li data-start=\"238\" data-end=\"342\">Intel\u00ae 11th Gen Tiger Lake Core i5-1145G7E f\u00fcr hocheffiziente Verarbeitung<\/li>\n<li data-start=\"238\" data-end=\"342\">Zwei Videoausg\u00e4nge: VGA und DisplayPort f\u00fcr flexible Anzeigeoptionen<\/li>\n<li data-start=\"238\" data-end=\"342\">3 x Gigabit-LAN-Anschl\u00fcsse f\u00fcr sichere und redundante Vernetzung<\/li>\n<li data-start=\"238\" data-end=\"342\">Breiter Stromeingangsbereich: 110~240V AC oder 9~36 V DC<\/li>\n<li data-start=\"238\" data-end=\"342\">Vollst\u00e4ndig IP67-zertifiziertes Geh\u00e4use: Wasserdicht, staubdicht und korrosionsbest\u00e4ndig<\/li>\n<li data-start=\"238\" data-end=\"342\">Unterst\u00fctzt Windows 11 Pro, Windows 11 IoT und Linux<\/li>\n<\/ul>\n<h4>Vorteile<\/h4>\n<ul>\n<li>Vollst\u00e4ndig versiegelt f\u00fcr den Einsatz in nassen, staubigen oder desinfizierten Umgebungen<\/li>\n<li>Widersteht Hochdrucksp\u00fclungen und strengen Hygieneprotokollen<\/li>\n<li>Vielseitige Netzwerk- und Stromversorgungsschnittstelle f\u00fcr nahtlosen Einsatz<\/li>\n<li>Ideal f\u00fcr platzbeschr\u00e4nkte oder exponierte Installationen<\/li>\n<li>Langfristige Haltbarkeit durch l\u00fcfterloses, industrietaugliches Design<\/li>\n<\/ul>\n<h4 class=\"\" data-start=\"1723\" data-end=\"1747\">Ideal f\u00fcr<\/h4>\n<ul>\n<li data-start=\"1750\" data-end=\"1796\">Lebensmittel- und Getr\u00e4nkeverarbeitungsbetriebe<\/li>\n<li data-start=\"1750\" data-end=\"1796\">Pharmazeutische Produktions- und Verpackungslinien<\/li>\n<li data-start=\"1750\" data-end=\"1796\">Reinraum und sterile Umgebungen<\/li>\n<li data-start=\"1750\" data-end=\"1796\">Industrielle Automatisierung in Sanit\u00e4ranlagen<\/li>\n<\/ul>\n<p><img fetchpriority=\"high\" decoding=\"async\" class=\"alignnone wp-image-3876 size-full\" src=\"https:\/\/beyondinfosys.com\/wp-content\/uploads\/2025\/06\/\u7522\u54c1\u9801\u5716-\u62f7\u8c9d-10.webp\" alt=\"\" width=\"1024\" height=\"1296\" srcset=\"https:\/\/beyondinfosys.com\/wp-content\/uploads\/2025\/06\/\u7522\u54c1\u9801\u5716-\u62f7\u8c9d-10.webp 1024w, https:\/\/beyondinfosys.com\/wp-content\/uploads\/2025\/06\/\u7522\u54c1\u9801\u5716-\u62f7\u8c9d-10-237x300.webp 237w, https:\/\/beyondinfosys.com\/wp-content\/uploads\/2025\/06\/\u7522\u54c1\u9801\u5716-\u62f7\u8c9d-10-809x1024.webp 809w, https:\/\/beyondinfosys.com\/wp-content\/uploads\/2025\/06\/\u7522\u54c1\u9801\u5716-\u62f7\u8c9d-10-768x972.webp 768w, https:\/\/beyondinfosys.com\/wp-content\/uploads\/2025\/06\/\u7522\u54c1\u9801\u5716-\u62f7\u8c9d-10-600x759.webp 600w\" sizes=\"(max-width: 1024px) 100vw, 1024px\" \/><\/p>\n<h2 style=\"text-align: center;\">Anwendungen<\/h2>\n<p><a href=\"\/de\/lebensmittel-und-pharmazeutische-losungen\/\"><img decoding=\"async\" class=\"alignnone wp-image-3655 size-medium\" src=\"https:\/\/beyondinfosys.com\/wp-content\/uploads\/2025\/06\/01-300x185.webp\" alt=\"\" width=\"300\" height=\"185\" srcset=\"https:\/\/beyondinfosys.com\/wp-content\/uploads\/2025\/06\/01-300x185.webp 300w, https:\/\/beyondinfosys.com\/wp-content\/uploads\/2025\/06\/01.webp 400w\" sizes=\"(max-width: 300px) 100vw, 300px\" \/><\/a><a href=\"\/de\/militar\/\"><img decoding=\"async\" class=\"alignnone wp-image-3656 size-medium\" src=\"https:\/\/beyondinfosys.com\/wp-content\/uploads\/2025\/06\/solutions-007-300x185.webp\" alt=\"\" width=\"300\" height=\"185\" srcset=\"https:\/\/beyondinfosys.com\/wp-content\/uploads\/2025\/06\/solutions-007-300x185.webp 300w, https:\/\/beyondinfosys.com\/wp-content\/uploads\/2025\/06\/solutions-007.webp 400w\" sizes=\"(max-width: 300px) 100vw, 300px\" \/><\/a><\/p>","protected":false},"excerpt":{"rendered":"<p><strong>Wesentliche Merkmale:<\/strong><\/p>\n<p>1. Intel 11th Gen. Tigerlake Core i5 1145G7E<br \/>\n2. Dualer Videoausgang: VGA + DP<br \/>\n3. 3 x Gigabit-LAN-Anschluss<br \/>\n4. Stromeingang: Entweder 110~240V AC oder 9~36 V DC Stromeingang<br \/>\n5. Vollst\u00e4ndig IP67<br \/>\n6. BETRIEBSSYSTEM: Win11Pro, Win11 IOT, Linux<\/p>\n<p><img loading=\"lazy\" decoding=\"async\" class=\"alignnone size-full wp-image-2235\" src=\"https:\/\/beyondinfosys.com\/wp-content\/uploads\/2025\/03\/WIDE-VOLTAGE-1.webp\" alt=\"\" width=\"45\" height=\"45\" \/><img loading=\"lazy\" decoding=\"async\" class=\"alignnone size-full wp-image-3657\" src=\"https:\/\/beyondinfosys.com\/wp-content\/uploads\/2025\/06\/IP67.webp\" alt=\"\" width=\"45\" height=\"45\" \/><\/p>","protected":false},"featured_media":3803,"template":"","meta":{"site-sidebar-layout":"default","site-content-layout":"","ast-site-content-layout":"default","site-content-style":"default","site-sidebar-style":"default","ast-global-header-display":"","ast-banner-title-visibility":"","ast-main-header-display":"","ast-hfb-above-header-display":"","ast-hfb-below-header-display":"","ast-hfb-mobile-header-display":"","site-post-title":"","ast-breadcrumbs-content":"","ast-featured-img":"","footer-sml-layout":"","ast-disable-related-posts":"","theme-transparent-header-meta":"default","adv-header-id-meta":"","stick-header-meta":"default","header-above-stick-meta":"","header-main-stick-meta":"","header-below-stick-meta":"","astra-migrate-meta-layouts":"set","ast-page-background-enabled":"default","ast-page-background-meta":{"desktop":{"background-color":"","background-image":"","background-repeat":"repeat","background-position":"center center","background-size":"auto","background-attachment":"scroll","background-type":"","background-media":"","overlay-type":"","overlay-color":"","overlay-opacity":"","overlay-gradient":""},"tablet":{"background-color":"","background-image":"","background-repeat":"repeat","background-position":"center center","background-size":"auto","background-attachment":"scroll","background-type":"","background-media":"","overlay-type":"","overlay-color":"","overlay-opacity":"","overlay-gradient":""},"mobile":{"background-color":"","background-image":"","background-repeat":"repeat","background-position":"center center","background-size":"auto","background-attachment":"scroll","background-type":"","background-media":"","overlay-type":"","overlay-color":"","overlay-opacity":"","overlay-gradient":""}},"ast-content-background-meta":{"desktop":{"background-color":"var(--ast-global-color-5)","background-image":"","background-repeat":"repeat","background-position":"center center","background-size":"auto","background-attachment":"scroll","background-type":"","background-media":"","overlay-type":"","overlay-color":"","overlay-opacity":"","overlay-gradient":""},"tablet":{"background-color":"var(--ast-global-color-5)","background-image":"","background-repeat":"repeat","background-position":"center center","background-size":"auto","background-attachment":"scroll","background-type":"","background-media":"","overlay-type":"","overlay-color":"","overlay-opacity":"","overlay-gradient":""},"mobile":{"background-color":"var(--ast-global-color-5)","background-image":"","background-repeat":"repeat","background-position":"center center","background-size":"auto","background-attachment":"scroll","background-type":"","background-media":"","overlay-type":"","overlay-color":"","overlay-opacity":"","overlay-gradient":""}}},"product_brand":[],"product_cat":[39],"product_tag":[],"class_list":{"0":"post-3654","1":"product","2":"type-product","3":"status-publish","4":"has-post-thumbnail","6":"product_cat-military-grade-embedded-box-pc","7":"desktop-align-left","8":"tablet-align-left","9":"mobile-align-left","10":"ast-product-gallery-layout-horizontal-slider","11":"ast-product-tabs-layout-horizontal","13":"first","14":"instock","15":"shipping-taxable","16":"purchasable","17":"product-type-simple"},"yoast_head":"<!-- This site is optimized with the Yoast SEO Premium plugin v24.0 (Yoast SEO v27.4) - https:\/\/yoast.com\/product\/yoast-seo-premium-wordpress\/ -->\n<title>FBX-T7E - Beyond Info Sys<\/title>\n<meta name=\"robots\" content=\"index, follow, max-snippet:-1, max-image-preview:large, max-video-preview:-1\" \/>\n<link rel=\"canonical\" href=\"https:\/\/beyondinfosys.com\/de\/product\/fbx-t7e\/\" \/>\n<meta property=\"og:locale\" content=\"de_DE\" \/>\n<meta property=\"og:type\" content=\"article\" \/>\n<meta property=\"og:title\" content=\"FBX-T7E\" \/>\n<meta property=\"og:description\" content=\"Key Features:  1. Intel 11th Gen. Tigerlake Core i5 1145G7E 2. Dual video output: VGA + DP 3. 3 x Gigabit LAN port 4. Power input: Either 110~240V AC or 9~36 V DC power input 5. Full IP67 6. OS: Win11Pro, Win11 IOT, Linux\" \/>\n<meta property=\"og:url\" content=\"https:\/\/beyondinfosys.com\/de\/product\/fbx-t7e\/\" \/>\n<meta property=\"og:site_name\" content=\"Beyond Info Sys\" \/>\n<meta property=\"article:modified_time\" content=\"2026-03-20T00:07:46+00:00\" \/>\n<meta property=\"og:image\" content=\"https:\/\/beyondinfosys.com\/wp-content\/uploads\/2025\/06\/1.webp\" \/>\n\t<meta property=\"og:image:width\" content=\"1000\" \/>\n\t<meta property=\"og:image:height\" content=\"1000\" \/>\n\t<meta property=\"og:image:type\" content=\"image\/webp\" \/>\n<meta name=\"twitter:card\" content=\"summary_large_image\" \/>\n<meta name=\"twitter:label1\" content=\"Gesch\u00e4tzte Lesezeit\" \/>\n\t<meta name=\"twitter:data1\" content=\"2\u00a0Minuten\" \/>\n<script type=\"application\/ld+json\" class=\"yoast-schema-graph\">{\"@context\":\"https:\\\/\\\/schema.org\",\"@graph\":[{\"@type\":\"WebPage\",\"@id\":\"https:\\\/\\\/beyondinfosys.com\\\/product\\\/fbx-t7e\\\/\",\"url\":\"https:\\\/\\\/beyondinfosys.com\\\/product\\\/fbx-t7e\\\/\",\"name\":\"FBX-T7E - Beyond Info Sys\",\"isPartOf\":{\"@id\":\"https:\\\/\\\/beyondinfosys.com\\\/#website\"},\"primaryImageOfPage\":{\"@id\":\"https:\\\/\\\/beyondinfosys.com\\\/product\\\/fbx-t7e\\\/#primaryimage\"},\"image\":{\"@id\":\"https:\\\/\\\/beyondinfosys.com\\\/product\\\/fbx-t7e\\\/#primaryimage\"},\"thumbnailUrl\":\"https:\\\/\\\/beyondinfosys.com\\\/wp-content\\\/uploads\\\/2025\\\/06\\\/1.webp\",\"datePublished\":\"2025-06-01T11:17:25+00:00\",\"dateModified\":\"2026-03-20T00:07:46+00:00\",\"breadcrumb\":{\"@id\":\"https:\\\/\\\/beyondinfosys.com\\\/product\\\/fbx-t7e\\\/#breadcrumb\"},\"inLanguage\":\"de\",\"potentialAction\":[{\"@type\":\"ReadAction\",\"target\":[\"https:\\\/\\\/beyondinfosys.com\\\/product\\\/fbx-t7e\\\/\"]}]},{\"@type\":\"ImageObject\",\"inLanguage\":\"de\",\"@id\":\"https:\\\/\\\/beyondinfosys.com\\\/product\\\/fbx-t7e\\\/#primaryimage\",\"url\":\"https:\\\/\\\/beyondinfosys.com\\\/wp-content\\\/uploads\\\/2025\\\/06\\\/1.webp\",\"contentUrl\":\"https:\\\/\\\/beyondinfosys.com\\\/wp-content\\\/uploads\\\/2025\\\/06\\\/1.webp\",\"width\":1000,\"height\":1000},{\"@type\":\"BreadcrumbList\",\"@id\":\"https:\\\/\\\/beyondinfosys.com\\\/product\\\/fbx-t7e\\\/#breadcrumb\",\"itemListElement\":[{\"@type\":\"ListItem\",\"position\":1,\"name\":\"Home\",\"item\":\"https:\\\/\\\/beyondinfosys.com\\\/\"},{\"@type\":\"ListItem\",\"position\":2,\"name\":\"\u5546\u5e97\",\"item\":\"https:\\\/\\\/beyondinfosys.com\\\/shop\\\/\"},{\"@type\":\"ListItem\",\"position\":3,\"name\":\"FBX-T7E\"}]},{\"@type\":\"WebSite\",\"@id\":\"https:\\\/\\\/beyondinfosys.com\\\/#website\",\"url\":\"https:\\\/\\\/beyondinfosys.com\\\/\",\"name\":\"Beyond Info Sys\",\"description\":\"\",\"publisher\":{\"@id\":\"https:\\\/\\\/beyondinfosys.com\\\/#organization\"},\"potentialAction\":[{\"@type\":\"SearchAction\",\"target\":{\"@type\":\"EntryPoint\",\"urlTemplate\":\"https:\\\/\\\/beyondinfosys.com\\\/?s={search_term_string}\"},\"query-input\":{\"@type\":\"PropertyValueSpecification\",\"valueRequired\":true,\"valueName\":\"search_term_string\"}}],\"inLanguage\":\"de\"},{\"@type\":\"Organization\",\"@id\":\"https:\\\/\\\/beyondinfosys.com\\\/#organization\",\"name\":\"Beyond Info Sys\",\"url\":\"https:\\\/\\\/beyondinfosys.com\\\/\",\"logo\":{\"@type\":\"ImageObject\",\"inLanguage\":\"de\",\"@id\":\"https:\\\/\\\/beyondinfosys.com\\\/#\\\/schema\\\/logo\\\/image\\\/\",\"url\":\"https:\\\/\\\/beyondinfosys.com\\\/wp-content\\\/uploads\\\/2025\\\/01\\\/LOGO-full.svg\",\"contentUrl\":\"https:\\\/\\\/beyondinfosys.com\\\/wp-content\\\/uploads\\\/2025\\\/01\\\/LOGO-full.svg\",\"width\":219,\"height\":83,\"caption\":\"Beyond Info Sys\"},\"image\":{\"@id\":\"https:\\\/\\\/beyondinfosys.com\\\/#\\\/schema\\\/logo\\\/image\\\/\"}}]}<\/script>\n<!-- \/ Yoast SEO Premium plugin. -->","yoast_head_json":{"title":"FBX-T7E - Jenseits von Info Sys","robots":{"index":"index","follow":"follow","max-snippet":"max-snippet:-1","max-image-preview":"max-image-preview:large","max-video-preview":"max-video-preview:-1"},"canonical":"https:\/\/beyondinfosys.com\/de\/product\/fbx-t7e\/","og_locale":"de_DE","og_type":"article","og_title":"FBX-T7E","og_description":"Key Features:  1. Intel 11th Gen. Tigerlake Core i5 1145G7E 2. Dual video output: VGA + DP 3. 3 x Gigabit LAN port 4. Power input: Either 110~240V AC or 9~36 V DC power input 5. Full IP67 6. OS: Win11Pro, Win11 IOT, Linux","og_url":"https:\/\/beyondinfosys.com\/de\/product\/fbx-t7e\/","og_site_name":"Beyond Info Sys","article_modified_time":"2026-03-20T00:07:46+00:00","og_image":[{"width":1000,"height":1000,"url":"https:\/\/beyondinfosys.com\/wp-content\/uploads\/2025\/06\/1.webp","type":"image\/webp"}],"twitter_card":"summary_large_image","twitter_misc":{"Gesch\u00e4tzte Lesezeit":"2\u00a0Minuten"},"schema":{"@context":"https:\/\/schema.org","@graph":[{"@type":"WebPage","@id":"https:\/\/beyondinfosys.com\/product\/fbx-t7e\/","url":"https:\/\/beyondinfosys.com\/product\/fbx-t7e\/","name":"FBX-T7E - Jenseits von Info Sys","isPartOf":{"@id":"https:\/\/beyondinfosys.com\/#website"},"primaryImageOfPage":{"@id":"https:\/\/beyondinfosys.com\/product\/fbx-t7e\/#primaryimage"},"image":{"@id":"https:\/\/beyondinfosys.com\/product\/fbx-t7e\/#primaryimage"},"thumbnailUrl":"https:\/\/beyondinfosys.com\/wp-content\/uploads\/2025\/06\/1.webp","datePublished":"2025-06-01T11:17:25+00:00","dateModified":"2026-03-20T00:07:46+00:00","breadcrumb":{"@id":"https:\/\/beyondinfosys.com\/product\/fbx-t7e\/#breadcrumb"},"inLanguage":"de","potentialAction":[{"@type":"ReadAction","target":["https:\/\/beyondinfosys.com\/product\/fbx-t7e\/"]}]},{"@type":"ImageObject","inLanguage":"de","@id":"https:\/\/beyondinfosys.com\/product\/fbx-t7e\/#primaryimage","url":"https:\/\/beyondinfosys.com\/wp-content\/uploads\/2025\/06\/1.webp","contentUrl":"https:\/\/beyondinfosys.com\/wp-content\/uploads\/2025\/06\/1.webp","width":1000,"height":1000},{"@type":"BreadcrumbList","@id":"https:\/\/beyondinfosys.com\/product\/fbx-t7e\/#breadcrumb","itemListElement":[{"@type":"ListItem","position":1,"name":"Home","item":"https:\/\/beyondinfosys.com\/"},{"@type":"ListItem","position":2,"name":"\u5546\u5e97","item":"https:\/\/beyondinfosys.com\/shop\/"},{"@type":"ListItem","position":3,"name":"FBX-T7E"}]},{"@type":"WebSite","@id":"https:\/\/beyondinfosys.com\/#website","url":"https:\/\/beyondinfosys.com\/","name":"Jenseits von Info Sys","description":"","publisher":{"@id":"https:\/\/beyondinfosys.com\/#organization"},"potentialAction":[{"@type":"SearchAction","target":{"@type":"EntryPoint","urlTemplate":"https:\/\/beyondinfosys.com\/?s={search_term_string}"},"query-input":{"@type":"PropertyValueSpecification","valueRequired":true,"valueName":"search_term_string"}}],"inLanguage":"de"},{"@type":"Organization","@id":"https:\/\/beyondinfosys.com\/#organization","name":"Jenseits von Info Sys","url":"https:\/\/beyondinfosys.com\/","logo":{"@type":"ImageObject","inLanguage":"de","@id":"https:\/\/beyondinfosys.com\/#\/schema\/logo\/image\/","url":"https:\/\/beyondinfosys.com\/wp-content\/uploads\/2025\/01\/LOGO-full.svg","contentUrl":"https:\/\/beyondinfosys.com\/wp-content\/uploads\/2025\/01\/LOGO-full.svg","width":219,"height":83,"caption":"Beyond Info Sys"},"image":{"@id":"https:\/\/beyondinfosys.com\/#\/schema\/logo\/image\/"}}]}},"_links":{"self":[{"href":"https:\/\/beyondinfosys.com\/de\/wp-json\/wp\/v2\/product\/3654","targetHints":{"allow":["GET"]}}],"collection":[{"href":"https:\/\/beyondinfosys.com\/de\/wp-json\/wp\/v2\/product"}],"about":[{"href":"https:\/\/beyondinfosys.com\/de\/wp-json\/wp\/v2\/types\/product"}],"wp:featuredmedia":[{"embeddable":true,"href":"https:\/\/beyondinfosys.com\/de\/wp-json\/wp\/v2\/media\/3803"}],"wp:attachment":[{"href":"https:\/\/beyondinfosys.com\/de\/wp-json\/wp\/v2\/media?parent=3654"}],"wp:term":[{"taxonomy":"product_brand","embeddable":true,"href":"https:\/\/beyondinfosys.com\/de\/wp-json\/wp\/v2\/product_brand?post=3654"},{"taxonomy":"product_cat","embeddable":true,"href":"https:\/\/beyondinfosys.com\/de\/wp-json\/wp\/v2\/product_cat?post=3654"},{"taxonomy":"product_tag","embeddable":true,"href":"https:\/\/beyondinfosys.com\/de\/wp-json\/wp\/v2\/product_tag?post=3654"}],"curies":[{"name":"wp","href":"https:\/\/api.w.org\/{rel}","templated":true}]}}