{"id":3658,"date":"2025-06-01T21:39:19","date_gmt":"2025-06-01T13:39:19","guid":{"rendered":"https:\/\/beyondinfosys.com\/?post_type=product&#038;p=3658"},"modified":"2026-03-20T08:22:40","modified_gmt":"2026-03-20T00:22:40","slug":"ai-ready-rugged-embedded-pc","status":"publish","type":"product","link":"https:\/\/beyondinfosys.com\/de\/product\/ai-ready-rugged-embedded-pc\/","title":{"rendered":"AI-kompatibler robuster Embedded-PC - RML-L67-NV"},"content":{"rendered":"<h2 data-start=\"192\" data-end=\"237\">KI-f\u00e4higer, robuster Embedded-PC mit Intel\u00ae Alder Lake und NVIDIA MXM GPU<\/h2>\n<p class=\"\" data-start=\"238\" data-end=\"342\">Dieser leistungsstarke eingebettete Industriecomputer wurde entwickelt, um die wachsenden Anforderungen von KI-gesteuerten Anwendungen in den Bereichen Fabrikautomation, Robotik, Smart Retail und Industrial IoT\/Industrie 4.0 zu erf\u00fcllen. Angetrieben vom Intel\u00ae Alder Lake Core i7-12700TE Prozessor der 12. Generation unterst\u00fctzt er eine hybride Architektur, die f\u00fcr Multitasking, Echtzeitsteuerung und KI-Workloads optimiert ist.<br \/>\nIntegriert mit leistungsstarken GPU-Optionen - NVIDIA MXM T1000 oder A2000 - liefert das System herausragende KI-Inferenz-, Bildverarbeitungs- und Multimedia-Computing-Leistung. Zwei HDMI-Ausg\u00e4nge erm\u00f6glichen die nahtlose Integration in Multi-Display-Konfigurationen, die f\u00fcr bildverarbeitungsbasierte Robotik, Inspektionssysteme oder interaktive Einzelhandelsschnittstellen unerl\u00e4sslich sind.<br \/>\nDank der Schutzart IP67 ist das Ger\u00e4t vollst\u00e4ndig gegen das Eindringen von Staub und Wasser abgedichtet und eignet sich somit f\u00fcr raue Industrieumgebungen. Der breite isolative 9~36V Gleichstromeingang sorgt f\u00fcr eine stabile Stromversorgung unter schwankenden Fabrikbedingungen, w\u00e4hrend die Milit\u00e4rzertifizierungen MIL-STD-810G und MIL-STD-461F (CE102, RE102) seine Widerstandsf\u00e4higkeit gegen\u00fcber Vibrationen, St\u00f6\u00dfen und elektromagnetischen St\u00f6rungen best\u00e4tigen.<br \/>\nEin herausnehmbarer 2,5\u2033-SSD-Steckplatz erm\u00f6glicht einen einfachen Datenzugriff und eine einfache Wartung und erh\u00f6ht die Flexibilit\u00e4t des Systems f\u00fcr die Erfassung und Speicherung von Randdaten.<\/p>\n<h4 data-start=\"238\" data-end=\"342\">Wesentliche Merkmale<\/h4>\n<ul>\n<li data-start=\"238\" data-end=\"342\">Intel\u00ae 12. Generation Alder Lake Core i7-12700TE Prozessor<\/li>\n<li data-start=\"238\" data-end=\"342\">Eingebaute GPU-Optionen: NVIDIA MXM T1000 oder A2000<\/li>\n<li data-start=\"238\" data-end=\"342\">Dualer HDMI-Ausgang f\u00fcr die Integration mehrerer Bildschirme oder AI Vision<\/li>\n<li data-start=\"238\" data-end=\"342\">9~36V isolierter DC-Eingang f\u00fcr industrielle Leistungsstabilit\u00e4t<\/li>\n<li data-start=\"238\" data-end=\"342\">Vollst\u00e4ndig IP67-zertifiziertes, robustes Design f\u00fcr wasser- und staubdichten Schutz<\/li>\n<li data-start=\"238\" data-end=\"342\">MIL-STD-810G und MIL-STD-461F (CE102, RE102) zertifiziert f\u00fcr Schock-, Vibrations- und EMI-Best\u00e4ndigkeit<\/li>\n<li data-start=\"238\" data-end=\"342\">Herausnehmbarer 2,5\u2033-SSD-Steckplatz f\u00fcr einfachen Speicherzugriff<\/li>\n<\/ul>\n<h4>Vorteile<\/h4>\n<ul>\n<li>Ideal f\u00fcr AI Edge Computing in anspruchsvollen industriellen Umgebungen<\/li>\n<li>Unterst\u00fctzt Echtzeit-Datenverarbeitung, Vision Computing und Deep Learning<\/li>\n<li>Die robuste Konstruktion erm\u00f6glicht die Installation in rauen Umgebungen, im Freien oder in der Waschanlage<\/li>\n<li>Hohe Flexibilit\u00e4t f\u00fcr Automatisierung, Einzelhandelsanalytik und intelligente Robotik<\/li>\n<li>Einfache Systemwartung durch SSD mit Front-Zugriff und industrietaugliche E\/A<\/li>\n<\/ul>\n<h4 class=\"\" data-start=\"1723\" data-end=\"1747\">Ideal f\u00fcr<\/h4>\n<ul>\n<li data-start=\"1750\" data-end=\"1796\">Fabrikautomatisierung und intelligentes maschinelles Sehen<\/li>\n<li data-start=\"1750\" data-end=\"1796\">Robotik und autonome mobile Systeme (AMRs\/AGVs)<\/li>\n<li data-start=\"1750\" data-end=\"1796\">Intelligente Einzelhandelsanalytik und interaktive Displays<\/li>\n<li data-start=\"1750\" data-end=\"1796\">Edge AI in industriellen IoT- (IIoT) und Industrie 4.0-L\u00f6sungen<\/li>\n<li data-start=\"1750\" data-end=\"1796\">KI-Eins\u00e4tze in rauen Umgebungen mit robuster Compliance<\/li>\n<\/ul>\n<p><img fetchpriority=\"high\" decoding=\"async\" class=\"alignnone wp-image-3880 size-full\" src=\"https:\/\/beyondinfosys.com\/wp-content\/uploads\/2025\/06\/RML-L67-NV04-1.webp\" alt=\"\" width=\"1024\" height=\"512\" srcset=\"https:\/\/beyondinfosys.com\/wp-content\/uploads\/2025\/06\/RML-L67-NV04-1.webp 1024w, https:\/\/beyondinfosys.com\/wp-content\/uploads\/2025\/06\/RML-L67-NV04-1-300x150.webp 300w, https:\/\/beyondinfosys.com\/wp-content\/uploads\/2025\/06\/RML-L67-NV04-1-768x384.webp 768w, https:\/\/beyondinfosys.com\/wp-content\/uploads\/2025\/06\/RML-L67-NV04-1-600x300.webp 600w\" sizes=\"(max-width: 1024px) 100vw, 1024px\" \/> <img decoding=\"async\" class=\"alignnone wp-image-3881 size-full\" src=\"https:\/\/beyondinfosys.com\/wp-content\/uploads\/2025\/06\/RML-L67-NV05-1.webp\" alt=\"\" width=\"1024\" height=\"512\" srcset=\"https:\/\/beyondinfosys.com\/wp-content\/uploads\/2025\/06\/RML-L67-NV05-1.webp 1024w, https:\/\/beyondinfosys.com\/wp-content\/uploads\/2025\/06\/RML-L67-NV05-1-300x150.webp 300w, https:\/\/beyondinfosys.com\/wp-content\/uploads\/2025\/06\/RML-L67-NV05-1-768x384.webp 768w, https:\/\/beyondinfosys.com\/wp-content\/uploads\/2025\/06\/RML-L67-NV05-1-600x300.webp 600w\" sizes=\"(max-width: 1024px) 100vw, 1024px\" \/> <img decoding=\"async\" class=\"alignnone wp-image-3882 size-full\" src=\"https:\/\/beyondinfosys.com\/wp-content\/uploads\/2025\/06\/RML-L67-NV06-1.webp\" alt=\"\" width=\"1024\" height=\"512\" srcset=\"https:\/\/beyondinfosys.com\/wp-content\/uploads\/2025\/06\/RML-L67-NV06-1.webp 1024w, https:\/\/beyondinfosys.com\/wp-content\/uploads\/2025\/06\/RML-L67-NV06-1-300x150.webp 300w, https:\/\/beyondinfosys.com\/wp-content\/uploads\/2025\/06\/RML-L67-NV06-1-768x384.webp 768w, https:\/\/beyondinfosys.com\/wp-content\/uploads\/2025\/06\/RML-L67-NV06-1-600x300.webp 600w\" sizes=\"(max-width: 1024px) 100vw, 1024px\" \/><\/p>\n<h2 style=\"text-align: center;\">Anwendungen<\/h2>\n<p><a href=\"\/de\/industrielle-automatisierungslosung\/\"><img loading=\"lazy\" decoding=\"async\" class=\"alignnone wp-image-2250 size-medium\" src=\"https:\/\/beyondinfosys.com\/wp-content\/uploads\/2025\/03\/industrial-automation-1-300x185.webp\" alt=\"\" width=\"300\" height=\"185\" srcset=\"https:\/\/beyondinfosys.com\/wp-content\/uploads\/2025\/03\/industrial-automation-1-300x185.webp 300w, https:\/\/beyondinfosys.com\/wp-content\/uploads\/2025\/03\/industrial-automation-1.webp 400w\" sizes=\"(max-width: 300px) 100vw, 300px\" \/><\/a><a href=\"\/de\/militar\/\"><img loading=\"lazy\" decoding=\"async\" class=\"alignnone wp-image-3656 size-medium\" src=\"https:\/\/beyondinfosys.com\/wp-content\/uploads\/2025\/06\/solutions-007-300x185.webp\" alt=\"\" width=\"300\" height=\"185\" srcset=\"https:\/\/beyondinfosys.com\/wp-content\/uploads\/2025\/06\/solutions-007-300x185.webp 300w, https:\/\/beyondinfosys.com\/wp-content\/uploads\/2025\/06\/solutions-007.webp 400w\" sizes=\"(max-width: 300px) 100vw, 300px\" \/><\/a><a href=\"\/de\/ki-losungen\/\"><img loading=\"lazy\" decoding=\"async\" class=\"alignnone wp-image-2249 size-medium\" src=\"https:\/\/beyondinfosys.com\/wp-content\/uploads\/2025\/03\/solutions-003-300x185.webp\" alt=\"\" width=\"300\" height=\"185\" srcset=\"https:\/\/beyondinfosys.com\/wp-content\/uploads\/2025\/03\/solutions-003-300x185.webp 300w, https:\/\/beyondinfosys.com\/wp-content\/uploads\/2025\/03\/solutions-003.webp 400w\" sizes=\"(max-width: 300px) 100vw, 300px\" \/><\/a><\/p>","protected":false},"excerpt":{"rendered":"<p><strong>Wesentliche Merkmale:<\/strong><\/p>\n<p>1. Intel 12. Generation Alder Lake Core i7 12700TE<br \/>\n2. GRAFIKPROZESSOR: NVIDIA MXM T1000 \/ A2000 eingebaut<br \/>\n3. Dualer Videoausgang: Dualer HDMI-Ausgang<br \/>\n4. Stromeingang: 9~36V Isolativer DC-Stromeingang<br \/>\n5. Vollst\u00e4ndig IP67<br \/>\n6. MIL-STD-810G Vibration \/ Schock<br \/>\n7. MIL-STD-461F CE102, RE102<br \/>\n8. Herausnehmbarer Steckplatz: 1 x 2,5\u2033 SSD-Wechselsteckplatz<\/p>\n<p><img loading=\"lazy\" decoding=\"async\" class=\"alignnone size-full wp-image-2235\" src=\"https:\/\/beyondinfosys.com\/wp-content\/uploads\/2025\/03\/WIDE-VOLTAGE-1.webp\" alt=\"\" width=\"45\" height=\"45\" \/><img loading=\"lazy\" decoding=\"async\" class=\"alignnone size-full wp-image-2221\" src=\"https:\/\/beyondinfosys.com\/wp-content\/uploads\/2025\/03\/461-1.webp\" alt=\"\" width=\"45\" height=\"45\" \/> <img loading=\"lazy\" decoding=\"async\" class=\"alignnone size-full wp-image-2222\" src=\"https:\/\/beyondinfosys.com\/wp-content\/uploads\/2025\/03\/810-1.webp\" alt=\"\" width=\"45\" height=\"45\" \/><\/p>","protected":false},"featured_media":3811,"template":"","meta":{"site-sidebar-layout":"default","site-content-layout":"","ast-site-content-layout":"default","site-content-style":"default","site-sidebar-style":"default","ast-global-header-display":"","ast-banner-title-visibility":"","ast-main-header-display":"","ast-hfb-above-header-display":"","ast-hfb-below-header-display":"","ast-hfb-mobile-header-display":"","site-post-title":"","ast-breadcrumbs-content":"","ast-featured-img":"","footer-sml-layout":"","ast-disable-related-posts":"","theme-transparent-header-meta":"default","adv-header-id-meta":"","stick-header-meta":"default","header-above-stick-meta":"","header-main-stick-meta":"","header-below-stick-meta":"","astra-migrate-meta-layouts":"set","ast-page-background-enabled":"default","ast-page-background-meta":{"desktop":{"background-color":"","background-image":"","background-repeat":"repeat","background-position":"center center","background-size":"auto","background-attachment":"scroll","background-type":"","background-media":"","overlay-type":"","overlay-color":"","overlay-opacity":"","overlay-gradient":""},"tablet":{"background-color":"","background-image":"","background-repeat":"repeat","background-position":"center center","background-size":"auto","background-attachment":"scroll","background-type":"","background-media":"","overlay-type":"","overlay-color":"","overlay-opacity":"","overlay-gradient":""},"mobile":{"background-color":"","background-image":"","background-repeat":"repeat","background-position":"center center","background-size":"auto","background-attachment":"scroll","background-type":"","background-media":"","overlay-type":"","overlay-color":"","overlay-opacity":"","overlay-gradient":""}},"ast-content-background-meta":{"desktop":{"background-color":"var(--ast-global-color-5)","background-image":"","background-repeat":"repeat","background-position":"center center","background-size":"auto","background-attachment":"scroll","background-type":"","background-media":"","overlay-type":"","overlay-color":"","overlay-opacity":"","overlay-gradient":""},"tablet":{"background-color":"var(--ast-global-color-5)","background-image":"","background-repeat":"repeat","background-position":"center center","background-size":"auto","background-attachment":"scroll","background-type":"","background-media":"","overlay-type":"","overlay-color":"","overlay-opacity":"","overlay-gradient":""},"mobile":{"background-color":"var(--ast-global-color-5)","background-image":"","background-repeat":"repeat","background-position":"center center","background-size":"auto","background-attachment":"scroll","background-type":"","background-media":"","overlay-type":"","overlay-color":"","overlay-opacity":"","overlay-gradient":""}}},"product_brand":[],"product_cat":[39],"product_tag":[],"class_list":{"0":"post-3658","1":"product","2":"type-product","3":"status-publish","4":"has-post-thumbnail","6":"product_cat-military-grade-embedded-box-pc","7":"desktop-align-left","8":"tablet-align-left","9":"mobile-align-left","10":"ast-product-gallery-layout-horizontal-slider","11":"ast-product-tabs-layout-horizontal","13":"first","14":"instock","15":"shipping-taxable","16":"purchasable","17":"product-type-simple"},"yoast_head":"<!-- This site is optimized with the Yoast SEO Premium plugin v24.0 (Yoast SEO v27.4) - https:\/\/yoast.com\/product\/yoast-seo-premium-wordpress\/ -->\n<title>AI Ready Rugged Embedded PC- RML\u2011L67\u2011NV - Beyond Info Sys<\/title>\n<meta name=\"description\" content=\"Deploy rugged AI PCs with NVIDIA MXM GPU for industrial edge AI applications.Deploy powerful rugged PC with IP67 rating, ideal for industrial integrators.\" \/>\n<meta name=\"robots\" content=\"index, follow, max-snippet:-1, max-image-preview:large, max-video-preview:-1\" \/>\n<link rel=\"canonical\" href=\"https:\/\/beyondinfosys.com\/de\/product\/ai-ready-rugged-embedded-pc\/\" \/>\n<meta property=\"og:locale\" content=\"de_DE\" \/>\n<meta property=\"og:type\" content=\"article\" \/>\n<meta property=\"og:title\" content=\"AI Ready Rugged Embedded PC- RML\u2011L67\u2011NV\" \/>\n<meta property=\"og:description\" content=\"Deploy rugged AI PCs with NVIDIA MXM GPU for industrial edge AI applications.Deploy powerful rugged PC with IP67 rating, ideal for industrial integrators.\" \/>\n<meta property=\"og:url\" content=\"https:\/\/beyondinfosys.com\/de\/product\/ai-ready-rugged-embedded-pc\/\" \/>\n<meta property=\"og:site_name\" content=\"Beyond Info Sys\" \/>\n<meta property=\"article:modified_time\" content=\"2026-03-20T00:22:40+00:00\" \/>\n<meta property=\"og:image\" content=\"https:\/\/beyondinfosys.com\/wp-content\/uploads\/2025\/06\/RML-L67-NV-3.webp\" \/>\n\t<meta property=\"og:image:width\" content=\"1024\" \/>\n\t<meta property=\"og:image:height\" content=\"1024\" \/>\n\t<meta property=\"og:image:type\" content=\"image\/webp\" \/>\n<meta name=\"twitter:card\" content=\"summary_large_image\" \/>\n<meta name=\"twitter:label1\" content=\"Gesch\u00e4tzte Lesezeit\" \/>\n\t<meta name=\"twitter:data1\" content=\"3\u00a0Minuten\" \/>\n<script type=\"application\/ld+json\" class=\"yoast-schema-graph\">{\"@context\":\"https:\\\/\\\/schema.org\",\"@graph\":[{\"@type\":\"WebPage\",\"@id\":\"https:\\\/\\\/beyondinfosys.com\\\/product\\\/ai-ready-rugged-embedded-pc\\\/\",\"url\":\"https:\\\/\\\/beyondinfosys.com\\\/product\\\/ai-ready-rugged-embedded-pc\\\/\",\"name\":\"AI Ready Rugged Embedded PC- RML\u2011L67\u2011NV - Beyond Info Sys\",\"isPartOf\":{\"@id\":\"https:\\\/\\\/beyondinfosys.com\\\/#website\"},\"primaryImageOfPage\":{\"@id\":\"https:\\\/\\\/beyondinfosys.com\\\/product\\\/ai-ready-rugged-embedded-pc\\\/#primaryimage\"},\"image\":{\"@id\":\"https:\\\/\\\/beyondinfosys.com\\\/product\\\/ai-ready-rugged-embedded-pc\\\/#primaryimage\"},\"thumbnailUrl\":\"https:\\\/\\\/beyondinfosys.com\\\/wp-content\\\/uploads\\\/2025\\\/06\\\/RML-L67-NV-3.webp\",\"datePublished\":\"2025-06-01T13:39:19+00:00\",\"dateModified\":\"2026-03-20T00:22:40+00:00\",\"description\":\"Deploy rugged AI PCs with NVIDIA MXM GPU for industrial edge AI applications.Deploy powerful rugged PC with IP67 rating, ideal for industrial integrators.\",\"breadcrumb\":{\"@id\":\"https:\\\/\\\/beyondinfosys.com\\\/product\\\/ai-ready-rugged-embedded-pc\\\/#breadcrumb\"},\"inLanguage\":\"de\",\"potentialAction\":[{\"@type\":\"ReadAction\",\"target\":[\"https:\\\/\\\/beyondinfosys.com\\\/product\\\/ai-ready-rugged-embedded-pc\\\/\"]}]},{\"@type\":\"ImageObject\",\"inLanguage\":\"de\",\"@id\":\"https:\\\/\\\/beyondinfosys.com\\\/product\\\/ai-ready-rugged-embedded-pc\\\/#primaryimage\",\"url\":\"https:\\\/\\\/beyondinfosys.com\\\/wp-content\\\/uploads\\\/2025\\\/06\\\/RML-L67-NV-3.webp\",\"contentUrl\":\"https:\\\/\\\/beyondinfosys.com\\\/wp-content\\\/uploads\\\/2025\\\/06\\\/RML-L67-NV-3.webp\",\"width\":1024,\"height\":1024},{\"@type\":\"BreadcrumbList\",\"@id\":\"https:\\\/\\\/beyondinfosys.com\\\/product\\\/ai-ready-rugged-embedded-pc\\\/#breadcrumb\",\"itemListElement\":[{\"@type\":\"ListItem\",\"position\":1,\"name\":\"Home\",\"item\":\"https:\\\/\\\/beyondinfosys.com\\\/\"},{\"@type\":\"ListItem\",\"position\":2,\"name\":\"\u5546\u5e97\",\"item\":\"https:\\\/\\\/beyondinfosys.com\\\/shop\\\/\"},{\"@type\":\"ListItem\",\"position\":3,\"name\":\"AI Ready Rugged Embedded PC- RML\u2011L67\u2011NV\"}]},{\"@type\":\"WebSite\",\"@id\":\"https:\\\/\\\/beyondinfosys.com\\\/#website\",\"url\":\"https:\\\/\\\/beyondinfosys.com\\\/\",\"name\":\"Beyond Info Sys\",\"description\":\"\",\"publisher\":{\"@id\":\"https:\\\/\\\/beyondinfosys.com\\\/#organization\"},\"potentialAction\":[{\"@type\":\"SearchAction\",\"target\":{\"@type\":\"EntryPoint\",\"urlTemplate\":\"https:\\\/\\\/beyondinfosys.com\\\/?s={search_term_string}\"},\"query-input\":{\"@type\":\"PropertyValueSpecification\",\"valueRequired\":true,\"valueName\":\"search_term_string\"}}],\"inLanguage\":\"de\"},{\"@type\":\"Organization\",\"@id\":\"https:\\\/\\\/beyondinfosys.com\\\/#organization\",\"name\":\"Beyond Info Sys\",\"url\":\"https:\\\/\\\/beyondinfosys.com\\\/\",\"logo\":{\"@type\":\"ImageObject\",\"inLanguage\":\"de\",\"@id\":\"https:\\\/\\\/beyondinfosys.com\\\/#\\\/schema\\\/logo\\\/image\\\/\",\"url\":\"https:\\\/\\\/beyondinfosys.com\\\/wp-content\\\/uploads\\\/2025\\\/01\\\/LOGO-full.svg\",\"contentUrl\":\"https:\\\/\\\/beyondinfosys.com\\\/wp-content\\\/uploads\\\/2025\\\/01\\\/LOGO-full.svg\",\"width\":219,\"height\":83,\"caption\":\"Beyond Info Sys\"},\"image\":{\"@id\":\"https:\\\/\\\/beyondinfosys.com\\\/#\\\/schema\\\/logo\\\/image\\\/\"}}]}<\/script>\n<!-- \/ Yoast SEO Premium plugin. -->","yoast_head_json":{"title":"KI-f\u00e4higer, robuster Embedded-PC - RML-L67-NV - Beyond Info Sys","description":"Einsatz von robusten KI-PCs mit NVIDIA MXM-GPU f\u00fcr industrielle Edge-KI-Anwendungen. Leistungsstarker, robuster PC mit Schutzart IP67, ideal f\u00fcr industrielle Integratoren.","robots":{"index":"index","follow":"follow","max-snippet":"max-snippet:-1","max-image-preview":"max-image-preview:large","max-video-preview":"max-video-preview:-1"},"canonical":"https:\/\/beyondinfosys.com\/de\/product\/ai-ready-rugged-embedded-pc\/","og_locale":"de_DE","og_type":"article","og_title":"AI Ready Rugged Embedded PC- RML\u2011L67\u2011NV","og_description":"Deploy rugged AI PCs with NVIDIA MXM GPU for industrial edge AI applications.Deploy powerful rugged PC with IP67 rating, ideal for industrial integrators.","og_url":"https:\/\/beyondinfosys.com\/de\/product\/ai-ready-rugged-embedded-pc\/","og_site_name":"Beyond Info Sys","article_modified_time":"2026-03-20T00:22:40+00:00","og_image":[{"width":1024,"height":1024,"url":"https:\/\/beyondinfosys.com\/wp-content\/uploads\/2025\/06\/RML-L67-NV-3.webp","type":"image\/webp"}],"twitter_card":"summary_large_image","twitter_misc":{"Gesch\u00e4tzte Lesezeit":"3\u00a0Minuten"},"schema":{"@context":"https:\/\/schema.org","@graph":[{"@type":"WebPage","@id":"https:\/\/beyondinfosys.com\/product\/ai-ready-rugged-embedded-pc\/","url":"https:\/\/beyondinfosys.com\/product\/ai-ready-rugged-embedded-pc\/","name":"KI-f\u00e4higer, robuster Embedded-PC - RML-L67-NV - Beyond Info Sys","isPartOf":{"@id":"https:\/\/beyondinfosys.com\/#website"},"primaryImageOfPage":{"@id":"https:\/\/beyondinfosys.com\/product\/ai-ready-rugged-embedded-pc\/#primaryimage"},"image":{"@id":"https:\/\/beyondinfosys.com\/product\/ai-ready-rugged-embedded-pc\/#primaryimage"},"thumbnailUrl":"https:\/\/beyondinfosys.com\/wp-content\/uploads\/2025\/06\/RML-L67-NV-3.webp","datePublished":"2025-06-01T13:39:19+00:00","dateModified":"2026-03-20T00:22:40+00:00","description":"Einsatz von robusten KI-PCs mit NVIDIA MXM-GPU f\u00fcr industrielle Edge-KI-Anwendungen. Leistungsstarker, robuster PC mit Schutzart IP67, ideal f\u00fcr industrielle Integratoren.","breadcrumb":{"@id":"https:\/\/beyondinfosys.com\/product\/ai-ready-rugged-embedded-pc\/#breadcrumb"},"inLanguage":"de","potentialAction":[{"@type":"ReadAction","target":["https:\/\/beyondinfosys.com\/product\/ai-ready-rugged-embedded-pc\/"]}]},{"@type":"ImageObject","inLanguage":"de","@id":"https:\/\/beyondinfosys.com\/product\/ai-ready-rugged-embedded-pc\/#primaryimage","url":"https:\/\/beyondinfosys.com\/wp-content\/uploads\/2025\/06\/RML-L67-NV-3.webp","contentUrl":"https:\/\/beyondinfosys.com\/wp-content\/uploads\/2025\/06\/RML-L67-NV-3.webp","width":1024,"height":1024},{"@type":"BreadcrumbList","@id":"https:\/\/beyondinfosys.com\/product\/ai-ready-rugged-embedded-pc\/#breadcrumb","itemListElement":[{"@type":"ListItem","position":1,"name":"Home","item":"https:\/\/beyondinfosys.com\/"},{"@type":"ListItem","position":2,"name":"\u5546\u5e97","item":"https:\/\/beyondinfosys.com\/shop\/"},{"@type":"ListItem","position":3,"name":"AI Ready Rugged Embedded PC- RML\u2011L67\u2011NV"}]},{"@type":"WebSite","@id":"https:\/\/beyondinfosys.com\/#website","url":"https:\/\/beyondinfosys.com\/","name":"Jenseits von Info Sys","description":"","publisher":{"@id":"https:\/\/beyondinfosys.com\/#organization"},"potentialAction":[{"@type":"SearchAction","target":{"@type":"EntryPoint","urlTemplate":"https:\/\/beyondinfosys.com\/?s={search_term_string}"},"query-input":{"@type":"PropertyValueSpecification","valueRequired":true,"valueName":"search_term_string"}}],"inLanguage":"de"},{"@type":"Organization","@id":"https:\/\/beyondinfosys.com\/#organization","name":"Jenseits von Info Sys","url":"https:\/\/beyondinfosys.com\/","logo":{"@type":"ImageObject","inLanguage":"de","@id":"https:\/\/beyondinfosys.com\/#\/schema\/logo\/image\/","url":"https:\/\/beyondinfosys.com\/wp-content\/uploads\/2025\/01\/LOGO-full.svg","contentUrl":"https:\/\/beyondinfosys.com\/wp-content\/uploads\/2025\/01\/LOGO-full.svg","width":219,"height":83,"caption":"Beyond Info Sys"},"image":{"@id":"https:\/\/beyondinfosys.com\/#\/schema\/logo\/image\/"}}]}},"_links":{"self":[{"href":"https:\/\/beyondinfosys.com\/de\/wp-json\/wp\/v2\/product\/3658","targetHints":{"allow":["GET"]}}],"collection":[{"href":"https:\/\/beyondinfosys.com\/de\/wp-json\/wp\/v2\/product"}],"about":[{"href":"https:\/\/beyondinfosys.com\/de\/wp-json\/wp\/v2\/types\/product"}],"wp:featuredmedia":[{"embeddable":true,"href":"https:\/\/beyondinfosys.com\/de\/wp-json\/wp\/v2\/media\/3811"}],"wp:attachment":[{"href":"https:\/\/beyondinfosys.com\/de\/wp-json\/wp\/v2\/media?parent=3658"}],"wp:term":[{"taxonomy":"product_brand","embeddable":true,"href":"https:\/\/beyondinfosys.com\/de\/wp-json\/wp\/v2\/product_brand?post=3658"},{"taxonomy":"product_cat","embeddable":true,"href":"https:\/\/beyondinfosys.com\/de\/wp-json\/wp\/v2\/product_cat?post=3658"},{"taxonomy":"product_tag","embeddable":true,"href":"https:\/\/beyondinfosys.com\/de\/wp-json\/wp\/v2\/product_tag?post=3658"}],"curies":[{"name":"wp","href":"https:\/\/api.w.org\/{rel}","templated":true}]}}