{"id":3661,"date":"2025-06-02T14:16:41","date_gmt":"2025-06-02T06:16:41","guid":{"rendered":"https:\/\/beyondinfosys.com\/?post_type=product&#038;p=3661"},"modified":"2026-03-20T08:37:26","modified_gmt":"2026-03-20T00:37:26","slug":"rml-12rk","status":"publish","type":"product","link":"https:\/\/beyondinfosys.com\/de\/product\/rml-12rk\/","title":{"rendered":"RML-12RK"},"content":{"rendered":"<h2 data-start=\"192\" data-end=\"237\">Robustes Touch-All-in-One-Panel-PC-System f\u00fcr Armee- und Milit\u00e4rfahrzeuganwendungen<\/h2>\n<p class=\"\" data-start=\"238\" data-end=\"342\">Dieses robuste Embedded-System wurde f\u00fcr die Anforderungen taktischer Fahrzeug- und Feldeins\u00e4tze entwickelt und wird von einem Intel\u00ae Kaby Lake Core i5-7200U \/ 7300U-Prozessor der 7. Generation angetrieben, der zuverl\u00e4ssige Leistung und geringen Stromverbrauch f\u00fcr einsatzkritische milit\u00e4rische Computeraufgaben wie Datenmanagement auf dem Schlachtfeld, Navigation und Fahrzeugdiagnose bietet.<br \/>\nMit einem isolierten Gleichstromeingang f\u00fcr einen weiten Bereich von 18 bis 36 V gew\u00e4hrleistet das System einen sicheren und stabilen Betrieb in verschiedenen Fahrzeugumgebungen. Das vollst\u00e4ndig IP67-zertifizierte Geh\u00e4use bietet vollst\u00e4ndigen Schutz vor Staub, Wassereintritt und Umwelteinfl\u00fcssen und eignet sich daher f\u00fcr den Einsatz im Freien und bei hohen Risiken. Das Design mit VESA-Montage erm\u00f6glicht eine vielseitige und platzsparende Installation in gepanzerten Fahrzeugen, Kommandozentralen und Kontrollschnittstellen.<br \/>\nZertifiziert nach MIL-STD-810G f\u00fcr Schock- und Vibrationsfestigkeit und MIL-STD-461F (CE102, RE102) f\u00fcr die Einhaltung elektromagnetischer Interferenzen, garantiert dieses System ununterbrochene Leistung in vibrationsintensiven, EMI-anf\u00e4lligen Milit\u00e4rumgebungen.<\/p>\n<h4 data-start=\"238\" data-end=\"342\">Wesentliche Merkmale<\/h4>\n<ul>\n<li data-start=\"238\" data-end=\"342\">Intel\u00ae 7th Gen Kaby Lake Core i5-7200U \/ 7300U Prozessor<\/li>\n<li data-start=\"238\" data-end=\"342\">18~36V isolierter DC-Stromeingang f\u00fcr den robusten Einsatz vor Ort<\/li>\n<li data-start=\"238\" data-end=\"342\">Vollst\u00e4ndig IP67-zertifiziertes Geh\u00e4use f\u00fcr wasser- und staubdichten Schutz<\/li>\n<li data-start=\"238\" data-end=\"342\">VESA-Montagekompatibilit\u00e4t f\u00fcr flexible Systemintegration<\/li>\n<li data-start=\"238\" data-end=\"342\">MIL-STD-810G-zertifiziert f\u00fcr Vibrations- und Sto\u00dffestigkeit<\/li>\n<li data-start=\"238\" data-end=\"342\">MIL-STD-461F (CE102, RE102) zertifiziert f\u00fcr EMI-Schutz<\/li>\n<\/ul>\n<h4>Vorteile<\/h4>\n<ul>\n<li>Stabile Leistung unter rauen Bedingungen f\u00fcr Milit\u00e4rfahrzeuge<\/li>\n<li>Vollst\u00e4ndig versiegeltes Design, ideal f\u00fcr den Au\u00dfenbereich und mobile Anwendungen<\/li>\n<li>Stromsparender, l\u00fcfterloser Betrieb, geeignet f\u00fcr eingebettete Verteidigungssysteme<\/li>\n<li>Zertifizierte Langlebigkeit f\u00fcr den Einsatz in Kampf-, Transport- oder \u00dcberwachungsmissionen<\/li>\n<li>Einfache Installation bei beengten Platzverh\u00e4ltnissen mit VESA-Montageunterst\u00fctzung<\/li>\n<\/ul>\n<h4 class=\"\" data-start=\"1723\" data-end=\"1747\">Ideal f\u00fcr<\/h4>\n<ul>\n<li data-start=\"1750\" data-end=\"1796\">Gepanzerte Fahrzeuge und taktische Transportplattformen<\/li>\n<li data-start=\"1750\" data-end=\"1796\">Mobile Kommandosysteme f\u00fcr die einsatzkritische Koordination vor Ort<\/li>\n<li data-start=\"1750\" data-end=\"1796\">\u00dcberwachungs- und Kontrollterminals f\u00fcr das Schlachtfeld<\/li>\n<li data-start=\"1750\" data-end=\"1796\">Milit\u00e4rische Kommunikations- und Datenerfassungsger\u00e4te<\/li>\n<li data-start=\"1750\" data-end=\"1796\">Bordsysteme f\u00fcr unbemannte Fahrzeuge oder Aufkl\u00e4rungsfahrzeuge<\/li>\n<\/ul>\n<p><img fetchpriority=\"high\" decoding=\"async\" class=\"alignnone wp-image-3956 size-full\" src=\"https:\/\/beyondinfosys.com\/wp-content\/uploads\/2025\/06\/\u7522\u54c1\u9801\u5716-\u62f7\u8c9d-19.webp\" alt=\"\" width=\"1024\" height=\"1296\" srcset=\"https:\/\/beyondinfosys.com\/wp-content\/uploads\/2025\/06\/\u7522\u54c1\u9801\u5716-\u62f7\u8c9d-19.webp 1024w, https:\/\/beyondinfosys.com\/wp-content\/uploads\/2025\/06\/\u7522\u54c1\u9801\u5716-\u62f7\u8c9d-19-237x300.webp 237w, https:\/\/beyondinfosys.com\/wp-content\/uploads\/2025\/06\/\u7522\u54c1\u9801\u5716-\u62f7\u8c9d-19-809x1024.webp 809w, https:\/\/beyondinfosys.com\/wp-content\/uploads\/2025\/06\/\u7522\u54c1\u9801\u5716-\u62f7\u8c9d-19-768x972.webp 768w, https:\/\/beyondinfosys.com\/wp-content\/uploads\/2025\/06\/\u7522\u54c1\u9801\u5716-\u62f7\u8c9d-19-600x759.webp 600w\" sizes=\"(max-width: 1024px) 100vw, 1024px\" \/><\/p>\n<h2 style=\"text-align: center;\">Anwendungen<\/h2>\n<p><a href=\"\/de\/militar\/\"><img decoding=\"async\" class=\"alignnone wp-image-3656 size-medium\" src=\"https:\/\/beyondinfosys.com\/wp-content\/uploads\/2025\/06\/solutions-007-300x185.webp\" alt=\"\" width=\"300\" height=\"185\" srcset=\"https:\/\/beyondinfosys.com\/wp-content\/uploads\/2025\/06\/solutions-007-300x185.webp 300w, https:\/\/beyondinfosys.com\/wp-content\/uploads\/2025\/06\/solutions-007.webp 400w\" sizes=\"(max-width: 300px) 100vw, 300px\" \/><\/a><\/p>","protected":false},"excerpt":{"rendered":"<p><strong>Wesentliche Merkmale:<\/strong><\/p>\n<p>1. Intel 7th Gen. Kaby Lake Core i5 7200U\/7300U<br \/>\n2. Leistung 18~36V Isolativer DC-Stromeingang<br \/>\n3. Vollst\u00e4ndig IP67, VESA-Montage<br \/>\n4. MIL-STD-810G Vibration \/ Schock<br \/>\n5. MIL-STD-461F CE102, RE102<\/p>\n<p><img decoding=\"async\" class=\"alignnone size-full wp-image-2221\" src=\"https:\/\/beyondinfosys.com\/wp-content\/uploads\/2025\/03\/461-1.webp\" alt=\"\" width=\"45\" height=\"45\" \/> <img loading=\"lazy\" decoding=\"async\" class=\"alignnone size-full wp-image-2222\" src=\"https:\/\/beyondinfosys.com\/wp-content\/uploads\/2025\/03\/810-1.webp\" alt=\"\" width=\"45\" height=\"45\" \/><\/p>","protected":false},"featured_media":3834,"template":"","meta":{"site-sidebar-layout":"default","site-content-layout":"","ast-site-content-layout":"default","site-content-style":"default","site-sidebar-style":"default","ast-global-header-display":"","ast-banner-title-visibility":"","ast-main-header-display":"","ast-hfb-above-header-display":"","ast-hfb-below-header-display":"","ast-hfb-mobile-header-display":"","site-post-title":"","ast-breadcrumbs-content":"","ast-featured-img":"","footer-sml-layout":"","ast-disable-related-posts":"","theme-transparent-header-meta":"default","adv-header-id-meta":"","stick-header-meta":"default","header-above-stick-meta":"","header-main-stick-meta":"","header-below-stick-meta":"","astra-migrate-meta-layouts":"set","ast-page-background-enabled":"default","ast-page-background-meta":{"desktop":{"background-color":"","background-image":"","background-repeat":"repeat","background-position":"center center","background-size":"auto","background-attachment":"scroll","background-type":"","background-media":"","overlay-type":"","overlay-color":"","overlay-opacity":"","overlay-gradient":""},"tablet":{"background-color":"","background-image":"","background-repeat":"repeat","background-position":"center center","background-size":"auto","background-attachment":"scroll","background-type":"","background-media":"","overlay-type":"","overlay-color":"","overlay-opacity":"","overlay-gradient":""},"mobile":{"background-color":"","background-image":"","background-repeat":"repeat","background-position":"center center","background-size":"auto","background-attachment":"scroll","background-type":"","background-media":"","overlay-type":"","overlay-color":"","overlay-opacity":"","overlay-gradient":""}},"ast-content-background-meta":{"desktop":{"background-color":"var(--ast-global-color-5)","background-image":"","background-repeat":"repeat","background-position":"center center","background-size":"auto","background-attachment":"scroll","background-type":"","background-media":"","overlay-type":"","overlay-color":"","overlay-opacity":"","overlay-gradient":""},"tablet":{"background-color":"var(--ast-global-color-5)","background-image":"","background-repeat":"repeat","background-position":"center center","background-size":"auto","background-attachment":"scroll","background-type":"","background-media":"","overlay-type":"","overlay-color":"","overlay-opacity":"","overlay-gradient":""},"mobile":{"background-color":"var(--ast-global-color-5)","background-image":"","background-repeat":"repeat","background-position":"center center","background-size":"auto","background-attachment":"scroll","background-type":"","background-media":"","overlay-type":"","overlay-color":"","overlay-opacity":"","overlay-gradient":""}}},"product_brand":[],"product_cat":[40],"product_tag":[],"class_list":{"0":"post-3661","1":"product","2":"type-product","3":"status-publish","4":"has-post-thumbnail","6":"product_cat-military-grade-panel-pc","7":"desktop-align-left","8":"tablet-align-left","9":"mobile-align-left","10":"ast-product-gallery-layout-horizontal-slider","11":"ast-product-tabs-layout-horizontal","13":"first","14":"instock","15":"shipping-taxable","16":"purchasable","17":"product-type-simple"},"yoast_head":"<!-- This site is optimized with the Yoast SEO Premium plugin v24.0 (Yoast SEO v27.4) - https:\/\/yoast.com\/product\/yoast-seo-premium-wordpress\/ -->\n<title>RML-12RK - Beyond Info Sys<\/title>\n<meta name=\"robots\" content=\"index, follow, max-snippet:-1, max-image-preview:large, max-video-preview:-1\" \/>\n<link rel=\"canonical\" href=\"https:\/\/beyondinfosys.com\/de\/product\/rml-12rk\/\" \/>\n<meta property=\"og:locale\" content=\"de_DE\" \/>\n<meta property=\"og:type\" content=\"article\" \/>\n<meta property=\"og:title\" content=\"RML-12RK\" \/>\n<meta property=\"og:description\" content=\"Key Features:  1. Intel 7th Gen. Kaby Lake Core i5 7200U\/7300U 2. Power 18~36V Isolative DC power input 3. Full IP67 , VESA mount 4. MIL-STD-810G vibration \/ shock 5. MIL-STD-461F CE102, RE102\" \/>\n<meta property=\"og:url\" content=\"https:\/\/beyondinfosys.com\/de\/product\/rml-12rk\/\" \/>\n<meta property=\"og:site_name\" content=\"Beyond Info Sys\" \/>\n<meta property=\"article:modified_time\" content=\"2026-03-20T00:37:26+00:00\" \/>\n<meta property=\"og:image\" content=\"https:\/\/beyondinfosys.com\/wp-content\/uploads\/2025\/06\/RML-12RK-1.webp\" \/>\n\t<meta property=\"og:image:width\" content=\"1024\" \/>\n\t<meta property=\"og:image:height\" content=\"1024\" \/>\n\t<meta property=\"og:image:type\" content=\"image\/webp\" \/>\n<meta name=\"twitter:card\" content=\"summary_large_image\" \/>\n<meta name=\"twitter:label1\" content=\"Gesch\u00e4tzte Lesezeit\" \/>\n\t<meta name=\"twitter:data1\" content=\"2\u00a0Minuten\" \/>\n<script type=\"application\/ld+json\" class=\"yoast-schema-graph\">{\"@context\":\"https:\\\/\\\/schema.org\",\"@graph\":[{\"@type\":\"WebPage\",\"@id\":\"https:\\\/\\\/beyondinfosys.com\\\/product\\\/rml-12rk\\\/\",\"url\":\"https:\\\/\\\/beyondinfosys.com\\\/product\\\/rml-12rk\\\/\",\"name\":\"RML-12RK - Beyond Info Sys\",\"isPartOf\":{\"@id\":\"https:\\\/\\\/beyondinfosys.com\\\/#website\"},\"primaryImageOfPage\":{\"@id\":\"https:\\\/\\\/beyondinfosys.com\\\/product\\\/rml-12rk\\\/#primaryimage\"},\"image\":{\"@id\":\"https:\\\/\\\/beyondinfosys.com\\\/product\\\/rml-12rk\\\/#primaryimage\"},\"thumbnailUrl\":\"https:\\\/\\\/beyondinfosys.com\\\/wp-content\\\/uploads\\\/2025\\\/06\\\/RML-12RK-1.webp\",\"datePublished\":\"2025-06-02T06:16:41+00:00\",\"dateModified\":\"2026-03-20T00:37:26+00:00\",\"breadcrumb\":{\"@id\":\"https:\\\/\\\/beyondinfosys.com\\\/product\\\/rml-12rk\\\/#breadcrumb\"},\"inLanguage\":\"de\",\"potentialAction\":[{\"@type\":\"ReadAction\",\"target\":[\"https:\\\/\\\/beyondinfosys.com\\\/product\\\/rml-12rk\\\/\"]}]},{\"@type\":\"ImageObject\",\"inLanguage\":\"de\",\"@id\":\"https:\\\/\\\/beyondinfosys.com\\\/product\\\/rml-12rk\\\/#primaryimage\",\"url\":\"https:\\\/\\\/beyondinfosys.com\\\/wp-content\\\/uploads\\\/2025\\\/06\\\/RML-12RK-1.webp\",\"contentUrl\":\"https:\\\/\\\/beyondinfosys.com\\\/wp-content\\\/uploads\\\/2025\\\/06\\\/RML-12RK-1.webp\",\"width\":1024,\"height\":1024},{\"@type\":\"BreadcrumbList\",\"@id\":\"https:\\\/\\\/beyondinfosys.com\\\/product\\\/rml-12rk\\\/#breadcrumb\",\"itemListElement\":[{\"@type\":\"ListItem\",\"position\":1,\"name\":\"Home\",\"item\":\"https:\\\/\\\/beyondinfosys.com\\\/\"},{\"@type\":\"ListItem\",\"position\":2,\"name\":\"\u5546\u5e97\",\"item\":\"https:\\\/\\\/beyondinfosys.com\\\/shop\\\/\"},{\"@type\":\"ListItem\",\"position\":3,\"name\":\"RML-12RK\"}]},{\"@type\":\"WebSite\",\"@id\":\"https:\\\/\\\/beyondinfosys.com\\\/#website\",\"url\":\"https:\\\/\\\/beyondinfosys.com\\\/\",\"name\":\"Beyond Info Sys\",\"description\":\"\",\"publisher\":{\"@id\":\"https:\\\/\\\/beyondinfosys.com\\\/#organization\"},\"potentialAction\":[{\"@type\":\"SearchAction\",\"target\":{\"@type\":\"EntryPoint\",\"urlTemplate\":\"https:\\\/\\\/beyondinfosys.com\\\/?s={search_term_string}\"},\"query-input\":{\"@type\":\"PropertyValueSpecification\",\"valueRequired\":true,\"valueName\":\"search_term_string\"}}],\"inLanguage\":\"de\"},{\"@type\":\"Organization\",\"@id\":\"https:\\\/\\\/beyondinfosys.com\\\/#organization\",\"name\":\"Beyond Info Sys\",\"url\":\"https:\\\/\\\/beyondinfosys.com\\\/\",\"logo\":{\"@type\":\"ImageObject\",\"inLanguage\":\"de\",\"@id\":\"https:\\\/\\\/beyondinfosys.com\\\/#\\\/schema\\\/logo\\\/image\\\/\",\"url\":\"https:\\\/\\\/beyondinfosys.com\\\/wp-content\\\/uploads\\\/2025\\\/01\\\/LOGO-full.svg\",\"contentUrl\":\"https:\\\/\\\/beyondinfosys.com\\\/wp-content\\\/uploads\\\/2025\\\/01\\\/LOGO-full.svg\",\"width\":219,\"height\":83,\"caption\":\"Beyond Info Sys\"},\"image\":{\"@id\":\"https:\\\/\\\/beyondinfosys.com\\\/#\\\/schema\\\/logo\\\/image\\\/\"}}]}<\/script>\n<!-- \/ Yoast SEO Premium plugin. -->","yoast_head_json":{"title":"RML-12RK - Jenseits von Info Sys","robots":{"index":"index","follow":"follow","max-snippet":"max-snippet:-1","max-image-preview":"max-image-preview:large","max-video-preview":"max-video-preview:-1"},"canonical":"https:\/\/beyondinfosys.com\/de\/product\/rml-12rk\/","og_locale":"de_DE","og_type":"article","og_title":"RML-12RK","og_description":"Key Features:  1. Intel 7th Gen. Kaby Lake Core i5 7200U\/7300U 2. Power 18~36V Isolative DC power input 3. Full IP67 , VESA mount 4. MIL-STD-810G vibration \/ shock 5. MIL-STD-461F CE102, RE102","og_url":"https:\/\/beyondinfosys.com\/de\/product\/rml-12rk\/","og_site_name":"Beyond Info Sys","article_modified_time":"2026-03-20T00:37:26+00:00","og_image":[{"width":1024,"height":1024,"url":"https:\/\/beyondinfosys.com\/wp-content\/uploads\/2025\/06\/RML-12RK-1.webp","type":"image\/webp"}],"twitter_card":"summary_large_image","twitter_misc":{"Gesch\u00e4tzte Lesezeit":"2\u00a0Minuten"},"schema":{"@context":"https:\/\/schema.org","@graph":[{"@type":"WebPage","@id":"https:\/\/beyondinfosys.com\/product\/rml-12rk\/","url":"https:\/\/beyondinfosys.com\/product\/rml-12rk\/","name":"RML-12RK - Jenseits von Info Sys","isPartOf":{"@id":"https:\/\/beyondinfosys.com\/#website"},"primaryImageOfPage":{"@id":"https:\/\/beyondinfosys.com\/product\/rml-12rk\/#primaryimage"},"image":{"@id":"https:\/\/beyondinfosys.com\/product\/rml-12rk\/#primaryimage"},"thumbnailUrl":"https:\/\/beyondinfosys.com\/wp-content\/uploads\/2025\/06\/RML-12RK-1.webp","datePublished":"2025-06-02T06:16:41+00:00","dateModified":"2026-03-20T00:37:26+00:00","breadcrumb":{"@id":"https:\/\/beyondinfosys.com\/product\/rml-12rk\/#breadcrumb"},"inLanguage":"de","potentialAction":[{"@type":"ReadAction","target":["https:\/\/beyondinfosys.com\/product\/rml-12rk\/"]}]},{"@type":"ImageObject","inLanguage":"de","@id":"https:\/\/beyondinfosys.com\/product\/rml-12rk\/#primaryimage","url":"https:\/\/beyondinfosys.com\/wp-content\/uploads\/2025\/06\/RML-12RK-1.webp","contentUrl":"https:\/\/beyondinfosys.com\/wp-content\/uploads\/2025\/06\/RML-12RK-1.webp","width":1024,"height":1024},{"@type":"BreadcrumbList","@id":"https:\/\/beyondinfosys.com\/product\/rml-12rk\/#breadcrumb","itemListElement":[{"@type":"ListItem","position":1,"name":"Home","item":"https:\/\/beyondinfosys.com\/"},{"@type":"ListItem","position":2,"name":"\u5546\u5e97","item":"https:\/\/beyondinfosys.com\/shop\/"},{"@type":"ListItem","position":3,"name":"RML-12RK"}]},{"@type":"WebSite","@id":"https:\/\/beyondinfosys.com\/#website","url":"https:\/\/beyondinfosys.com\/","name":"Jenseits von Info Sys","description":"","publisher":{"@id":"https:\/\/beyondinfosys.com\/#organization"},"potentialAction":[{"@type":"SearchAction","target":{"@type":"EntryPoint","urlTemplate":"https:\/\/beyondinfosys.com\/?s={search_term_string}"},"query-input":{"@type":"PropertyValueSpecification","valueRequired":true,"valueName":"search_term_string"}}],"inLanguage":"de"},{"@type":"Organization","@id":"https:\/\/beyondinfosys.com\/#organization","name":"Jenseits von Info Sys","url":"https:\/\/beyondinfosys.com\/","logo":{"@type":"ImageObject","inLanguage":"de","@id":"https:\/\/beyondinfosys.com\/#\/schema\/logo\/image\/","url":"https:\/\/beyondinfosys.com\/wp-content\/uploads\/2025\/01\/LOGO-full.svg","contentUrl":"https:\/\/beyondinfosys.com\/wp-content\/uploads\/2025\/01\/LOGO-full.svg","width":219,"height":83,"caption":"Beyond Info Sys"},"image":{"@id":"https:\/\/beyondinfosys.com\/#\/schema\/logo\/image\/"}}]}},"_links":{"self":[{"href":"https:\/\/beyondinfosys.com\/de\/wp-json\/wp\/v2\/product\/3661","targetHints":{"allow":["GET"]}}],"collection":[{"href":"https:\/\/beyondinfosys.com\/de\/wp-json\/wp\/v2\/product"}],"about":[{"href":"https:\/\/beyondinfosys.com\/de\/wp-json\/wp\/v2\/types\/product"}],"wp:featuredmedia":[{"embeddable":true,"href":"https:\/\/beyondinfosys.com\/de\/wp-json\/wp\/v2\/media\/3834"}],"wp:attachment":[{"href":"https:\/\/beyondinfosys.com\/de\/wp-json\/wp\/v2\/media?parent=3661"}],"wp:term":[{"taxonomy":"product_brand","embeddable":true,"href":"https:\/\/beyondinfosys.com\/de\/wp-json\/wp\/v2\/product_brand?post=3661"},{"taxonomy":"product_cat","embeddable":true,"href":"https:\/\/beyondinfosys.com\/de\/wp-json\/wp\/v2\/product_cat?post=3661"},{"taxonomy":"product_tag","embeddable":true,"href":"https:\/\/beyondinfosys.com\/de\/wp-json\/wp\/v2\/product_tag?post=3661"}],"curies":[{"name":"wp","href":"https:\/\/api.w.org\/{rel}","templated":true}]}}