{"id":3654,"date":"2025-06-01T19:17:25","date_gmt":"2025-06-01T11:17:25","guid":{"rendered":"https:\/\/beyondinfosys.com\/?post_type=product&#038;p=3654"},"modified":"2026-03-20T08:07:46","modified_gmt":"2026-03-20T00:07:46","slug":"fbx-t7e","status":"publish","type":"product","link":"https:\/\/beyondinfosys.com\/es\/product\/fbx-t7e\/","title":{"rendered":"FBX-T7E"},"content":{"rendered":"<h2 data-start=\"192\" data-end=\"237\">Box PC integrado con IP67 para entornos alimentarios y farmac\u00e9uticos<\/h2>\n<p class=\"\" data-start=\"238\" data-end=\"342\">Dise\u00f1ado para satisfacer las rigurosas exigencias de las industrias sensibles a la higiene, este PC en caja integrado con clasificaci\u00f3n IP67 completa ofrece protecci\u00f3n sellada, impermeable y a prueba de polvo, ideal para su uso en plantas de procesamiento de alimentos, fabricaci\u00f3n de productos farmac\u00e9uticos y entornos de salas limpias. Equipado con el procesador Intel\u00ae Tiger Lake Core i5-1145G7E de 11\u00aa generaci\u00f3n, ofrece un potente rendimiento inform\u00e1tico para el registro de datos, la supervisi\u00f3n de procesos y las tareas de automatizaci\u00f3n industrial.<br \/>\nCon doble salida de v\u00eddeo (VGA + DisplayPort), el sistema admite pantallas externas de alta resoluci\u00f3n, lo que lo hace ideal para interfaces de operador y estaciones de control de m\u00e1quinas. Viene equipado con tres puertos LAN Gigabit para gestionar redes redundantes o segmentadas, lo que garantiza una conectividad estable para dispositivos IoT y redes de producci\u00f3n.<br \/>\nLas opciones flexibles de entrada de alimentaci\u00f3n (110~240 V CA o 9~36 V CC) permiten una f\u00e1cil integraci\u00f3n en diversas configuraciones de alimentaci\u00f3n industrial. Compatible con varios sistemas operativos, incluidos Windows 11 Pro, Windows 11 IoT y Linux, se adapta perfectamente a su entorno de software.<\/p>\n<h4 data-start=\"238\" data-end=\"342\">Caracter\u00edsticas principales<\/h4>\n<ul>\n<li data-start=\"238\" data-end=\"342\">Intel\u00ae Tiger Lake Core i5-1145G7E de 11\u00aa generaci\u00f3n para un procesamiento de alta eficiencia<\/li>\n<li data-start=\"238\" data-end=\"342\">Dos salidas de v\u00eddeo: VGA y DisplayPort para opciones de visualizaci\u00f3n flexibles<\/li>\n<li data-start=\"238\" data-end=\"342\">3 puertos LAN Gigabit para una red segura y redundante<\/li>\n<li data-start=\"238\" data-end=\"342\">Amplio rango de entrada de alimentaci\u00f3n: 110~240 V CA o 9~36 V CC<\/li>\n<li data-start=\"238\" data-end=\"342\">Carcasa con clasificaci\u00f3n IP67: resistente al agua, al polvo y a la corrosi\u00f3n<\/li>\n<li data-start=\"238\" data-end=\"342\">Compatible con Windows 11 Pro, Windows 11 IoT y Linux<\/li>\n<\/ul>\n<h4>Ventajas<\/h4>\n<ul>\n<li>Totalmente sellado para su uso en entornos h\u00famedos, polvorientos o desinfectados<\/li>\n<li>Soporta lavados a alta presi\u00f3n y estrictos protocolos de higiene<\/li>\n<li>Interfaz de red y alimentaci\u00f3n vers\u00e1til para un despliegue sin problemas<\/li>\n<li>Ideal para instalaciones expuestas o con limitaciones de espacio<\/li>\n<li>Durabilidad a largo plazo con un dise\u00f1o industrial sin ventilador<\/li>\n<\/ul>\n<h4 class=\"\" data-start=\"1723\" data-end=\"1747\">Ideal para<\/h4>\n<ul>\n<li data-start=\"1750\" data-end=\"1796\">Plantas de procesamiento de alimentos y bebidas<\/li>\n<li data-start=\"1750\" data-end=\"1796\">L\u00edneas de producci\u00f3n y envasado farmac\u00e9utico<\/li>\n<li data-start=\"1750\" data-end=\"1796\">Salas limpias y entornos est\u00e9riles<\/li>\n<li data-start=\"1750\" data-end=\"1796\">Automatizaci\u00f3n industrial en instalaciones sanitarias<\/li>\n<\/ul>\n<p><img fetchpriority=\"high\" decoding=\"async\" class=\"alignnone wp-image-3876 size-full\" src=\"https:\/\/beyondinfosys.com\/wp-content\/uploads\/2025\/06\/\u7522\u54c1\u9801\u5716-\u62f7\u8c9d-10.webp\" alt=\"\" width=\"1024\" height=\"1296\" srcset=\"https:\/\/beyondinfosys.com\/wp-content\/uploads\/2025\/06\/\u7522\u54c1\u9801\u5716-\u62f7\u8c9d-10.webp 1024w, https:\/\/beyondinfosys.com\/wp-content\/uploads\/2025\/06\/\u7522\u54c1\u9801\u5716-\u62f7\u8c9d-10-237x300.webp 237w, https:\/\/beyondinfosys.com\/wp-content\/uploads\/2025\/06\/\u7522\u54c1\u9801\u5716-\u62f7\u8c9d-10-809x1024.webp 809w, https:\/\/beyondinfosys.com\/wp-content\/uploads\/2025\/06\/\u7522\u54c1\u9801\u5716-\u62f7\u8c9d-10-768x972.webp 768w, https:\/\/beyondinfosys.com\/wp-content\/uploads\/2025\/06\/\u7522\u54c1\u9801\u5716-\u62f7\u8c9d-10-600x759.webp 600w\" sizes=\"(max-width: 1024px) 100vw, 1024px\" \/><\/p>\n<h2 style=\"text-align: center;\">Aplicaciones<\/h2>\n<p><a href=\"\/es\/solucion-alimentaria-y-farmaceutica\/\"><img decoding=\"async\" class=\"alignnone wp-image-3655 size-medium\" src=\"https:\/\/beyondinfosys.com\/wp-content\/uploads\/2025\/06\/01-300x185.webp\" alt=\"\" width=\"300\" height=\"185\" srcset=\"https:\/\/beyondinfosys.com\/wp-content\/uploads\/2025\/06\/01-300x185.webp 300w, https:\/\/beyondinfosys.com\/wp-content\/uploads\/2025\/06\/01.webp 400w\" sizes=\"(max-width: 300px) 100vw, 300px\" \/><\/a><a href=\"\/es\/militar\/\"><img decoding=\"async\" class=\"alignnone wp-image-3656 size-medium\" src=\"https:\/\/beyondinfosys.com\/wp-content\/uploads\/2025\/06\/solutions-007-300x185.webp\" alt=\"\" width=\"300\" height=\"185\" srcset=\"https:\/\/beyondinfosys.com\/wp-content\/uploads\/2025\/06\/solutions-007-300x185.webp 300w, https:\/\/beyondinfosys.com\/wp-content\/uploads\/2025\/06\/solutions-007.webp 400w\" sizes=\"(max-width: 300px) 100vw, 300px\" \/><\/a><\/p>","protected":false},"excerpt":{"rendered":"<p><strong>Caracter\u00edsticas principales:<\/strong><\/p>\n<p>1. Intel 11.\u00aa generaci\u00f3n Tigerlake Core i5 1145G7E<br \/>\n2. Doble salida de v\u00eddeo: VGA + DP<br \/>\n3. 3 puertos LAN Gigabit<br \/>\n4. Entrada de alimentaci\u00f3n: Entrada de alimentaci\u00f3n de 110~240 V CA o 9~36 V CC.<br \/>\n5. IP67 total<br \/>\n6. SO: Win11Pro, Win11 IOT, Linux<\/p>\n<p><img loading=\"lazy\" decoding=\"async\" class=\"alignnone size-full wp-image-2235\" src=\"https:\/\/beyondinfosys.com\/wp-content\/uploads\/2025\/03\/WIDE-VOLTAGE-1.webp\" alt=\"\" width=\"45\" height=\"45\" \/><img loading=\"lazy\" decoding=\"async\" class=\"alignnone size-full wp-image-3657\" src=\"https:\/\/beyondinfosys.com\/wp-content\/uploads\/2025\/06\/IP67.webp\" alt=\"\" width=\"45\" height=\"45\" \/><\/p>","protected":false},"featured_media":3803,"template":"","meta":{"site-sidebar-layout":"default","site-content-layout":"","ast-site-content-layout":"default","site-content-style":"default","site-sidebar-style":"default","ast-global-header-display":"","ast-banner-title-visibility":"","ast-main-header-display":"","ast-hfb-above-header-display":"","ast-hfb-below-header-display":"","ast-hfb-mobile-header-display":"","site-post-title":"","ast-breadcrumbs-content":"","ast-featured-img":"","footer-sml-layout":"","ast-disable-related-posts":"","theme-transparent-header-meta":"default","adv-header-id-meta":"","stick-header-meta":"default","header-above-stick-meta":"","header-main-stick-meta":"","header-below-stick-meta":"","astra-migrate-meta-layouts":"set","ast-page-background-enabled":"default","ast-page-background-meta":{"desktop":{"background-color":"","background-image":"","background-repeat":"repeat","background-position":"center center","background-size":"auto","background-attachment":"scroll","background-type":"","background-media":"","overlay-type":"","overlay-color":"","overlay-opacity":"","overlay-gradient":""},"tablet":{"background-color":"","background-image":"","background-repeat":"repeat","background-position":"center center","background-size":"auto","background-attachment":"scroll","background-type":"","background-media":"","overlay-type":"","overlay-color":"","overlay-opacity":"","overlay-gradient":""},"mobile":{"background-color":"","background-image":"","background-repeat":"repeat","background-position":"center center","background-size":"auto","background-attachment":"scroll","background-type":"","background-media":"","overlay-type":"","overlay-color":"","overlay-opacity":"","overlay-gradient":""}},"ast-content-background-meta":{"desktop":{"background-color":"var(--ast-global-color-5)","background-image":"","background-repeat":"repeat","background-position":"center center","background-size":"auto","background-attachment":"scroll","background-type":"","background-media":"","overlay-type":"","overlay-color":"","overlay-opacity":"","overlay-gradient":""},"tablet":{"background-color":"var(--ast-global-color-5)","background-image":"","background-repeat":"repeat","background-position":"center center","background-size":"auto","background-attachment":"scroll","background-type":"","background-media":"","overlay-type":"","overlay-color":"","overlay-opacity":"","overlay-gradient":""},"mobile":{"background-color":"var(--ast-global-color-5)","background-image":"","background-repeat":"repeat","background-position":"center center","background-size":"auto","background-attachment":"scroll","background-type":"","background-media":"","overlay-type":"","overlay-color":"","overlay-opacity":"","overlay-gradient":""}}},"product_brand":[],"product_cat":[39],"product_tag":[],"class_list":{"0":"post-3654","1":"product","2":"type-product","3":"status-publish","4":"has-post-thumbnail","6":"product_cat-military-grade-embedded-box-pc","7":"desktop-align-left","8":"tablet-align-left","9":"mobile-align-left","10":"ast-product-gallery-layout-horizontal-slider","11":"ast-product-tabs-layout-horizontal","13":"first","14":"instock","15":"shipping-taxable","16":"purchasable","17":"product-type-simple"},"yoast_head":"<!-- This site is optimized with the Yoast SEO Premium plugin v24.0 (Yoast SEO v27.4) - https:\/\/yoast.com\/product\/yoast-seo-premium-wordpress\/ -->\n<title>FBX-T7E - Beyond Info Sys<\/title>\n<meta name=\"robots\" content=\"index, follow, max-snippet:-1, max-image-preview:large, max-video-preview:-1\" \/>\n<link rel=\"canonical\" href=\"https:\/\/beyondinfosys.com\/es\/producto\/fbx-t7e\/\" \/>\n<meta property=\"og:locale\" content=\"es_ES\" \/>\n<meta property=\"og:type\" content=\"article\" \/>\n<meta property=\"og:title\" content=\"FBX-T7E\" \/>\n<meta property=\"og:description\" content=\"Key Features:  1. Intel 11th Gen. Tigerlake Core i5 1145G7E 2. Dual video output: VGA + DP 3. 3 x Gigabit LAN port 4. Power input: Either 110~240V AC or 9~36 V DC power input 5. Full IP67 6. OS: Win11Pro, Win11 IOT, Linux\" \/>\n<meta property=\"og:url\" content=\"https:\/\/beyondinfosys.com\/es\/producto\/fbx-t7e\/\" \/>\n<meta property=\"og:site_name\" content=\"Beyond Info Sys\" \/>\n<meta property=\"article:modified_time\" content=\"2026-03-20T00:07:46+00:00\" \/>\n<meta property=\"og:image\" content=\"https:\/\/beyondinfosys.com\/wp-content\/uploads\/2025\/06\/1.webp\" \/>\n\t<meta property=\"og:image:width\" content=\"1000\" \/>\n\t<meta property=\"og:image:height\" content=\"1000\" \/>\n\t<meta property=\"og:image:type\" content=\"image\/webp\" \/>\n<meta name=\"twitter:card\" content=\"summary_large_image\" \/>\n<meta name=\"twitter:label1\" content=\"Tiempo de lectura\" \/>\n\t<meta name=\"twitter:data1\" content=\"2 minutos\" \/>\n<script type=\"application\/ld+json\" class=\"yoast-schema-graph\">{\"@context\":\"https:\\\/\\\/schema.org\",\"@graph\":[{\"@type\":\"WebPage\",\"@id\":\"https:\\\/\\\/beyondinfosys.com\\\/product\\\/fbx-t7e\\\/\",\"url\":\"https:\\\/\\\/beyondinfosys.com\\\/product\\\/fbx-t7e\\\/\",\"name\":\"FBX-T7E - Beyond Info Sys\",\"isPartOf\":{\"@id\":\"https:\\\/\\\/beyondinfosys.com\\\/#website\"},\"primaryImageOfPage\":{\"@id\":\"https:\\\/\\\/beyondinfosys.com\\\/product\\\/fbx-t7e\\\/#primaryimage\"},\"image\":{\"@id\":\"https:\\\/\\\/beyondinfosys.com\\\/product\\\/fbx-t7e\\\/#primaryimage\"},\"thumbnailUrl\":\"https:\\\/\\\/beyondinfosys.com\\\/wp-content\\\/uploads\\\/2025\\\/06\\\/1.webp\",\"datePublished\":\"2025-06-01T11:17:25+00:00\",\"dateModified\":\"2026-03-20T00:07:46+00:00\",\"breadcrumb\":{\"@id\":\"https:\\\/\\\/beyondinfosys.com\\\/product\\\/fbx-t7e\\\/#breadcrumb\"},\"inLanguage\":\"es\",\"potentialAction\":[{\"@type\":\"ReadAction\",\"target\":[\"https:\\\/\\\/beyondinfosys.com\\\/product\\\/fbx-t7e\\\/\"]}]},{\"@type\":\"ImageObject\",\"inLanguage\":\"es\",\"@id\":\"https:\\\/\\\/beyondinfosys.com\\\/product\\\/fbx-t7e\\\/#primaryimage\",\"url\":\"https:\\\/\\\/beyondinfosys.com\\\/wp-content\\\/uploads\\\/2025\\\/06\\\/1.webp\",\"contentUrl\":\"https:\\\/\\\/beyondinfosys.com\\\/wp-content\\\/uploads\\\/2025\\\/06\\\/1.webp\",\"width\":1000,\"height\":1000},{\"@type\":\"BreadcrumbList\",\"@id\":\"https:\\\/\\\/beyondinfosys.com\\\/product\\\/fbx-t7e\\\/#breadcrumb\",\"itemListElement\":[{\"@type\":\"ListItem\",\"position\":1,\"name\":\"Home\",\"item\":\"https:\\\/\\\/beyondinfosys.com\\\/\"},{\"@type\":\"ListItem\",\"position\":2,\"name\":\"\u5546\u5e97\",\"item\":\"https:\\\/\\\/beyondinfosys.com\\\/shop\\\/\"},{\"@type\":\"ListItem\",\"position\":3,\"name\":\"FBX-T7E\"}]},{\"@type\":\"WebSite\",\"@id\":\"https:\\\/\\\/beyondinfosys.com\\\/#website\",\"url\":\"https:\\\/\\\/beyondinfosys.com\\\/\",\"name\":\"Beyond Info Sys\",\"description\":\"\",\"publisher\":{\"@id\":\"https:\\\/\\\/beyondinfosys.com\\\/#organization\"},\"potentialAction\":[{\"@type\":\"SearchAction\",\"target\":{\"@type\":\"EntryPoint\",\"urlTemplate\":\"https:\\\/\\\/beyondinfosys.com\\\/?s={search_term_string}\"},\"query-input\":{\"@type\":\"PropertyValueSpecification\",\"valueRequired\":true,\"valueName\":\"search_term_string\"}}],\"inLanguage\":\"es\"},{\"@type\":\"Organization\",\"@id\":\"https:\\\/\\\/beyondinfosys.com\\\/#organization\",\"name\":\"Beyond Info Sys\",\"url\":\"https:\\\/\\\/beyondinfosys.com\\\/\",\"logo\":{\"@type\":\"ImageObject\",\"inLanguage\":\"es\",\"@id\":\"https:\\\/\\\/beyondinfosys.com\\\/#\\\/schema\\\/logo\\\/image\\\/\",\"url\":\"https:\\\/\\\/beyondinfosys.com\\\/wp-content\\\/uploads\\\/2025\\\/01\\\/LOGO-full.svg\",\"contentUrl\":\"https:\\\/\\\/beyondinfosys.com\\\/wp-content\\\/uploads\\\/2025\\\/01\\\/LOGO-full.svg\",\"width\":219,\"height\":83,\"caption\":\"Beyond Info Sys\"},\"image\":{\"@id\":\"https:\\\/\\\/beyondinfosys.com\\\/#\\\/schema\\\/logo\\\/image\\\/\"}}]}<\/script>\n<!-- \/ Yoast SEO Premium plugin. -->","yoast_head_json":{"title":"FBX-T7E - Beyond Info Sys","robots":{"index":"index","follow":"follow","max-snippet":"max-snippet:-1","max-image-preview":"max-image-preview:large","max-video-preview":"max-video-preview:-1"},"canonical":"https:\/\/beyondinfosys.com\/es\/producto\/fbx-t7e\/","og_locale":"es_ES","og_type":"article","og_title":"FBX-T7E","og_description":"Key Features:  1. Intel 11th Gen. Tigerlake Core i5 1145G7E 2. Dual video output: VGA + DP 3. 3 x Gigabit LAN port 4. Power input: Either 110~240V AC or 9~36 V DC power input 5. Full IP67 6. OS: Win11Pro, Win11 IOT, Linux","og_url":"https:\/\/beyondinfosys.com\/es\/producto\/fbx-t7e\/","og_site_name":"Beyond Info Sys","article_modified_time":"2026-03-20T00:07:46+00:00","og_image":[{"width":1000,"height":1000,"url":"https:\/\/beyondinfosys.com\/wp-content\/uploads\/2025\/06\/1.webp","type":"image\/webp"}],"twitter_card":"summary_large_image","twitter_misc":{"Tiempo de lectura":"2 minutos"},"schema":{"@context":"https:\/\/schema.org","@graph":[{"@type":"WebPage","@id":"https:\/\/beyondinfosys.com\/product\/fbx-t7e\/","url":"https:\/\/beyondinfosys.com\/product\/fbx-t7e\/","name":"FBX-T7E - Beyond Info Sys","isPartOf":{"@id":"https:\/\/beyondinfosys.com\/#website"},"primaryImageOfPage":{"@id":"https:\/\/beyondinfosys.com\/product\/fbx-t7e\/#primaryimage"},"image":{"@id":"https:\/\/beyondinfosys.com\/product\/fbx-t7e\/#primaryimage"},"thumbnailUrl":"https:\/\/beyondinfosys.com\/wp-content\/uploads\/2025\/06\/1.webp","datePublished":"2025-06-01T11:17:25+00:00","dateModified":"2026-03-20T00:07:46+00:00","breadcrumb":{"@id":"https:\/\/beyondinfosys.com\/product\/fbx-t7e\/#breadcrumb"},"inLanguage":"es","potentialAction":[{"@type":"ReadAction","target":["https:\/\/beyondinfosys.com\/product\/fbx-t7e\/"]}]},{"@type":"ImageObject","inLanguage":"es","@id":"https:\/\/beyondinfosys.com\/product\/fbx-t7e\/#primaryimage","url":"https:\/\/beyondinfosys.com\/wp-content\/uploads\/2025\/06\/1.webp","contentUrl":"https:\/\/beyondinfosys.com\/wp-content\/uploads\/2025\/06\/1.webp","width":1000,"height":1000},{"@type":"BreadcrumbList","@id":"https:\/\/beyondinfosys.com\/product\/fbx-t7e\/#breadcrumb","itemListElement":[{"@type":"ListItem","position":1,"name":"Home","item":"https:\/\/beyondinfosys.com\/"},{"@type":"ListItem","position":2,"name":"\u5546\u5e97","item":"https:\/\/beyondinfosys.com\/shop\/"},{"@type":"ListItem","position":3,"name":"FBX-T7E"}]},{"@type":"WebSite","@id":"https:\/\/beyondinfosys.com\/#website","url":"https:\/\/beyondinfosys.com\/","name":"M\u00e1s all\u00e1 de los sistemas de informaci\u00f3n","description":"","publisher":{"@id":"https:\/\/beyondinfosys.com\/#organization"},"potentialAction":[{"@type":"SearchAction","target":{"@type":"EntryPoint","urlTemplate":"https:\/\/beyondinfosys.com\/?s={search_term_string}"},"query-input":{"@type":"PropertyValueSpecification","valueRequired":true,"valueName":"search_term_string"}}],"inLanguage":"es"},{"@type":"Organization","@id":"https:\/\/beyondinfosys.com\/#organization","name":"M\u00e1s all\u00e1 de los sistemas de informaci\u00f3n","url":"https:\/\/beyondinfosys.com\/","logo":{"@type":"ImageObject","inLanguage":"es","@id":"https:\/\/beyondinfosys.com\/#\/schema\/logo\/image\/","url":"https:\/\/beyondinfosys.com\/wp-content\/uploads\/2025\/01\/LOGO-full.svg","contentUrl":"https:\/\/beyondinfosys.com\/wp-content\/uploads\/2025\/01\/LOGO-full.svg","width":219,"height":83,"caption":"Beyond Info Sys"},"image":{"@id":"https:\/\/beyondinfosys.com\/#\/schema\/logo\/image\/"}}]}},"_links":{"self":[{"href":"https:\/\/beyondinfosys.com\/es\/wp-json\/wp\/v2\/product\/3654","targetHints":{"allow":["GET"]}}],"collection":[{"href":"https:\/\/beyondinfosys.com\/es\/wp-json\/wp\/v2\/product"}],"about":[{"href":"https:\/\/beyondinfosys.com\/es\/wp-json\/wp\/v2\/types\/product"}],"wp:featuredmedia":[{"embeddable":true,"href":"https:\/\/beyondinfosys.com\/es\/wp-json\/wp\/v2\/media\/3803"}],"wp:attachment":[{"href":"https:\/\/beyondinfosys.com\/es\/wp-json\/wp\/v2\/media?parent=3654"}],"wp:term":[{"taxonomy":"product_brand","embeddable":true,"href":"https:\/\/beyondinfosys.com\/es\/wp-json\/wp\/v2\/product_brand?post=3654"},{"taxonomy":"product_cat","embeddable":true,"href":"https:\/\/beyondinfosys.com\/es\/wp-json\/wp\/v2\/product_cat?post=3654"},{"taxonomy":"product_tag","embeddable":true,"href":"https:\/\/beyondinfosys.com\/es\/wp-json\/wp\/v2\/product_tag?post=3654"}],"curies":[{"name":"wp","href":"https:\/\/api.w.org\/{rel}","templated":true}]}}