{"id":3658,"date":"2025-06-01T21:39:19","date_gmt":"2025-06-01T13:39:19","guid":{"rendered":"https:\/\/beyondinfosys.com\/?post_type=product&#038;p=3658"},"modified":"2026-03-20T08:22:40","modified_gmt":"2026-03-20T00:22:40","slug":"pc-robusto-embebido-preparado-para-ai","status":"publish","type":"product","link":"https:\/\/beyondinfosys.com\/es\/product\/ai-ready-rugged-embedded-pc\/","title":{"rendered":"PC robusto integrado preparado para IA- RML-L67-NV"},"content":{"rendered":"<h2 data-start=\"192\" data-end=\"237\">PC robusto integrado preparado para IA con Intel\u00ae Alder Lake y GPU NVIDIA MXM<\/h2>\n<p class=\"\" data-start=\"238\" data-end=\"342\">Este ordenador industrial embebido de alto rendimiento est\u00e1 dise\u00f1ado para satisfacer las necesidades cambiantes de las aplicaciones impulsadas por IA en la automatizaci\u00f3n de f\u00e1bricas, la rob\u00f3tica, el comercio minorista inteligente y las implementaciones de IoT\/Industria 4.0 industrial. Equipado con el procesador Intel\u00ae Alder Lake Core i7-12700TE de 12\u00aa generaci\u00f3n, es compatible con una arquitectura h\u00edbrida optimizada para multitarea, control en tiempo real y cargas de trabajo de inteligencia artificial.<br \/>\nIntegrado con potentes GPU opcionales (MXM T1000 o A2000 de NVIDIA), el sistema ofrece un extraordinario rendimiento de inferencia de IA, procesamiento de im\u00e1genes y computaci\u00f3n multimedia. Las salidas HDMI duales permiten una integraci\u00f3n perfecta con configuraciones multipantalla, esenciales para la rob\u00f3tica basada en visi\u00f3n, los sistemas de inspecci\u00f3n o las interfaces interactivas para comercios.<br \/>\nCon protecci\u00f3n total IP67, esta unidad est\u00e1 completamente sellada contra la entrada de polvo y agua, lo que la hace adecuada para entornos industriales dif\u00edciles. La amplia entrada de CC aislante de 9~36 V garantiza un suministro el\u00e9ctrico estable en las fluctuantes condiciones de la f\u00e1brica, mientras que las certificaciones de grado militar MIL-STD-810G y MIL-STD-461F (CE102, RE102) afirman su resistencia a vibraciones, golpes e interferencias electromagn\u00e9ticas.<br \/>\nUna ranura SSD extra\u00edble de 2,5\u2033 facilita el acceso a los datos y su mantenimiento, lo que mejora la flexibilidad del sistema para la recopilaci\u00f3n y el almacenamiento de datos en los bordes.<\/p>\n<h4 data-start=\"238\" data-end=\"342\">Caracter\u00edsticas principales<\/h4>\n<ul>\n<li data-start=\"238\" data-end=\"342\">Procesador Intel\u00ae Core i7-12700TE Alder Lake de 12\u00aa generaci\u00f3n<\/li>\n<li data-start=\"238\" data-end=\"342\">Opciones de GPU integrada: NVIDIA MXM T1000 o A2000<\/li>\n<li data-start=\"238\" data-end=\"342\">Doble salida HDMI para integraci\u00f3n multipantalla o visi\u00f3n AI<\/li>\n<li data-start=\"238\" data-end=\"342\">Entrada de CC aislante de 9~36 V para estabilidad energ\u00e9tica industrial<\/li>\n<li data-start=\"238\" data-end=\"342\">Dise\u00f1o robusto con clasificaci\u00f3n IP67 para protecci\u00f3n contra el agua y el polvo<\/li>\n<li data-start=\"238\" data-end=\"342\">Certificaci\u00f3n MIL-STD-810G y MIL-STD-461F (CE102, RE102) de resistencia a golpes, vibraciones y EMI<\/li>\n<li data-start=\"238\" data-end=\"342\">Ranura para SSD de 2,5\u2033 extra\u00edble para facilitar el acceso al almacenamiento<\/li>\n<\/ul>\n<h4>Ventajas<\/h4>\n<ul>\n<li>Ideal para la computaci\u00f3n AI edge en entornos industriales exigentes<\/li>\n<li>Admite procesamiento de datos en tiempo real, computaci\u00f3n de visi\u00f3n y aprendizaje profundo.<\/li>\n<li>Su dise\u00f1o duradero permite la instalaci\u00f3n en entornos dif\u00edciles, exteriores o de lavado<\/li>\n<li>Gran flexibilidad para la automatizaci\u00f3n, el an\u00e1lisis del comercio minorista y la rob\u00f3tica inteligente<\/li>\n<li>F\u00e1cil mantenimiento del sistema con SSD de acceso frontal y E\/S de calidad industrial<\/li>\n<\/ul>\n<h4 class=\"\" data-start=\"1723\" data-end=\"1747\">Ideal para<\/h4>\n<ul>\n<li data-start=\"1750\" data-end=\"1796\">Automatizaci\u00f3n de f\u00e1bricas y visi\u00f3n artificial inteligente<\/li>\n<li data-start=\"1750\" data-end=\"1796\">Rob\u00f3tica y sistemas m\u00f3viles aut\u00f3nomos (AMR\/AGV)<\/li>\n<li data-start=\"1750\" data-end=\"1796\">An\u00e1lisis inteligente del comercio y expositores interactivos<\/li>\n<li data-start=\"1750\" data-end=\"1796\">Edge AI en soluciones de IoT industrial (IIoT) e Industria 4.0<\/li>\n<li data-start=\"1750\" data-end=\"1796\">Implantaciones de IA en entornos adversos con conformidad robusta<\/li>\n<\/ul>\n<p><img fetchpriority=\"high\" decoding=\"async\" class=\"alignnone wp-image-3880 size-full\" src=\"https:\/\/beyondinfosys.com\/wp-content\/uploads\/2025\/06\/RML-L67-NV04-1.webp\" alt=\"\" width=\"1024\" height=\"512\" srcset=\"https:\/\/beyondinfosys.com\/wp-content\/uploads\/2025\/06\/RML-L67-NV04-1.webp 1024w, https:\/\/beyondinfosys.com\/wp-content\/uploads\/2025\/06\/RML-L67-NV04-1-300x150.webp 300w, https:\/\/beyondinfosys.com\/wp-content\/uploads\/2025\/06\/RML-L67-NV04-1-768x384.webp 768w, https:\/\/beyondinfosys.com\/wp-content\/uploads\/2025\/06\/RML-L67-NV04-1-600x300.webp 600w\" sizes=\"(max-width: 1024px) 100vw, 1024px\" \/> <img decoding=\"async\" class=\"alignnone wp-image-3881 size-full\" src=\"https:\/\/beyondinfosys.com\/wp-content\/uploads\/2025\/06\/RML-L67-NV05-1.webp\" alt=\"\" width=\"1024\" height=\"512\" srcset=\"https:\/\/beyondinfosys.com\/wp-content\/uploads\/2025\/06\/RML-L67-NV05-1.webp 1024w, https:\/\/beyondinfosys.com\/wp-content\/uploads\/2025\/06\/RML-L67-NV05-1-300x150.webp 300w, https:\/\/beyondinfosys.com\/wp-content\/uploads\/2025\/06\/RML-L67-NV05-1-768x384.webp 768w, https:\/\/beyondinfosys.com\/wp-content\/uploads\/2025\/06\/RML-L67-NV05-1-600x300.webp 600w\" sizes=\"(max-width: 1024px) 100vw, 1024px\" \/> <img decoding=\"async\" class=\"alignnone wp-image-3882 size-full\" src=\"https:\/\/beyondinfosys.com\/wp-content\/uploads\/2025\/06\/RML-L67-NV06-1.webp\" alt=\"\" width=\"1024\" height=\"512\" srcset=\"https:\/\/beyondinfosys.com\/wp-content\/uploads\/2025\/06\/RML-L67-NV06-1.webp 1024w, https:\/\/beyondinfosys.com\/wp-content\/uploads\/2025\/06\/RML-L67-NV06-1-300x150.webp 300w, https:\/\/beyondinfosys.com\/wp-content\/uploads\/2025\/06\/RML-L67-NV06-1-768x384.webp 768w, https:\/\/beyondinfosys.com\/wp-content\/uploads\/2025\/06\/RML-L67-NV06-1-600x300.webp 600w\" sizes=\"(max-width: 1024px) 100vw, 1024px\" \/><\/p>\n<h2 style=\"text-align: center;\">Aplicaciones<\/h2>\n<p><a href=\"\/es\/solucion-de-automatizacion-industrial\/\"><img loading=\"lazy\" decoding=\"async\" class=\"alignnone wp-image-2250 size-medium\" src=\"https:\/\/beyondinfosys.com\/wp-content\/uploads\/2025\/03\/industrial-automation-1-300x185.webp\" alt=\"\" width=\"300\" height=\"185\" srcset=\"https:\/\/beyondinfosys.com\/wp-content\/uploads\/2025\/03\/industrial-automation-1-300x185.webp 300w, https:\/\/beyondinfosys.com\/wp-content\/uploads\/2025\/03\/industrial-automation-1.webp 400w\" sizes=\"(max-width: 300px) 100vw, 300px\" \/><\/a><a href=\"\/es\/militar\/\"><img loading=\"lazy\" decoding=\"async\" class=\"alignnone wp-image-3656 size-medium\" src=\"https:\/\/beyondinfosys.com\/wp-content\/uploads\/2025\/06\/solutions-007-300x185.webp\" alt=\"\" width=\"300\" height=\"185\" srcset=\"https:\/\/beyondinfosys.com\/wp-content\/uploads\/2025\/06\/solutions-007-300x185.webp 300w, https:\/\/beyondinfosys.com\/wp-content\/uploads\/2025\/06\/solutions-007.webp 400w\" sizes=\"(max-width: 300px) 100vw, 300px\" \/><\/a><a href=\"\/es\/soluciones-ai\/\"><img loading=\"lazy\" decoding=\"async\" class=\"alignnone wp-image-2249 size-medium\" src=\"https:\/\/beyondinfosys.com\/wp-content\/uploads\/2025\/03\/solutions-003-300x185.webp\" alt=\"\" width=\"300\" height=\"185\" srcset=\"https:\/\/beyondinfosys.com\/wp-content\/uploads\/2025\/03\/solutions-003-300x185.webp 300w, https:\/\/beyondinfosys.com\/wp-content\/uploads\/2025\/03\/solutions-003.webp 400w\" sizes=\"(max-width: 300px) 100vw, 300px\" \/><\/a><\/p>","protected":false},"excerpt":{"rendered":"<p><strong>Caracter\u00edsticas principales:<\/strong><\/p>\n<p>1. Intel 12\u00aa Gen. Alder Lake Core i7 12700TE<br \/>\n2. GPU: NVIDIA MXM T1000 \/ A2000 integrada<br \/>\n3. Doble salida de v\u00eddeo: Doble salida HDMI<br \/>\n4. Entrada de alimentaci\u00f3n: 9~36V Entrada de alimentaci\u00f3n CC aislada<br \/>\n5. IP67 total<br \/>\n6. Vibraci\u00f3n \/ choque MIL-STD-810G<br \/>\n7. MIL-STD-461F CE102, RE102<br \/>\n8. Ranura extra\u00edble: 1 ranura extra\u00edble para SSD de 2,5\u2033.<\/p>\n<p><img loading=\"lazy\" decoding=\"async\" class=\"alignnone size-full wp-image-2235\" src=\"https:\/\/beyondinfosys.com\/wp-content\/uploads\/2025\/03\/WIDE-VOLTAGE-1.webp\" alt=\"\" width=\"45\" height=\"45\" \/><img loading=\"lazy\" decoding=\"async\" class=\"alignnone size-full wp-image-2221\" src=\"https:\/\/beyondinfosys.com\/wp-content\/uploads\/2025\/03\/461-1.webp\" alt=\"\" width=\"45\" height=\"45\" \/> <img loading=\"lazy\" decoding=\"async\" class=\"alignnone size-full wp-image-2222\" src=\"https:\/\/beyondinfosys.com\/wp-content\/uploads\/2025\/03\/810-1.webp\" alt=\"\" width=\"45\" height=\"45\" \/><\/p>","protected":false},"featured_media":3811,"template":"","meta":{"site-sidebar-layout":"default","site-content-layout":"","ast-site-content-layout":"default","site-content-style":"default","site-sidebar-style":"default","ast-global-header-display":"","ast-banner-title-visibility":"","ast-main-header-display":"","ast-hfb-above-header-display":"","ast-hfb-below-header-display":"","ast-hfb-mobile-header-display":"","site-post-title":"","ast-breadcrumbs-content":"","ast-featured-img":"","footer-sml-layout":"","ast-disable-related-posts":"","theme-transparent-header-meta":"default","adv-header-id-meta":"","stick-header-meta":"default","header-above-stick-meta":"","header-main-stick-meta":"","header-below-stick-meta":"","astra-migrate-meta-layouts":"set","ast-page-background-enabled":"default","ast-page-background-meta":{"desktop":{"background-color":"","background-image":"","background-repeat":"repeat","background-position":"center center","background-size":"auto","background-attachment":"scroll","background-type":"","background-media":"","overlay-type":"","overlay-color":"","overlay-opacity":"","overlay-gradient":""},"tablet":{"background-color":"","background-image":"","background-repeat":"repeat","background-position":"center center","background-size":"auto","background-attachment":"scroll","background-type":"","background-media":"","overlay-type":"","overlay-color":"","overlay-opacity":"","overlay-gradient":""},"mobile":{"background-color":"","background-image":"","background-repeat":"repeat","background-position":"center center","background-size":"auto","background-attachment":"scroll","background-type":"","background-media":"","overlay-type":"","overlay-color":"","overlay-opacity":"","overlay-gradient":""}},"ast-content-background-meta":{"desktop":{"background-color":"var(--ast-global-color-5)","background-image":"","background-repeat":"repeat","background-position":"center center","background-size":"auto","background-attachment":"scroll","background-type":"","background-media":"","overlay-type":"","overlay-color":"","overlay-opacity":"","overlay-gradient":""},"tablet":{"background-color":"var(--ast-global-color-5)","background-image":"","background-repeat":"repeat","background-position":"center center","background-size":"auto","background-attachment":"scroll","background-type":"","background-media":"","overlay-type":"","overlay-color":"","overlay-opacity":"","overlay-gradient":""},"mobile":{"background-color":"var(--ast-global-color-5)","background-image":"","background-repeat":"repeat","background-position":"center center","background-size":"auto","background-attachment":"scroll","background-type":"","background-media":"","overlay-type":"","overlay-color":"","overlay-opacity":"","overlay-gradient":""}}},"product_brand":[],"product_cat":[39],"product_tag":[],"class_list":{"0":"post-3658","1":"product","2":"type-product","3":"status-publish","4":"has-post-thumbnail","6":"product_cat-military-grade-embedded-box-pc","7":"desktop-align-left","8":"tablet-align-left","9":"mobile-align-left","10":"ast-product-gallery-layout-horizontal-slider","11":"ast-product-tabs-layout-horizontal","13":"first","14":"instock","15":"shipping-taxable","16":"purchasable","17":"product-type-simple"},"yoast_head":"<!-- This site is optimized with the Yoast SEO Premium plugin v24.0 (Yoast SEO v27.4) - https:\/\/yoast.com\/product\/yoast-seo-premium-wordpress\/ -->\n<title>AI Ready Rugged Embedded PC- RML\u2011L67\u2011NV - Beyond Info Sys<\/title>\n<meta name=\"description\" content=\"Deploy rugged AI PCs with NVIDIA MXM GPU for industrial edge AI applications.Deploy powerful rugged PC with IP67 rating, ideal for industrial integrators.\" \/>\n<meta name=\"robots\" content=\"index, follow, max-snippet:-1, max-image-preview:large, max-video-preview:-1\" \/>\n<link rel=\"canonical\" href=\"https:\/\/beyondinfosys.com\/es\/producto\/pc-robusto-embebido-preparado-para-ai\/\" \/>\n<meta property=\"og:locale\" content=\"es_ES\" \/>\n<meta property=\"og:type\" content=\"article\" \/>\n<meta property=\"og:title\" content=\"AI Ready Rugged Embedded PC- RML\u2011L67\u2011NV\" \/>\n<meta property=\"og:description\" content=\"Deploy rugged AI PCs with NVIDIA MXM GPU for industrial edge AI applications.Deploy powerful rugged PC with IP67 rating, ideal for industrial integrators.\" \/>\n<meta property=\"og:url\" content=\"https:\/\/beyondinfosys.com\/es\/producto\/pc-robusto-embebido-preparado-para-ai\/\" \/>\n<meta property=\"og:site_name\" content=\"Beyond Info Sys\" \/>\n<meta property=\"article:modified_time\" content=\"2026-03-20T00:22:40+00:00\" \/>\n<meta property=\"og:image\" content=\"https:\/\/beyondinfosys.com\/wp-content\/uploads\/2025\/06\/RML-L67-NV-3.webp\" \/>\n\t<meta property=\"og:image:width\" content=\"1024\" \/>\n\t<meta property=\"og:image:height\" content=\"1024\" \/>\n\t<meta property=\"og:image:type\" content=\"image\/webp\" \/>\n<meta name=\"twitter:card\" content=\"summary_large_image\" \/>\n<meta name=\"twitter:label1\" content=\"Tiempo de lectura\" \/>\n\t<meta name=\"twitter:data1\" content=\"3 minutos\" \/>\n<script type=\"application\/ld+json\" class=\"yoast-schema-graph\">{\"@context\":\"https:\\\/\\\/schema.org\",\"@graph\":[{\"@type\":\"WebPage\",\"@id\":\"https:\\\/\\\/beyondinfosys.com\\\/product\\\/ai-ready-rugged-embedded-pc\\\/\",\"url\":\"https:\\\/\\\/beyondinfosys.com\\\/product\\\/ai-ready-rugged-embedded-pc\\\/\",\"name\":\"AI Ready Rugged Embedded PC- RML\u2011L67\u2011NV - Beyond Info Sys\",\"isPartOf\":{\"@id\":\"https:\\\/\\\/beyondinfosys.com\\\/#website\"},\"primaryImageOfPage\":{\"@id\":\"https:\\\/\\\/beyondinfosys.com\\\/product\\\/ai-ready-rugged-embedded-pc\\\/#primaryimage\"},\"image\":{\"@id\":\"https:\\\/\\\/beyondinfosys.com\\\/product\\\/ai-ready-rugged-embedded-pc\\\/#primaryimage\"},\"thumbnailUrl\":\"https:\\\/\\\/beyondinfosys.com\\\/wp-content\\\/uploads\\\/2025\\\/06\\\/RML-L67-NV-3.webp\",\"datePublished\":\"2025-06-01T13:39:19+00:00\",\"dateModified\":\"2026-03-20T00:22:40+00:00\",\"description\":\"Deploy rugged AI PCs with NVIDIA MXM GPU for industrial edge AI applications.Deploy powerful rugged PC with IP67 rating, ideal for industrial integrators.\",\"breadcrumb\":{\"@id\":\"https:\\\/\\\/beyondinfosys.com\\\/product\\\/ai-ready-rugged-embedded-pc\\\/#breadcrumb\"},\"inLanguage\":\"es\",\"potentialAction\":[{\"@type\":\"ReadAction\",\"target\":[\"https:\\\/\\\/beyondinfosys.com\\\/product\\\/ai-ready-rugged-embedded-pc\\\/\"]}]},{\"@type\":\"ImageObject\",\"inLanguage\":\"es\",\"@id\":\"https:\\\/\\\/beyondinfosys.com\\\/product\\\/ai-ready-rugged-embedded-pc\\\/#primaryimage\",\"url\":\"https:\\\/\\\/beyondinfosys.com\\\/wp-content\\\/uploads\\\/2025\\\/06\\\/RML-L67-NV-3.webp\",\"contentUrl\":\"https:\\\/\\\/beyondinfosys.com\\\/wp-content\\\/uploads\\\/2025\\\/06\\\/RML-L67-NV-3.webp\",\"width\":1024,\"height\":1024},{\"@type\":\"BreadcrumbList\",\"@id\":\"https:\\\/\\\/beyondinfosys.com\\\/product\\\/ai-ready-rugged-embedded-pc\\\/#breadcrumb\",\"itemListElement\":[{\"@type\":\"ListItem\",\"position\":1,\"name\":\"Home\",\"item\":\"https:\\\/\\\/beyondinfosys.com\\\/\"},{\"@type\":\"ListItem\",\"position\":2,\"name\":\"\u5546\u5e97\",\"item\":\"https:\\\/\\\/beyondinfosys.com\\\/shop\\\/\"},{\"@type\":\"ListItem\",\"position\":3,\"name\":\"AI Ready Rugged Embedded PC- RML\u2011L67\u2011NV\"}]},{\"@type\":\"WebSite\",\"@id\":\"https:\\\/\\\/beyondinfosys.com\\\/#website\",\"url\":\"https:\\\/\\\/beyondinfosys.com\\\/\",\"name\":\"Beyond Info Sys\",\"description\":\"\",\"publisher\":{\"@id\":\"https:\\\/\\\/beyondinfosys.com\\\/#organization\"},\"potentialAction\":[{\"@type\":\"SearchAction\",\"target\":{\"@type\":\"EntryPoint\",\"urlTemplate\":\"https:\\\/\\\/beyondinfosys.com\\\/?s={search_term_string}\"},\"query-input\":{\"@type\":\"PropertyValueSpecification\",\"valueRequired\":true,\"valueName\":\"search_term_string\"}}],\"inLanguage\":\"es\"},{\"@type\":\"Organization\",\"@id\":\"https:\\\/\\\/beyondinfosys.com\\\/#organization\",\"name\":\"Beyond Info Sys\",\"url\":\"https:\\\/\\\/beyondinfosys.com\\\/\",\"logo\":{\"@type\":\"ImageObject\",\"inLanguage\":\"es\",\"@id\":\"https:\\\/\\\/beyondinfosys.com\\\/#\\\/schema\\\/logo\\\/image\\\/\",\"url\":\"https:\\\/\\\/beyondinfosys.com\\\/wp-content\\\/uploads\\\/2025\\\/01\\\/LOGO-full.svg\",\"contentUrl\":\"https:\\\/\\\/beyondinfosys.com\\\/wp-content\\\/uploads\\\/2025\\\/01\\\/LOGO-full.svg\",\"width\":219,\"height\":83,\"caption\":\"Beyond Info Sys\"},\"image\":{\"@id\":\"https:\\\/\\\/beyondinfosys.com\\\/#\\\/schema\\\/logo\\\/image\\\/\"}}]}<\/script>\n<!-- \/ Yoast SEO Premium plugin. -->","yoast_head_json":{"title":"PC robusto integrado preparado para IA- RML-L67-NV - Beyond Info Sys","description":"Implemente PC de IA resistentes con GPU NVIDIA MXM para aplicaciones industriales de IA de vanguardia.Implemente un potente PC resistente con clasificaci\u00f3n IP67, ideal para integradores industriales.","robots":{"index":"index","follow":"follow","max-snippet":"max-snippet:-1","max-image-preview":"max-image-preview:large","max-video-preview":"max-video-preview:-1"},"canonical":"https:\/\/beyondinfosys.com\/es\/producto\/pc-robusto-embebido-preparado-para-ai\/","og_locale":"es_ES","og_type":"article","og_title":"AI Ready Rugged Embedded PC- RML\u2011L67\u2011NV","og_description":"Deploy rugged AI PCs with NVIDIA MXM GPU for industrial edge AI applications.Deploy powerful rugged PC with IP67 rating, ideal for industrial integrators.","og_url":"https:\/\/beyondinfosys.com\/es\/producto\/pc-robusto-embebido-preparado-para-ai\/","og_site_name":"Beyond Info Sys","article_modified_time":"2026-03-20T00:22:40+00:00","og_image":[{"width":1024,"height":1024,"url":"https:\/\/beyondinfosys.com\/wp-content\/uploads\/2025\/06\/RML-L67-NV-3.webp","type":"image\/webp"}],"twitter_card":"summary_large_image","twitter_misc":{"Tiempo de lectura":"3 minutos"},"schema":{"@context":"https:\/\/schema.org","@graph":[{"@type":"WebPage","@id":"https:\/\/beyondinfosys.com\/product\/ai-ready-rugged-embedded-pc\/","url":"https:\/\/beyondinfosys.com\/product\/ai-ready-rugged-embedded-pc\/","name":"PC robusto integrado preparado para IA- RML-L67-NV - Beyond Info Sys","isPartOf":{"@id":"https:\/\/beyondinfosys.com\/#website"},"primaryImageOfPage":{"@id":"https:\/\/beyondinfosys.com\/product\/ai-ready-rugged-embedded-pc\/#primaryimage"},"image":{"@id":"https:\/\/beyondinfosys.com\/product\/ai-ready-rugged-embedded-pc\/#primaryimage"},"thumbnailUrl":"https:\/\/beyondinfosys.com\/wp-content\/uploads\/2025\/06\/RML-L67-NV-3.webp","datePublished":"2025-06-01T13:39:19+00:00","dateModified":"2026-03-20T00:22:40+00:00","description":"Implemente PC de IA resistentes con GPU NVIDIA MXM para aplicaciones industriales de IA de vanguardia.Implemente un potente PC resistente con clasificaci\u00f3n IP67, ideal para integradores industriales.","breadcrumb":{"@id":"https:\/\/beyondinfosys.com\/product\/ai-ready-rugged-embedded-pc\/#breadcrumb"},"inLanguage":"es","potentialAction":[{"@type":"ReadAction","target":["https:\/\/beyondinfosys.com\/product\/ai-ready-rugged-embedded-pc\/"]}]},{"@type":"ImageObject","inLanguage":"es","@id":"https:\/\/beyondinfosys.com\/product\/ai-ready-rugged-embedded-pc\/#primaryimage","url":"https:\/\/beyondinfosys.com\/wp-content\/uploads\/2025\/06\/RML-L67-NV-3.webp","contentUrl":"https:\/\/beyondinfosys.com\/wp-content\/uploads\/2025\/06\/RML-L67-NV-3.webp","width":1024,"height":1024},{"@type":"BreadcrumbList","@id":"https:\/\/beyondinfosys.com\/product\/ai-ready-rugged-embedded-pc\/#breadcrumb","itemListElement":[{"@type":"ListItem","position":1,"name":"Home","item":"https:\/\/beyondinfosys.com\/"},{"@type":"ListItem","position":2,"name":"\u5546\u5e97","item":"https:\/\/beyondinfosys.com\/shop\/"},{"@type":"ListItem","position":3,"name":"AI Ready Rugged Embedded PC- RML\u2011L67\u2011NV"}]},{"@type":"WebSite","@id":"https:\/\/beyondinfosys.com\/#website","url":"https:\/\/beyondinfosys.com\/","name":"M\u00e1s all\u00e1 de los sistemas de informaci\u00f3n","description":"","publisher":{"@id":"https:\/\/beyondinfosys.com\/#organization"},"potentialAction":[{"@type":"SearchAction","target":{"@type":"EntryPoint","urlTemplate":"https:\/\/beyondinfosys.com\/?s={search_term_string}"},"query-input":{"@type":"PropertyValueSpecification","valueRequired":true,"valueName":"search_term_string"}}],"inLanguage":"es"},{"@type":"Organization","@id":"https:\/\/beyondinfosys.com\/#organization","name":"M\u00e1s all\u00e1 de los sistemas de informaci\u00f3n","url":"https:\/\/beyondinfosys.com\/","logo":{"@type":"ImageObject","inLanguage":"es","@id":"https:\/\/beyondinfosys.com\/#\/schema\/logo\/image\/","url":"https:\/\/beyondinfosys.com\/wp-content\/uploads\/2025\/01\/LOGO-full.svg","contentUrl":"https:\/\/beyondinfosys.com\/wp-content\/uploads\/2025\/01\/LOGO-full.svg","width":219,"height":83,"caption":"Beyond Info Sys"},"image":{"@id":"https:\/\/beyondinfosys.com\/#\/schema\/logo\/image\/"}}]}},"_links":{"self":[{"href":"https:\/\/beyondinfosys.com\/es\/wp-json\/wp\/v2\/product\/3658","targetHints":{"allow":["GET"]}}],"collection":[{"href":"https:\/\/beyondinfosys.com\/es\/wp-json\/wp\/v2\/product"}],"about":[{"href":"https:\/\/beyondinfosys.com\/es\/wp-json\/wp\/v2\/types\/product"}],"wp:featuredmedia":[{"embeddable":true,"href":"https:\/\/beyondinfosys.com\/es\/wp-json\/wp\/v2\/media\/3811"}],"wp:attachment":[{"href":"https:\/\/beyondinfosys.com\/es\/wp-json\/wp\/v2\/media?parent=3658"}],"wp:term":[{"taxonomy":"product_brand","embeddable":true,"href":"https:\/\/beyondinfosys.com\/es\/wp-json\/wp\/v2\/product_brand?post=3658"},{"taxonomy":"product_cat","embeddable":true,"href":"https:\/\/beyondinfosys.com\/es\/wp-json\/wp\/v2\/product_cat?post=3658"},{"taxonomy":"product_tag","embeddable":true,"href":"https:\/\/beyondinfosys.com\/es\/wp-json\/wp\/v2\/product_tag?post=3658"}],"curies":[{"name":"wp","href":"https:\/\/api.w.org\/{rel}","templated":true}]}}