{"id":3660,"date":"2025-06-01T21:50:25","date_gmt":"2025-06-01T13:50:25","guid":{"rendered":"https:\/\/beyondinfosys.com\/?post_type=product&#038;p=3660"},"modified":"2026-03-20T08:06:39","modified_gmt":"2026-03-20T00:06:39","slug":"rml-10rb","status":"publish","type":"product","link":"https:\/\/beyondinfosys.com\/es\/product\/rml-10rb\/","title":{"rendered":"RML-10RB"},"content":{"rendered":"<h2 data-start=\"192\" data-end=\"237\">Sistema de PC de panel t\u00e1ctil robusto todo en uno para la integraci\u00f3n en veh\u00edculos militares y del ej\u00e9rcito<\/h2>\n<p class=\"\" data-start=\"238\" data-end=\"342\">Dise\u00f1ado espec\u00edficamente para entornos de veh\u00edculos militares y t\u00e1cticos, este robusto sistema integrado est\u00e1 equipado con el procesador Intel\u00ae Bay Trail Celeron N2930, que ofrece un rendimiento eficiente y estable para operaciones de misi\u00f3n cr\u00edtica como el control de veh\u00edculos, la comunicaci\u00f3n y la navegaci\u00f3n.<br \/>\nEl sistema integra conectores D38999III de calidad militar, que ofrecen E\/S robustas y seguras, como Ethernet, VGA, USB, RS232 y RS422, ideales para conectar perif\u00e9ricos militares antiguos y modernos. Dise\u00f1ado con una entrada de alimentaci\u00f3n de CC aislante de 18~36 V de amplio rango, garantiza un suministro de alimentaci\u00f3n seguro y constante en condiciones de campo fluctuantes.<br \/>\nCon protecci\u00f3n total IP67, esta unidad est\u00e1 totalmente sellada contra el polvo, el agua y los elementos ambientales, mientras que su dise\u00f1o de montaje VESA permite una f\u00e1cil integraci\u00f3n en interiores de veh\u00edculos o sistemas de campo port\u00e1tiles. El panel frontal incluye botones duraderos para encendido\/apagado, reinicio y ajuste del brillo, que proporcionan un acceso r\u00e1pido en escenarios de alta presi\u00f3n.<br \/>\nCertificado MIL-STD-810G para resistencia a vibraciones y golpes y MIL-STD-461F (CE102, RE102) para compatibilidad electromagn\u00e9tica, este dispositivo est\u00e1 dise\u00f1ado para funcionar de forma fiable en entornos militares y m\u00f3viles dif\u00edciles.<\/p>\n<h4 data-start=\"238\" data-end=\"342\">Caracter\u00edsticas principales<\/h4>\n<ul>\n<li data-start=\"238\" data-end=\"342\">Procesador Intel\u00ae Bay Trail Celeron N2930 para un rendimiento energ\u00e9ticamente eficiente<\/li>\n<li data-start=\"238\" data-end=\"342\">Conectores D38999III: 1x Ethernet, 1x VGA, 2x USB, 1x RS232, 1x RS422<\/li>\n<li data-start=\"238\" data-end=\"342\">Entrada de alimentaci\u00f3n de CC aislante de 18~36 V para compatibilidad con veh\u00edculos robustos<\/li>\n<li data-start=\"238\" data-end=\"342\">Carcasa con clasificaci\u00f3n IP67 para una protecci\u00f3n total contra el agua y el polvo<\/li>\n<li data-start=\"238\" data-end=\"342\">Dise\u00f1o de montaje VESA para una instalaci\u00f3n flexible<\/li>\n<li data-start=\"238\" data-end=\"342\">Botones resistentes en el panel frontal: Encendido\/Apagado, Reinicio, Brillo +\/-<\/li>\n<li data-start=\"238\" data-end=\"342\">Certificaci\u00f3n MIL-STD-810G contra vibraciones y golpes<\/li>\n<li data-start=\"238\" data-end=\"342\">Certificaci\u00f3n MIL-STD-461F para EMI\/EMC (CE102, RE102)<\/li>\n<\/ul>\n<h4>Ventajas<\/h4>\n<ul>\n<li>Rendimiento fiable en condiciones extremas, incluidas vibraciones y choques del veh\u00edculo<\/li>\n<li>Construcci\u00f3n sellada ideal para operaciones militares en entornos polvorientos, h\u00famedos o al aire libre<\/li>\n<li>Comunicaci\u00f3n de datos segura y estable mediante conectores con especificaciones militares<\/li>\n<li>Manejo sencillo sobre el terreno mediante botones f\u00edsicos con guantes o de respuesta r\u00e1pida<\/li>\n<li>Configuraci\u00f3n vers\u00e1til de E\/S para sistemas modernos y antiguos<\/li>\n<\/ul>\n<h4 class=\"\" data-start=\"1723\" data-end=\"1747\">Ideal para<\/h4>\n<ul>\n<li data-start=\"1750\" data-end=\"1796\">Veh\u00edculos blindados militares para control y diagn\u00f3stico de misiones<\/li>\n<li data-start=\"1750\" data-end=\"1796\">Plataformas de transporte t\u00e1ctico con necesidades inform\u00e1ticas a bordo<\/li>\n<li data-start=\"1750\" data-end=\"1796\">Centros de mando m\u00f3viles para las comunicaciones en el campo de batalla<\/li>\n<li data-start=\"1750\" data-end=\"1796\">Unidades de vigilancia sobre el terreno y control de sensores<\/li>\n<li data-start=\"1750\" data-end=\"1796\">Paneles de navegaci\u00f3n y control montados en veh\u00edculos en terrenos dif\u00edciles<\/li>\n<\/ul>\n<p><img fetchpriority=\"high\" decoding=\"async\" class=\"alignnone wp-image-3952 size-full\" style=\"font-weight: inherit;\" src=\"https:\/\/beyondinfosys.com\/wp-content\/uploads\/2025\/06\/\u7522\u54c1\u9801\u5716-\u62f7\u8c9d-15.webp\" alt=\"\" width=\"1024\" height=\"1296\" srcset=\"https:\/\/beyondinfosys.com\/wp-content\/uploads\/2025\/06\/\u7522\u54c1\u9801\u5716-\u62f7\u8c9d-15.webp 1024w, https:\/\/beyondinfosys.com\/wp-content\/uploads\/2025\/06\/\u7522\u54c1\u9801\u5716-\u62f7\u8c9d-15-237x300.webp 237w, https:\/\/beyondinfosys.com\/wp-content\/uploads\/2025\/06\/\u7522\u54c1\u9801\u5716-\u62f7\u8c9d-15-809x1024.webp 809w, https:\/\/beyondinfosys.com\/wp-content\/uploads\/2025\/06\/\u7522\u54c1\u9801\u5716-\u62f7\u8c9d-15-768x972.webp 768w, https:\/\/beyondinfosys.com\/wp-content\/uploads\/2025\/06\/\u7522\u54c1\u9801\u5716-\u62f7\u8c9d-15-600x759.webp 600w\" sizes=\"(max-width: 1024px) 100vw, 1024px\" \/><\/p>\n<h2 style=\"text-align: center;\">Aplicaciones<\/h2>\n<p><a href=\"\/es\/militar\/\"><img decoding=\"async\" class=\"alignnone wp-image-3656 size-medium\" src=\"https:\/\/beyondinfosys.com\/wp-content\/uploads\/2025\/06\/solutions-007-300x185.webp\" alt=\"\" width=\"300\" height=\"185\" srcset=\"https:\/\/beyondinfosys.com\/wp-content\/uploads\/2025\/06\/solutions-007-300x185.webp 300w, https:\/\/beyondinfosys.com\/wp-content\/uploads\/2025\/06\/solutions-007.webp 400w\" sizes=\"(max-width: 300px) 100vw, 300px\" \/><\/a><\/p>","protected":false},"excerpt":{"rendered":"<p><strong>Caracter\u00edsticas principales:<\/strong><\/p>\n<p>1. Intel Baytrail Celeron N2930<br \/>\n2. D38999III: 1x Ethernet, 1xVGA, 2xUSB, 1xRS232. 1xRS422<br \/>\n3. Alimentaci\u00f3n: 18~36V Entrada de alimentaci\u00f3n CC aislada<br \/>\n4. IP67 completo , montaje VESA<br \/>\n5. Botones: Encendido\/Apagado, Reinicio, Brillo +\/-<br \/>\n6. Vibraci\u00f3n \/ choque MIL-STD-810G<br \/>\n7. MIL-STD-461F CE102, RE102<\/p>\n<p><img decoding=\"async\" class=\"alignnone size-full wp-image-2221\" src=\"https:\/\/beyondinfosys.com\/wp-content\/uploads\/2025\/03\/461-1.webp\" alt=\"\" width=\"45\" height=\"45\" \/> <img loading=\"lazy\" decoding=\"async\" class=\"alignnone size-full wp-image-2222\" src=\"https:\/\/beyondinfosys.com\/wp-content\/uploads\/2025\/03\/810-1.webp\" alt=\"\" width=\"45\" height=\"45\" \/><\/p>","protected":false},"featured_media":3831,"template":"","meta":{"site-sidebar-layout":"default","site-content-layout":"","ast-site-content-layout":"default","site-content-style":"default","site-sidebar-style":"default","ast-global-header-display":"","ast-banner-title-visibility":"","ast-main-header-display":"","ast-hfb-above-header-display":"","ast-hfb-below-header-display":"","ast-hfb-mobile-header-display":"","site-post-title":"","ast-breadcrumbs-content":"","ast-featured-img":"","footer-sml-layout":"","ast-disable-related-posts":"","theme-transparent-header-meta":"default","adv-header-id-meta":"","stick-header-meta":"default","header-above-stick-meta":"","header-main-stick-meta":"","header-below-stick-meta":"","astra-migrate-meta-layouts":"set","ast-page-background-enabled":"default","ast-page-background-meta":{"desktop":{"background-color":"","background-image":"","background-repeat":"repeat","background-position":"center center","background-size":"auto","background-attachment":"scroll","background-type":"","background-media":"","overlay-type":"","overlay-color":"","overlay-opacity":"","overlay-gradient":""},"tablet":{"background-color":"","background-image":"","background-repeat":"repeat","background-position":"center center","background-size":"auto","background-attachment":"scroll","background-type":"","background-media":"","overlay-type":"","overlay-color":"","overlay-opacity":"","overlay-gradient":""},"mobile":{"background-color":"","background-image":"","background-repeat":"repeat","background-position":"center center","background-size":"auto","background-attachment":"scroll","background-type":"","background-media":"","overlay-type":"","overlay-color":"","overlay-opacity":"","overlay-gradient":""}},"ast-content-background-meta":{"desktop":{"background-color":"var(--ast-global-color-5)","background-image":"","background-repeat":"repeat","background-position":"center center","background-size":"auto","background-attachment":"scroll","background-type":"","background-media":"","overlay-type":"","overlay-color":"","overlay-opacity":"","overlay-gradient":""},"tablet":{"background-color":"var(--ast-global-color-5)","background-image":"","background-repeat":"repeat","background-position":"center center","background-size":"auto","background-attachment":"scroll","background-type":"","background-media":"","overlay-type":"","overlay-color":"","overlay-opacity":"","overlay-gradient":""},"mobile":{"background-color":"var(--ast-global-color-5)","background-image":"","background-repeat":"repeat","background-position":"center center","background-size":"auto","background-attachment":"scroll","background-type":"","background-media":"","overlay-type":"","overlay-color":"","overlay-opacity":"","overlay-gradient":""}}},"product_brand":[],"product_cat":[40],"product_tag":[],"class_list":{"0":"post-3660","1":"product","2":"type-product","3":"status-publish","4":"has-post-thumbnail","6":"product_cat-military-grade-panel-pc","7":"desktop-align-left","8":"tablet-align-left","9":"mobile-align-left","10":"ast-product-gallery-layout-horizontal-slider","11":"ast-product-tabs-layout-horizontal","13":"first","14":"instock","15":"shipping-taxable","16":"purchasable","17":"product-type-simple"},"yoast_head":"<!-- This site is optimized with the Yoast SEO Premium plugin v24.0 (Yoast SEO v27.4) - https:\/\/yoast.com\/product\/yoast-seo-premium-wordpress\/ -->\n<title>RML-10RB - Beyond Info Sys<\/title>\n<meta name=\"robots\" content=\"index, follow, max-snippet:-1, max-image-preview:large, max-video-preview:-1\" \/>\n<link rel=\"canonical\" href=\"https:\/\/beyondinfosys.com\/es\/producto\/rml-10rb\/\" \/>\n<meta property=\"og:locale\" content=\"es_ES\" \/>\n<meta property=\"og:type\" content=\"article\" \/>\n<meta property=\"og:title\" content=\"RML-10RB\" \/>\n<meta property=\"og:description\" content=\"Key Features:  1. Intel Baytrail Celeron N2930 2. D38999III: 1x Ethernet, 1xVGA, 2xUSB, 1xRS232. 1xRS422 3. Power: 18~36V Isolative DC power input 4. Full IP67 , VESA mount 5. Buttons: On\/Off, Reset, Brightness +\/- 6. MIL-STD-810G vibration \/ shock 7. MIL-STD-461F CE102, RE102\" \/>\n<meta property=\"og:url\" content=\"https:\/\/beyondinfosys.com\/es\/producto\/rml-10rb\/\" \/>\n<meta property=\"og:site_name\" content=\"Beyond Info Sys\" \/>\n<meta property=\"article:modified_time\" content=\"2026-03-20T00:06:39+00:00\" \/>\n<meta property=\"og:image\" content=\"https:\/\/beyondinfosys.com\/wp-content\/uploads\/2025\/06\/RML-10RB-2.webp\" \/>\n\t<meta property=\"og:image:width\" content=\"1024\" \/>\n\t<meta property=\"og:image:height\" content=\"1024\" \/>\n\t<meta property=\"og:image:type\" content=\"image\/webp\" \/>\n<meta name=\"twitter:card\" content=\"summary_large_image\" \/>\n<meta name=\"twitter:label1\" content=\"Tiempo de lectura\" \/>\n\t<meta name=\"twitter:data1\" content=\"3 minutos\" \/>\n<script type=\"application\/ld+json\" class=\"yoast-schema-graph\">{\"@context\":\"https:\\\/\\\/schema.org\",\"@graph\":[{\"@type\":\"WebPage\",\"@id\":\"https:\\\/\\\/beyondinfosys.com\\\/product\\\/rml-10rb\\\/\",\"url\":\"https:\\\/\\\/beyondinfosys.com\\\/product\\\/rml-10rb\\\/\",\"name\":\"RML-10RB - Beyond Info Sys\",\"isPartOf\":{\"@id\":\"https:\\\/\\\/beyondinfosys.com\\\/#website\"},\"primaryImageOfPage\":{\"@id\":\"https:\\\/\\\/beyondinfosys.com\\\/product\\\/rml-10rb\\\/#primaryimage\"},\"image\":{\"@id\":\"https:\\\/\\\/beyondinfosys.com\\\/product\\\/rml-10rb\\\/#primaryimage\"},\"thumbnailUrl\":\"https:\\\/\\\/beyondinfosys.com\\\/wp-content\\\/uploads\\\/2025\\\/06\\\/RML-10RB-2.webp\",\"datePublished\":\"2025-06-01T13:50:25+00:00\",\"dateModified\":\"2026-03-20T00:06:39+00:00\",\"breadcrumb\":{\"@id\":\"https:\\\/\\\/beyondinfosys.com\\\/product\\\/rml-10rb\\\/#breadcrumb\"},\"inLanguage\":\"es\",\"potentialAction\":[{\"@type\":\"ReadAction\",\"target\":[\"https:\\\/\\\/beyondinfosys.com\\\/product\\\/rml-10rb\\\/\"]}]},{\"@type\":\"ImageObject\",\"inLanguage\":\"es\",\"@id\":\"https:\\\/\\\/beyondinfosys.com\\\/product\\\/rml-10rb\\\/#primaryimage\",\"url\":\"https:\\\/\\\/beyondinfosys.com\\\/wp-content\\\/uploads\\\/2025\\\/06\\\/RML-10RB-2.webp\",\"contentUrl\":\"https:\\\/\\\/beyondinfosys.com\\\/wp-content\\\/uploads\\\/2025\\\/06\\\/RML-10RB-2.webp\",\"width\":1024,\"height\":1024},{\"@type\":\"BreadcrumbList\",\"@id\":\"https:\\\/\\\/beyondinfosys.com\\\/product\\\/rml-10rb\\\/#breadcrumb\",\"itemListElement\":[{\"@type\":\"ListItem\",\"position\":1,\"name\":\"Home\",\"item\":\"https:\\\/\\\/beyondinfosys.com\\\/\"},{\"@type\":\"ListItem\",\"position\":2,\"name\":\"\u5546\u5e97\",\"item\":\"https:\\\/\\\/beyondinfosys.com\\\/shop\\\/\"},{\"@type\":\"ListItem\",\"position\":3,\"name\":\"RML-10RB\"}]},{\"@type\":\"WebSite\",\"@id\":\"https:\\\/\\\/beyondinfosys.com\\\/#website\",\"url\":\"https:\\\/\\\/beyondinfosys.com\\\/\",\"name\":\"Beyond Info Sys\",\"description\":\"\",\"publisher\":{\"@id\":\"https:\\\/\\\/beyondinfosys.com\\\/#organization\"},\"potentialAction\":[{\"@type\":\"SearchAction\",\"target\":{\"@type\":\"EntryPoint\",\"urlTemplate\":\"https:\\\/\\\/beyondinfosys.com\\\/?s={search_term_string}\"},\"query-input\":{\"@type\":\"PropertyValueSpecification\",\"valueRequired\":true,\"valueName\":\"search_term_string\"}}],\"inLanguage\":\"es\"},{\"@type\":\"Organization\",\"@id\":\"https:\\\/\\\/beyondinfosys.com\\\/#organization\",\"name\":\"Beyond Info Sys\",\"url\":\"https:\\\/\\\/beyondinfosys.com\\\/\",\"logo\":{\"@type\":\"ImageObject\",\"inLanguage\":\"es\",\"@id\":\"https:\\\/\\\/beyondinfosys.com\\\/#\\\/schema\\\/logo\\\/image\\\/\",\"url\":\"https:\\\/\\\/beyondinfosys.com\\\/wp-content\\\/uploads\\\/2025\\\/01\\\/LOGO-full.svg\",\"contentUrl\":\"https:\\\/\\\/beyondinfosys.com\\\/wp-content\\\/uploads\\\/2025\\\/01\\\/LOGO-full.svg\",\"width\":219,\"height\":83,\"caption\":\"Beyond Info Sys\"},\"image\":{\"@id\":\"https:\\\/\\\/beyondinfosys.com\\\/#\\\/schema\\\/logo\\\/image\\\/\"}}]}<\/script>\n<!-- \/ Yoast SEO Premium plugin. -->","yoast_head_json":{"title":"RML-10RB - Beyond Info Sys","robots":{"index":"index","follow":"follow","max-snippet":"max-snippet:-1","max-image-preview":"max-image-preview:large","max-video-preview":"max-video-preview:-1"},"canonical":"https:\/\/beyondinfosys.com\/es\/producto\/rml-10rb\/","og_locale":"es_ES","og_type":"article","og_title":"RML-10RB","og_description":"Key Features:  1. Intel Baytrail Celeron N2930 2. D38999III: 1x Ethernet, 1xVGA, 2xUSB, 1xRS232. 1xRS422 3. Power: 18~36V Isolative DC power input 4. Full IP67 , VESA mount 5. Buttons: On\/Off, Reset, Brightness +\/- 6. MIL-STD-810G vibration \/ shock 7. MIL-STD-461F CE102, RE102","og_url":"https:\/\/beyondinfosys.com\/es\/producto\/rml-10rb\/","og_site_name":"Beyond Info Sys","article_modified_time":"2026-03-20T00:06:39+00:00","og_image":[{"width":1024,"height":1024,"url":"https:\/\/beyondinfosys.com\/wp-content\/uploads\/2025\/06\/RML-10RB-2.webp","type":"image\/webp"}],"twitter_card":"summary_large_image","twitter_misc":{"Tiempo de lectura":"3 minutos"},"schema":{"@context":"https:\/\/schema.org","@graph":[{"@type":"WebPage","@id":"https:\/\/beyondinfosys.com\/product\/rml-10rb\/","url":"https:\/\/beyondinfosys.com\/product\/rml-10rb\/","name":"RML-10RB - Beyond Info Sys","isPartOf":{"@id":"https:\/\/beyondinfosys.com\/#website"},"primaryImageOfPage":{"@id":"https:\/\/beyondinfosys.com\/product\/rml-10rb\/#primaryimage"},"image":{"@id":"https:\/\/beyondinfosys.com\/product\/rml-10rb\/#primaryimage"},"thumbnailUrl":"https:\/\/beyondinfosys.com\/wp-content\/uploads\/2025\/06\/RML-10RB-2.webp","datePublished":"2025-06-01T13:50:25+00:00","dateModified":"2026-03-20T00:06:39+00:00","breadcrumb":{"@id":"https:\/\/beyondinfosys.com\/product\/rml-10rb\/#breadcrumb"},"inLanguage":"es","potentialAction":[{"@type":"ReadAction","target":["https:\/\/beyondinfosys.com\/product\/rml-10rb\/"]}]},{"@type":"ImageObject","inLanguage":"es","@id":"https:\/\/beyondinfosys.com\/product\/rml-10rb\/#primaryimage","url":"https:\/\/beyondinfosys.com\/wp-content\/uploads\/2025\/06\/RML-10RB-2.webp","contentUrl":"https:\/\/beyondinfosys.com\/wp-content\/uploads\/2025\/06\/RML-10RB-2.webp","width":1024,"height":1024},{"@type":"BreadcrumbList","@id":"https:\/\/beyondinfosys.com\/product\/rml-10rb\/#breadcrumb","itemListElement":[{"@type":"ListItem","position":1,"name":"Home","item":"https:\/\/beyondinfosys.com\/"},{"@type":"ListItem","position":2,"name":"\u5546\u5e97","item":"https:\/\/beyondinfosys.com\/shop\/"},{"@type":"ListItem","position":3,"name":"RML-10RB"}]},{"@type":"WebSite","@id":"https:\/\/beyondinfosys.com\/#website","url":"https:\/\/beyondinfosys.com\/","name":"M\u00e1s all\u00e1 de los sistemas de informaci\u00f3n","description":"","publisher":{"@id":"https:\/\/beyondinfosys.com\/#organization"},"potentialAction":[{"@type":"SearchAction","target":{"@type":"EntryPoint","urlTemplate":"https:\/\/beyondinfosys.com\/?s={search_term_string}"},"query-input":{"@type":"PropertyValueSpecification","valueRequired":true,"valueName":"search_term_string"}}],"inLanguage":"es"},{"@type":"Organization","@id":"https:\/\/beyondinfosys.com\/#organization","name":"M\u00e1s all\u00e1 de los sistemas de informaci\u00f3n","url":"https:\/\/beyondinfosys.com\/","logo":{"@type":"ImageObject","inLanguage":"es","@id":"https:\/\/beyondinfosys.com\/#\/schema\/logo\/image\/","url":"https:\/\/beyondinfosys.com\/wp-content\/uploads\/2025\/01\/LOGO-full.svg","contentUrl":"https:\/\/beyondinfosys.com\/wp-content\/uploads\/2025\/01\/LOGO-full.svg","width":219,"height":83,"caption":"Beyond Info Sys"},"image":{"@id":"https:\/\/beyondinfosys.com\/#\/schema\/logo\/image\/"}}]}},"_links":{"self":[{"href":"https:\/\/beyondinfosys.com\/es\/wp-json\/wp\/v2\/product\/3660","targetHints":{"allow":["GET"]}}],"collection":[{"href":"https:\/\/beyondinfosys.com\/es\/wp-json\/wp\/v2\/product"}],"about":[{"href":"https:\/\/beyondinfosys.com\/es\/wp-json\/wp\/v2\/types\/product"}],"wp:featuredmedia":[{"embeddable":true,"href":"https:\/\/beyondinfosys.com\/es\/wp-json\/wp\/v2\/media\/3831"}],"wp:attachment":[{"href":"https:\/\/beyondinfosys.com\/es\/wp-json\/wp\/v2\/media?parent=3660"}],"wp:term":[{"taxonomy":"product_brand","embeddable":true,"href":"https:\/\/beyondinfosys.com\/es\/wp-json\/wp\/v2\/product_brand?post=3660"},{"taxonomy":"product_cat","embeddable":true,"href":"https:\/\/beyondinfosys.com\/es\/wp-json\/wp\/v2\/product_cat?post=3660"},{"taxonomy":"product_tag","embeddable":true,"href":"https:\/\/beyondinfosys.com\/es\/wp-json\/wp\/v2\/product_tag?post=3660"}],"curies":[{"name":"wp","href":"https:\/\/api.w.org\/{rel}","templated":true}]}}