{"id":3664,"date":"2025-06-01T22:04:56","date_gmt":"2025-06-01T14:04:56","guid":{"rendered":"https:\/\/beyondinfosys.com\/?post_type=product&#038;p=3664"},"modified":"2026-03-20T08:12:53","modified_gmt":"2026-03-20T00:12:53","slug":"submarine-touch-panel-pc","status":"publish","type":"product","link":"https:\/\/beyondinfosys.com\/es\/product\/submarine-touch-panel-pc\/","title":{"rendered":"PC t\u00e1ctil submarino"},"content":{"rendered":"<h2>Sistema integrado submarino robusto con protecci\u00f3n EMI avanzada<\/h2>\n<p>Dise\u00f1ado para misiones cr\u00edticas en entornos sumergidos, este robusto sistema integrado ofrece alto rendimiento, conectividad avanzada y protecci\u00f3n electromagn\u00e9tica superior, ideal para plataformas submarinas de navegaci\u00f3n, control y comunicaci\u00f3n. Equipado con el procesador Intel\u00ae Core i7-8665UE de 8.\u00aa generaci\u00f3n, ofrece un potente rendimiento multin\u00facleo optimizado para operaciones militares exigentes en espacios reducidos.<br \/>\nPara garantizar conexiones seguras y selladas en entornos con acceso limitado y alta EMI, el sistema est\u00e1 equipado con conectores C3 met\u00e1licos, incluidos 2 puertos LAN RJ45, 2 puertos USB y 2 puertos RS232. La carcasa est\u00e1 construida conforme a las normas IP66, lo que proporciona una protecci\u00f3n completa contra la intrusi\u00f3n de agua y polvo, mientras que su configuraci\u00f3n para montaje en bastidor o montaje VESA permite una integraci\u00f3n perfecta en bastidores submarinos o paneles de control empotrados.<br \/>\nEste sistema, certificado seg\u00fan las normas MIL-STD-810G y MIL-STD-167A para vibraciones y golpes, y que cumple un amplio conjunto de normas MIL-STD-461F EMI\/EMC (CE101, CE102, RE101, RE102, CS101, CS103, CS106, CS114, RS103), garantiza un funcionamiento fiable en entornos con elevadas interferencias electromagn\u00e9ticas y tensiones mec\u00e1nicas, habituales a bordo de submarinos.<\/p>\n<h4 data-start=\"238\" data-end=\"342\">Caracter\u00edsticas principales<\/h4>\n<ul>\n<li data-start=\"238\" data-end=\"342\">Intel\u00ae Core i7-8665UE de 8\u00aa generaci\u00f3n para un rendimiento multihilo de alta eficiencia<\/li>\n<li data-start=\"238\" data-end=\"342\">Conectores C3 met\u00e1licos: 2x RJ45, 2x USB, 2x RS232 para E\/S seguras<\/li>\n<li data-start=\"238\" data-end=\"342\">Chasis con clasificaci\u00f3n IP66 para protecci\u00f3n contra el agua y el polvo<\/li>\n<li data-start=\"238\" data-end=\"342\">Opciones de montaje en bastidor \/ montaje VESA para una instalaci\u00f3n submarina flexible<\/li>\n<li data-start=\"238\" data-end=\"342\">MIL-STD-810G y MIL-STD-167A para resistencia a golpes y vibraciones<\/li>\n<li data-start=\"238\" data-end=\"342\">Certificado seg\u00fan MIL-STD-461F: CE101, CE102, RE101, RE102, CS101, CS103, CS106, CS114, RS103<\/li>\n<\/ul>\n<h4>Ventajas<\/h4>\n<ul>\n<li>Dise\u00f1ado espec\u00edficamente para entornos de control submarino compactos y de alta presi\u00f3n<\/li>\n<li>Soporta vibraciones y movimientos constantes durante las operaciones submarinas<\/li>\n<li>Certificaci\u00f3n EMI\/EMC para zonas con muchas interferencias con radares, sonares y sistemas de radiofrecuencia.<\/li>\n<li>Los conectores de calidad militar garantizan la integridad del cable en carcasas selladas<\/li>\n<li>Montaje flexible y carcasa IP66 ideal para consolas submarinas estrechas y de misi\u00f3n cr\u00edtica<\/li>\n<\/ul>\n<h4 class=\"\" data-start=\"1723\" data-end=\"1747\">Ideal para<\/h4>\n<ul>\n<li data-start=\"1750\" data-end=\"1796\">Sistemas de navegaci\u00f3n y control submarinos<\/li>\n<li data-start=\"1750\" data-end=\"1796\">Paneles de control y gesti\u00f3n de combate a bordo<\/li>\n<li data-start=\"1750\" data-end=\"1796\">Terminales de comunicaci\u00f3n e interfaz de datos subsuperficiales<\/li>\n<li data-start=\"1750\" data-end=\"1796\">Estaciones seguras de control de sensores y equipos<\/li>\n<li data-start=\"1750\" data-end=\"1796\">Zonas sensibles a la EMI dentro de las plataformas submarinas navales<\/li>\n<\/ul>\n<p><img fetchpriority=\"high\" decoding=\"async\" class=\"alignnone wp-image-3951 size-full\" src=\"https:\/\/beyondinfosys.com\/wp-content\/uploads\/2025\/06\/\u7522\u54c1\u9801\u5716-\u62f7\u8c9d-14.webp\" alt=\"\" width=\"1024\" height=\"1296\" srcset=\"https:\/\/beyondinfosys.com\/wp-content\/uploads\/2025\/06\/\u7522\u54c1\u9801\u5716-\u62f7\u8c9d-14.webp 1024w, https:\/\/beyondinfosys.com\/wp-content\/uploads\/2025\/06\/\u7522\u54c1\u9801\u5716-\u62f7\u8c9d-14-237x300.webp 237w, https:\/\/beyondinfosys.com\/wp-content\/uploads\/2025\/06\/\u7522\u54c1\u9801\u5716-\u62f7\u8c9d-14-809x1024.webp 809w, https:\/\/beyondinfosys.com\/wp-content\/uploads\/2025\/06\/\u7522\u54c1\u9801\u5716-\u62f7\u8c9d-14-768x972.webp 768w, https:\/\/beyondinfosys.com\/wp-content\/uploads\/2025\/06\/\u7522\u54c1\u9801\u5716-\u62f7\u8c9d-14-600x759.webp 600w\" sizes=\"(max-width: 1024px) 100vw, 1024px\" \/><\/p>\n<p>&nbsp;<\/p>\n<h2 style=\"text-align: center;\">Aplicaciones<\/h2>\n<p><a href=\"\/es\/militar\/\"><img decoding=\"async\" class=\"alignnone wp-image-3656 size-medium\" src=\"https:\/\/beyondinfosys.com\/wp-content\/uploads\/2025\/06\/solutions-007-300x185.webp\" alt=\"\" width=\"300\" height=\"185\" srcset=\"https:\/\/beyondinfosys.com\/wp-content\/uploads\/2025\/06\/solutions-007-300x185.webp 300w, https:\/\/beyondinfosys.com\/wp-content\/uploads\/2025\/06\/solutions-007.webp 400w\" sizes=\"(max-width: 300px) 100vw, 300px\" \/><\/a><\/p>","protected":false},"excerpt":{"rendered":"<p><strong>Caracter\u00edsticas principales:<\/strong><\/p>\n<p>1. Intel Core i7-8665UE de 8.\u00aa generaci\u00f3n<br \/>\n2. Conector C3 met\u00e1lico: 2x RJ45, 2x USB, 2XRS232<br \/>\n3. IP66 total, montaje en bastidor \/ montaje VESA<br \/>\n4. MIL-STD-810G , MIL-STD-167A<br \/>\n5. MIL-STD-461F , CE101, CE102, RE101, RE102, CS101, CS114, CS103, CS106, RS103<\/p>\n<p><img decoding=\"async\" class=\"alignnone size-full wp-image-2222\" src=\"https:\/\/beyondinfosys.com\/wp-content\/uploads\/2025\/03\/810-1.webp\" alt=\"\" width=\"45\" height=\"45\" \/><img loading=\"lazy\" decoding=\"async\" class=\"alignnone wp-image-2221 size-full\" src=\"https:\/\/beyondinfosys.com\/wp-content\/uploads\/2025\/03\/461-1.webp\" alt=\"\" width=\"45\" height=\"45\" \/><\/p>","protected":false},"featured_media":3823,"template":"","meta":{"site-sidebar-layout":"default","site-content-layout":"","ast-site-content-layout":"default","site-content-style":"default","site-sidebar-style":"default","ast-global-header-display":"","ast-banner-title-visibility":"","ast-main-header-display":"","ast-hfb-above-header-display":"","ast-hfb-below-header-display":"","ast-hfb-mobile-header-display":"","site-post-title":"","ast-breadcrumbs-content":"","ast-featured-img":"","footer-sml-layout":"","ast-disable-related-posts":"","theme-transparent-header-meta":"default","adv-header-id-meta":"","stick-header-meta":"default","header-above-stick-meta":"","header-main-stick-meta":"","header-below-stick-meta":"","astra-migrate-meta-layouts":"set","ast-page-background-enabled":"default","ast-page-background-meta":{"desktop":{"background-color":"","background-image":"","background-repeat":"repeat","background-position":"center center","background-size":"auto","background-attachment":"scroll","background-type":"","background-media":"","overlay-type":"","overlay-color":"","overlay-opacity":"","overlay-gradient":""},"tablet":{"background-color":"","background-image":"","background-repeat":"repeat","background-position":"center center","background-size":"auto","background-attachment":"scroll","background-type":"","background-media":"","overlay-type":"","overlay-color":"","overlay-opacity":"","overlay-gradient":""},"mobile":{"background-color":"","background-image":"","background-repeat":"repeat","background-position":"center center","background-size":"auto","background-attachment":"scroll","background-type":"","background-media":"","overlay-type":"","overlay-color":"","overlay-opacity":"","overlay-gradient":""}},"ast-content-background-meta":{"desktop":{"background-color":"var(--ast-global-color-5)","background-image":"","background-repeat":"repeat","background-position":"center center","background-size":"auto","background-attachment":"scroll","background-type":"","background-media":"","overlay-type":"","overlay-color":"","overlay-opacity":"","overlay-gradient":""},"tablet":{"background-color":"var(--ast-global-color-5)","background-image":"","background-repeat":"repeat","background-position":"center center","background-size":"auto","background-attachment":"scroll","background-type":"","background-media":"","overlay-type":"","overlay-color":"","overlay-opacity":"","overlay-gradient":""},"mobile":{"background-color":"var(--ast-global-color-5)","background-image":"","background-repeat":"repeat","background-position":"center center","background-size":"auto","background-attachment":"scroll","background-type":"","background-media":"","overlay-type":"","overlay-color":"","overlay-opacity":"","overlay-gradient":""}}},"product_brand":[],"product_cat":[40],"product_tag":[],"class_list":{"0":"post-3664","1":"product","2":"type-product","3":"status-publish","4":"has-post-thumbnail","6":"product_cat-military-grade-panel-pc","7":"desktop-align-left","8":"tablet-align-left","9":"mobile-align-left","10":"ast-product-gallery-layout-horizontal-slider","11":"ast-product-single-variable","12":"ast-product-tabs-layout-horizontal","14":"first","15":"instock","16":"shipping-taxable","17":"purchasable","18":"product-type-variable","19":"has-default-attributes"},"yoast_head":"<!-- This site is optimized with the Yoast SEO Premium plugin v24.0 (Yoast SEO v27.4) - https:\/\/yoast.com\/product\/yoast-seo-premium-wordpress\/ -->\n<title>Submarine Touch Panel PC - Beyond Info Sys<\/title>\n<meta name=\"robots\" content=\"index, follow, max-snippet:-1, max-image-preview:large, max-video-preview:-1\" \/>\n<link rel=\"canonical\" href=\"https:\/\/beyondinfosys.com\/es\/producto\/submarine-touch-panel-pc\/\" \/>\n<meta property=\"og:locale\" content=\"es_ES\" \/>\n<meta property=\"og:type\" content=\"article\" \/>\n<meta property=\"og:title\" content=\"Submarine Touch Panel PC\" \/>\n<meta property=\"og:description\" content=\"Key Features:  1. Intel 8th Gen. Core i7-8665UE 2. Metallic C3 connector: 2x RJ45, 2x USB, 2XRS232 3. Full IP66, Rackmount \/ VESA mount 4. MIL-STD-810G , MIL-STD-167A 5. MIL-STD-461F , CE101, CE102, RE101, RE102, CS101, CS114, CS103, CS106, RS103\" \/>\n<meta property=\"og:url\" content=\"https:\/\/beyondinfosys.com\/es\/producto\/submarine-touch-panel-pc\/\" \/>\n<meta property=\"og:site_name\" content=\"Beyond Info Sys\" \/>\n<meta property=\"article:modified_time\" content=\"2026-03-20T00:12:53+00:00\" \/>\n<meta property=\"og:image\" content=\"https:\/\/beyondinfosys.com\/wp-content\/uploads\/2025\/06\/LRK-19RK-LRK-24WK-4.webp\" \/>\n\t<meta property=\"og:image:width\" content=\"1024\" \/>\n\t<meta property=\"og:image:height\" content=\"1024\" \/>\n\t<meta property=\"og:image:type\" content=\"image\/webp\" \/>\n<meta name=\"twitter:card\" content=\"summary_large_image\" \/>\n<meta name=\"twitter:label1\" content=\"Tiempo de lectura\" \/>\n\t<meta name=\"twitter:data1\" content=\"2 minutos\" \/>\n<script type=\"application\/ld+json\" class=\"yoast-schema-graph\">{\"@context\":\"https:\\\/\\\/schema.org\",\"@graph\":[{\"@type\":\"WebPage\",\"@id\":\"https:\\\/\\\/beyondinfosys.com\\\/product\\\/submarine-touch-panel-pc\\\/\",\"url\":\"https:\\\/\\\/beyondinfosys.com\\\/product\\\/submarine-touch-panel-pc\\\/\",\"name\":\"Submarine Touch Panel PC - Beyond Info Sys\",\"isPartOf\":{\"@id\":\"https:\\\/\\\/beyondinfosys.com\\\/#website\"},\"primaryImageOfPage\":{\"@id\":\"https:\\\/\\\/beyondinfosys.com\\\/product\\\/submarine-touch-panel-pc\\\/#primaryimage\"},\"image\":{\"@id\":\"https:\\\/\\\/beyondinfosys.com\\\/product\\\/submarine-touch-panel-pc\\\/#primaryimage\"},\"thumbnailUrl\":\"https:\\\/\\\/beyondinfosys.com\\\/wp-content\\\/uploads\\\/2025\\\/06\\\/LRK-19RK-LRK-24WK-4.webp\",\"datePublished\":\"2025-06-01T14:04:56+00:00\",\"dateModified\":\"2026-03-20T00:12:53+00:00\",\"breadcrumb\":{\"@id\":\"https:\\\/\\\/beyondinfosys.com\\\/product\\\/submarine-touch-panel-pc\\\/#breadcrumb\"},\"inLanguage\":\"es\",\"potentialAction\":[{\"@type\":\"ReadAction\",\"target\":[\"https:\\\/\\\/beyondinfosys.com\\\/product\\\/submarine-touch-panel-pc\\\/\"]}]},{\"@type\":\"ImageObject\",\"inLanguage\":\"es\",\"@id\":\"https:\\\/\\\/beyondinfosys.com\\\/product\\\/submarine-touch-panel-pc\\\/#primaryimage\",\"url\":\"https:\\\/\\\/beyondinfosys.com\\\/wp-content\\\/uploads\\\/2025\\\/06\\\/LRK-19RK-LRK-24WK-4.webp\",\"contentUrl\":\"https:\\\/\\\/beyondinfosys.com\\\/wp-content\\\/uploads\\\/2025\\\/06\\\/LRK-19RK-LRK-24WK-4.webp\",\"width\":1024,\"height\":1024},{\"@type\":\"BreadcrumbList\",\"@id\":\"https:\\\/\\\/beyondinfosys.com\\\/product\\\/submarine-touch-panel-pc\\\/#breadcrumb\",\"itemListElement\":[{\"@type\":\"ListItem\",\"position\":1,\"name\":\"Home\",\"item\":\"https:\\\/\\\/beyondinfosys.com\\\/\"},{\"@type\":\"ListItem\",\"position\":2,\"name\":\"\u5546\u5e97\",\"item\":\"https:\\\/\\\/beyondinfosys.com\\\/shop\\\/\"},{\"@type\":\"ListItem\",\"position\":3,\"name\":\"Submarine Touch Panel PC\"}]},{\"@type\":\"WebSite\",\"@id\":\"https:\\\/\\\/beyondinfosys.com\\\/#website\",\"url\":\"https:\\\/\\\/beyondinfosys.com\\\/\",\"name\":\"Beyond Info Sys\",\"description\":\"\",\"publisher\":{\"@id\":\"https:\\\/\\\/beyondinfosys.com\\\/#organization\"},\"potentialAction\":[{\"@type\":\"SearchAction\",\"target\":{\"@type\":\"EntryPoint\",\"urlTemplate\":\"https:\\\/\\\/beyondinfosys.com\\\/?s={search_term_string}\"},\"query-input\":{\"@type\":\"PropertyValueSpecification\",\"valueRequired\":true,\"valueName\":\"search_term_string\"}}],\"inLanguage\":\"es\"},{\"@type\":\"Organization\",\"@id\":\"https:\\\/\\\/beyondinfosys.com\\\/#organization\",\"name\":\"Beyond Info Sys\",\"url\":\"https:\\\/\\\/beyondinfosys.com\\\/\",\"logo\":{\"@type\":\"ImageObject\",\"inLanguage\":\"es\",\"@id\":\"https:\\\/\\\/beyondinfosys.com\\\/#\\\/schema\\\/logo\\\/image\\\/\",\"url\":\"https:\\\/\\\/beyondinfosys.com\\\/wp-content\\\/uploads\\\/2025\\\/01\\\/LOGO-full.svg\",\"contentUrl\":\"https:\\\/\\\/beyondinfosys.com\\\/wp-content\\\/uploads\\\/2025\\\/01\\\/LOGO-full.svg\",\"width\":219,\"height\":83,\"caption\":\"Beyond Info Sys\"},\"image\":{\"@id\":\"https:\\\/\\\/beyondinfosys.com\\\/#\\\/schema\\\/logo\\\/image\\\/\"}}]}<\/script>\n<!-- \/ Yoast SEO Premium plugin. -->","yoast_head_json":{"title":"PC t\u00e1ctil submarino - Beyond Info Sys","robots":{"index":"index","follow":"follow","max-snippet":"max-snippet:-1","max-image-preview":"max-image-preview:large","max-video-preview":"max-video-preview:-1"},"canonical":"https:\/\/beyondinfosys.com\/es\/producto\/submarine-touch-panel-pc\/","og_locale":"es_ES","og_type":"article","og_title":"Submarine Touch Panel PC","og_description":"Key Features:  1. Intel 8th Gen. Core i7-8665UE 2. Metallic C3 connector: 2x RJ45, 2x USB, 2XRS232 3. Full IP66, Rackmount \/ VESA mount 4. MIL-STD-810G , MIL-STD-167A 5. MIL-STD-461F , CE101, CE102, RE101, RE102, CS101, CS114, CS103, CS106, RS103","og_url":"https:\/\/beyondinfosys.com\/es\/producto\/submarine-touch-panel-pc\/","og_site_name":"Beyond Info Sys","article_modified_time":"2026-03-20T00:12:53+00:00","og_image":[{"width":1024,"height":1024,"url":"https:\/\/beyondinfosys.com\/wp-content\/uploads\/2025\/06\/LRK-19RK-LRK-24WK-4.webp","type":"image\/webp"}],"twitter_card":"summary_large_image","twitter_misc":{"Tiempo de lectura":"2 minutos"},"schema":{"@context":"https:\/\/schema.org","@graph":[{"@type":"WebPage","@id":"https:\/\/beyondinfosys.com\/product\/submarine-touch-panel-pc\/","url":"https:\/\/beyondinfosys.com\/product\/submarine-touch-panel-pc\/","name":"PC t\u00e1ctil submarino - Beyond Info Sys","isPartOf":{"@id":"https:\/\/beyondinfosys.com\/#website"},"primaryImageOfPage":{"@id":"https:\/\/beyondinfosys.com\/product\/submarine-touch-panel-pc\/#primaryimage"},"image":{"@id":"https:\/\/beyondinfosys.com\/product\/submarine-touch-panel-pc\/#primaryimage"},"thumbnailUrl":"https:\/\/beyondinfosys.com\/wp-content\/uploads\/2025\/06\/LRK-19RK-LRK-24WK-4.webp","datePublished":"2025-06-01T14:04:56+00:00","dateModified":"2026-03-20T00:12:53+00:00","breadcrumb":{"@id":"https:\/\/beyondinfosys.com\/product\/submarine-touch-panel-pc\/#breadcrumb"},"inLanguage":"es","potentialAction":[{"@type":"ReadAction","target":["https:\/\/beyondinfosys.com\/product\/submarine-touch-panel-pc\/"]}]},{"@type":"ImageObject","inLanguage":"es","@id":"https:\/\/beyondinfosys.com\/product\/submarine-touch-panel-pc\/#primaryimage","url":"https:\/\/beyondinfosys.com\/wp-content\/uploads\/2025\/06\/LRK-19RK-LRK-24WK-4.webp","contentUrl":"https:\/\/beyondinfosys.com\/wp-content\/uploads\/2025\/06\/LRK-19RK-LRK-24WK-4.webp","width":1024,"height":1024},{"@type":"BreadcrumbList","@id":"https:\/\/beyondinfosys.com\/product\/submarine-touch-panel-pc\/#breadcrumb","itemListElement":[{"@type":"ListItem","position":1,"name":"Home","item":"https:\/\/beyondinfosys.com\/"},{"@type":"ListItem","position":2,"name":"\u5546\u5e97","item":"https:\/\/beyondinfosys.com\/shop\/"},{"@type":"ListItem","position":3,"name":"Submarine Touch Panel PC"}]},{"@type":"WebSite","@id":"https:\/\/beyondinfosys.com\/#website","url":"https:\/\/beyondinfosys.com\/","name":"M\u00e1s all\u00e1 de los sistemas de informaci\u00f3n","description":"","publisher":{"@id":"https:\/\/beyondinfosys.com\/#organization"},"potentialAction":[{"@type":"SearchAction","target":{"@type":"EntryPoint","urlTemplate":"https:\/\/beyondinfosys.com\/?s={search_term_string}"},"query-input":{"@type":"PropertyValueSpecification","valueRequired":true,"valueName":"search_term_string"}}],"inLanguage":"es"},{"@type":"Organization","@id":"https:\/\/beyondinfosys.com\/#organization","name":"M\u00e1s all\u00e1 de los sistemas de informaci\u00f3n","url":"https:\/\/beyondinfosys.com\/","logo":{"@type":"ImageObject","inLanguage":"es","@id":"https:\/\/beyondinfosys.com\/#\/schema\/logo\/image\/","url":"https:\/\/beyondinfosys.com\/wp-content\/uploads\/2025\/01\/LOGO-full.svg","contentUrl":"https:\/\/beyondinfosys.com\/wp-content\/uploads\/2025\/01\/LOGO-full.svg","width":219,"height":83,"caption":"Beyond Info Sys"},"image":{"@id":"https:\/\/beyondinfosys.com\/#\/schema\/logo\/image\/"}}]}},"_links":{"self":[{"href":"https:\/\/beyondinfosys.com\/es\/wp-json\/wp\/v2\/product\/3664","targetHints":{"allow":["GET"]}}],"collection":[{"href":"https:\/\/beyondinfosys.com\/es\/wp-json\/wp\/v2\/product"}],"about":[{"href":"https:\/\/beyondinfosys.com\/es\/wp-json\/wp\/v2\/types\/product"}],"wp:featuredmedia":[{"embeddable":true,"href":"https:\/\/beyondinfosys.com\/es\/wp-json\/wp\/v2\/media\/3823"}],"wp:attachment":[{"href":"https:\/\/beyondinfosys.com\/es\/wp-json\/wp\/v2\/media?parent=3664"}],"wp:term":[{"taxonomy":"product_brand","embeddable":true,"href":"https:\/\/beyondinfosys.com\/es\/wp-json\/wp\/v2\/product_brand?post=3664"},{"taxonomy":"product_cat","embeddable":true,"href":"https:\/\/beyondinfosys.com\/es\/wp-json\/wp\/v2\/product_cat?post=3664"},{"taxonomy":"product_tag","embeddable":true,"href":"https:\/\/beyondinfosys.com\/es\/wp-json\/wp\/v2\/product_tag?post=3664"}],"curies":[{"name":"wp","href":"https:\/\/api.w.org\/{rel}","templated":true}]}}