{"id":3721,"date":"2025-06-04T15:08:47","date_gmt":"2025-06-04T07:08:47","guid":{"rendered":"https:\/\/beyondinfosys.com\/?post_type=product&#038;p=3721"},"modified":"2026-03-20T07:50:23","modified_gmt":"2026-03-19T23:50:23","slug":"lrk-17w-1u","status":"publish","type":"product","link":"https:\/\/beyondinfosys.com\/es\/product\/lrk-17w-1u\/","title":{"rendered":"LRK-17W-1U"},"content":{"rendered":"<h2>Consola de pantalla reforzada de 17,3\u2033 para entornos submarinos<\/h2>\n<p>Esta consola con pantalla resistente de 17,3\u2033 est\u00e1 fabricada para satisfacer las exigencias de las operaciones submarinas, ya que ofrece una resoluci\u00f3n Full HD de 1920 x 1080 con una actualizaci\u00f3n opcional a 4K (3840 x 2160) para un rendimiento visual de alta precisi\u00f3n. El dise\u00f1o con clasificaci\u00f3n IP65 garantiza la resistencia al agua y al polvo, lo que la hace ideal para entornos submarinos confinados y de alta humedad. El teclado y el panel t\u00e1ctil integrados opcionales permiten un control eficiente en espacios de mando compactos. Con vers\u00e1tiles opciones de entrada de v\u00eddeo, como VGA, HDMI y DP, y alimentaci\u00f3n suministrada a trav\u00e9s de un robusto conector MIL-DTL-38999 Serie III compatible con entrada de CA y CC, esta consola est\u00e1 preparada para el despliegue en submarinos de misi\u00f3n cr\u00edtica.<\/p>\n<h4 data-start=\"238\" data-end=\"342\">Caracter\u00edsticas principales<\/h4>\n<ul>\n<li data-start=\"238\" data-end=\"342\">Pantalla panor\u00e1mica de 17,3\u2033, 1920 x 1080 (4K opcional)<\/li>\n<li data-start=\"238\" data-end=\"342\">Carcasa con grado de protecci\u00f3n IP65 contra el agua y el polvo<\/li>\n<li data-start=\"238\" data-end=\"342\">Teclado y panel t\u00e1ctil opcionales para un control integrado<\/li>\n<li data-start=\"238\" data-end=\"342\">M\u00faltiples entradas de v\u00eddeo: VGA, HDMI, DisplayPort<\/li>\n<li data-start=\"238\" data-end=\"342\">D38999 Entrada de alimentaci\u00f3n de la serie III, admite CA o CC<\/li>\n<\/ul>\n<h4>Ventajas<\/h4>\n<ul>\n<li>Proporciona im\u00e1genes n\u00edtidas bajo la luz directa del sol y en condiciones de campo de batalla<\/li>\n<li>Resiste entornos extremos como el polvo, el agua y los cambios de temperatura<\/li>\n<li>Conectores militares seguros ideales para plataformas militares m\u00f3viles<\/li>\n<li>Rendimiento fiable en el despliegue de veh\u00edculos de misi\u00f3n cr\u00edtica<\/li>\n<li>Dise\u00f1o compacto pero resistente que optimiza el espacio y la durabilidad<\/li>\n<\/ul>\n<h4 class=\"\" data-start=\"1723\" data-end=\"1747\">Ideal para<\/h4>\n<ul>\n<li data-start=\"1750\" data-end=\"1796\">Consolas de control y supervisi\u00f3n submarinas<\/li>\n<li data-start=\"1750\" data-end=\"1796\">Planificaci\u00f3n de misiones navales e interfaces de sistemas<\/li>\n<li data-start=\"1750\" data-end=\"1796\">Sistemas de vigilancia submarina<\/li>\n<li data-start=\"1750\" data-end=\"1796\">Unidades de comunicaciones y navegaci\u00f3n mar\u00edtimas<\/li>\n<\/ul>\n<p><img fetchpriority=\"high\" decoding=\"async\" class=\"alignnone wp-image-3885 size-full\" src=\"https:\/\/beyondinfosys.com\/wp-content\/uploads\/2025\/06\/\u7522\u54c1\u9801\u5716-\u62f7\u8c9d-12.webp\" alt=\"\" width=\"1024\" height=\"1296\" srcset=\"https:\/\/beyondinfosys.com\/wp-content\/uploads\/2025\/06\/\u7522\u54c1\u9801\u5716-\u62f7\u8c9d-12.webp 1024w, https:\/\/beyondinfosys.com\/wp-content\/uploads\/2025\/06\/\u7522\u54c1\u9801\u5716-\u62f7\u8c9d-12-237x300.webp 237w, https:\/\/beyondinfosys.com\/wp-content\/uploads\/2025\/06\/\u7522\u54c1\u9801\u5716-\u62f7\u8c9d-12-809x1024.webp 809w, https:\/\/beyondinfosys.com\/wp-content\/uploads\/2025\/06\/\u7522\u54c1\u9801\u5716-\u62f7\u8c9d-12-768x972.webp 768w, https:\/\/beyondinfosys.com\/wp-content\/uploads\/2025\/06\/\u7522\u54c1\u9801\u5716-\u62f7\u8c9d-12-600x759.webp 600w\" sizes=\"(max-width: 1024px) 100vw, 1024px\" \/><\/p>\n<p>&nbsp;<\/p>\n<h2 style=\"text-align: center;\">Aplicaciones<\/h2>\n<p><a href=\"\/es\/militar\/\"><img decoding=\"async\" class=\"alignnone wp-image-3656 size-medium\" src=\"https:\/\/beyondinfosys.com\/wp-content\/uploads\/2025\/06\/solutions-007-300x185.webp\" alt=\"\" width=\"300\" height=\"185\" srcset=\"https:\/\/beyondinfosys.com\/wp-content\/uploads\/2025\/06\/solutions-007-300x185.webp 300w, https:\/\/beyondinfosys.com\/wp-content\/uploads\/2025\/06\/solutions-007.webp 400w\" sizes=\"(max-width: 300px) 100vw, 300px\" \/><\/a><\/p>","protected":false},"excerpt":{"rendered":"<p><strong>Caracter\u00edsticas principales:<\/strong><\/p>\n<p>1. 17,3\u2033 16:9, 1920x 1080 (3840x 2160 opcional)<br \/>\n2. IP65<br \/>\n3. Teclado\/ touchpad (opcional)<br \/>\n4. Entrada VGA \/ HDMI\/ DP<br \/>\n5. Entrada de alimentaci\u00f3n: D38999III (entrada de CA o CC)<\/p>\n<p><img decoding=\"async\" class=\"alignnone size-full wp-image-2221\" src=\"https:\/\/beyondinfosys.com\/wp-content\/uploads\/2025\/03\/461-1.webp\" alt=\"\" width=\"45\" height=\"45\" \/> <img loading=\"lazy\" decoding=\"async\" class=\"alignnone size-full wp-image-2222\" src=\"https:\/\/beyondinfosys.com\/wp-content\/uploads\/2025\/03\/810-1.webp\" alt=\"\" width=\"45\" height=\"45\" \/><\/p>","protected":false},"featured_media":3815,"template":"","meta":{"site-sidebar-layout":"default","site-content-layout":"","ast-site-content-layout":"default","site-content-style":"default","site-sidebar-style":"default","ast-global-header-display":"","ast-banner-title-visibility":"","ast-main-header-display":"","ast-hfb-above-header-display":"","ast-hfb-below-header-display":"","ast-hfb-mobile-header-display":"","site-post-title":"","ast-breadcrumbs-content":"","ast-featured-img":"","footer-sml-layout":"","ast-disable-related-posts":"","theme-transparent-header-meta":"default","adv-header-id-meta":"","stick-header-meta":"default","header-above-stick-meta":"","header-main-stick-meta":"","header-below-stick-meta":"","astra-migrate-meta-layouts":"set","ast-page-background-enabled":"default","ast-page-background-meta":{"desktop":{"background-color":"","background-image":"","background-repeat":"repeat","background-position":"center center","background-size":"auto","background-attachment":"scroll","background-type":"","background-media":"","overlay-type":"","overlay-color":"","overlay-opacity":"","overlay-gradient":""},"tablet":{"background-color":"","background-image":"","background-repeat":"repeat","background-position":"center center","background-size":"auto","background-attachment":"scroll","background-type":"","background-media":"","overlay-type":"","overlay-color":"","overlay-opacity":"","overlay-gradient":""},"mobile":{"background-color":"","background-image":"","background-repeat":"repeat","background-position":"center center","background-size":"auto","background-attachment":"scroll","background-type":"","background-media":"","overlay-type":"","overlay-color":"","overlay-opacity":"","overlay-gradient":""}},"ast-content-background-meta":{"desktop":{"background-color":"var(--ast-global-color-5)","background-image":"","background-repeat":"repeat","background-position":"center center","background-size":"auto","background-attachment":"scroll","background-type":"","background-media":"","overlay-type":"","overlay-color":"","overlay-opacity":"","overlay-gradient":""},"tablet":{"background-color":"var(--ast-global-color-5)","background-image":"","background-repeat":"repeat","background-position":"center center","background-size":"auto","background-attachment":"scroll","background-type":"","background-media":"","overlay-type":"","overlay-color":"","overlay-opacity":"","overlay-gradient":""},"mobile":{"background-color":"var(--ast-global-color-5)","background-image":"","background-repeat":"repeat","background-position":"center center","background-size":"auto","background-attachment":"scroll","background-type":"","background-media":"","overlay-type":"","overlay-color":"","overlay-opacity":"","overlay-gradient":""}}},"product_brand":[],"product_cat":[41],"product_tag":[],"class_list":{"0":"post-3721","1":"product","2":"type-product","3":"status-publish","4":"has-post-thumbnail","6":"product_cat-military-grade-touch-display-monitor","7":"desktop-align-left","8":"tablet-align-left","9":"mobile-align-left","10":"ast-product-gallery-layout-horizontal-slider","11":"ast-product-tabs-layout-horizontal","13":"first","14":"instock","15":"shipping-taxable","16":"purchasable","17":"product-type-simple"},"yoast_head":"<!-- This site is optimized with the Yoast SEO Premium plugin v24.0 (Yoast SEO v27.4) - https:\/\/yoast.com\/product\/yoast-seo-premium-wordpress\/ -->\n<title>LRK-17W-1U - Beyond Info Sys<\/title>\n<meta name=\"robots\" content=\"index, follow, max-snippet:-1, max-image-preview:large, max-video-preview:-1\" \/>\n<link rel=\"canonical\" href=\"https:\/\/beyondinfosys.com\/es\/producto\/lrk-17w-1u\/\" \/>\n<meta property=\"og:locale\" content=\"es_ES\" \/>\n<meta property=\"og:type\" content=\"article\" \/>\n<meta property=\"og:title\" content=\"LRK-17W-1U\" \/>\n<meta property=\"og:description\" content=\"Key Features:  1. 17.3&quot; 16:9, 1920x 1080 (3840x 2160 for optional) 2. IP65 3. Keyboard\/ touchpad (optional) 4. VGA \/ HDMI\/ DP input 5. Power input: D38999III (Either AC or DC input)\" \/>\n<meta property=\"og:url\" content=\"https:\/\/beyondinfosys.com\/es\/producto\/lrk-17w-1u\/\" \/>\n<meta property=\"og:site_name\" content=\"Beyond Info Sys\" \/>\n<meta property=\"article:modified_time\" content=\"2026-03-19T23:50:23+00:00\" \/>\n<meta property=\"og:image\" content=\"https:\/\/beyondinfosys.com\/wp-content\/uploads\/2025\/06\/LRK-17W-1U-2.webp\" \/>\n\t<meta property=\"og:image:width\" content=\"1024\" \/>\n\t<meta property=\"og:image:height\" content=\"1024\" \/>\n\t<meta property=\"og:image:type\" content=\"image\/webp\" \/>\n<meta name=\"twitter:card\" content=\"summary_large_image\" \/>\n<meta name=\"twitter:label1\" content=\"Tiempo de lectura\" \/>\n\t<meta name=\"twitter:data1\" content=\"2 minutos\" \/>\n<script type=\"application\/ld+json\" class=\"yoast-schema-graph\">{\"@context\":\"https:\\\/\\\/schema.org\",\"@graph\":[{\"@type\":\"WebPage\",\"@id\":\"https:\\\/\\\/beyondinfosys.com\\\/product\\\/lrk-17w-1u\\\/\",\"url\":\"https:\\\/\\\/beyondinfosys.com\\\/product\\\/lrk-17w-1u\\\/\",\"name\":\"LRK-17W-1U - Beyond Info Sys\",\"isPartOf\":{\"@id\":\"https:\\\/\\\/beyondinfosys.com\\\/#website\"},\"primaryImageOfPage\":{\"@id\":\"https:\\\/\\\/beyondinfosys.com\\\/product\\\/lrk-17w-1u\\\/#primaryimage\"},\"image\":{\"@id\":\"https:\\\/\\\/beyondinfosys.com\\\/product\\\/lrk-17w-1u\\\/#primaryimage\"},\"thumbnailUrl\":\"https:\\\/\\\/beyondinfosys.com\\\/wp-content\\\/uploads\\\/2025\\\/06\\\/LRK-17W-1U-2.webp\",\"datePublished\":\"2025-06-04T07:08:47+00:00\",\"dateModified\":\"2026-03-19T23:50:23+00:00\",\"breadcrumb\":{\"@id\":\"https:\\\/\\\/beyondinfosys.com\\\/product\\\/lrk-17w-1u\\\/#breadcrumb\"},\"inLanguage\":\"es\",\"potentialAction\":[{\"@type\":\"ReadAction\",\"target\":[\"https:\\\/\\\/beyondinfosys.com\\\/product\\\/lrk-17w-1u\\\/\"]}]},{\"@type\":\"ImageObject\",\"inLanguage\":\"es\",\"@id\":\"https:\\\/\\\/beyondinfosys.com\\\/product\\\/lrk-17w-1u\\\/#primaryimage\",\"url\":\"https:\\\/\\\/beyondinfosys.com\\\/wp-content\\\/uploads\\\/2025\\\/06\\\/LRK-17W-1U-2.webp\",\"contentUrl\":\"https:\\\/\\\/beyondinfosys.com\\\/wp-content\\\/uploads\\\/2025\\\/06\\\/LRK-17W-1U-2.webp\",\"width\":1024,\"height\":1024},{\"@type\":\"BreadcrumbList\",\"@id\":\"https:\\\/\\\/beyondinfosys.com\\\/product\\\/lrk-17w-1u\\\/#breadcrumb\",\"itemListElement\":[{\"@type\":\"ListItem\",\"position\":1,\"name\":\"Home\",\"item\":\"https:\\\/\\\/beyondinfosys.com\\\/\"},{\"@type\":\"ListItem\",\"position\":2,\"name\":\"\u5546\u5e97\",\"item\":\"https:\\\/\\\/beyondinfosys.com\\\/shop\\\/\"},{\"@type\":\"ListItem\",\"position\":3,\"name\":\"LRK-17W-1U\"}]},{\"@type\":\"WebSite\",\"@id\":\"https:\\\/\\\/beyondinfosys.com\\\/#website\",\"url\":\"https:\\\/\\\/beyondinfosys.com\\\/\",\"name\":\"Beyond Info Sys\",\"description\":\"\",\"publisher\":{\"@id\":\"https:\\\/\\\/beyondinfosys.com\\\/#organization\"},\"potentialAction\":[{\"@type\":\"SearchAction\",\"target\":{\"@type\":\"EntryPoint\",\"urlTemplate\":\"https:\\\/\\\/beyondinfosys.com\\\/?s={search_term_string}\"},\"query-input\":{\"@type\":\"PropertyValueSpecification\",\"valueRequired\":true,\"valueName\":\"search_term_string\"}}],\"inLanguage\":\"es\"},{\"@type\":\"Organization\",\"@id\":\"https:\\\/\\\/beyondinfosys.com\\\/#organization\",\"name\":\"Beyond Info Sys\",\"url\":\"https:\\\/\\\/beyondinfosys.com\\\/\",\"logo\":{\"@type\":\"ImageObject\",\"inLanguage\":\"es\",\"@id\":\"https:\\\/\\\/beyondinfosys.com\\\/#\\\/schema\\\/logo\\\/image\\\/\",\"url\":\"https:\\\/\\\/beyondinfosys.com\\\/wp-content\\\/uploads\\\/2025\\\/01\\\/LOGO-full.svg\",\"contentUrl\":\"https:\\\/\\\/beyondinfosys.com\\\/wp-content\\\/uploads\\\/2025\\\/01\\\/LOGO-full.svg\",\"width\":219,\"height\":83,\"caption\":\"Beyond Info Sys\"},\"image\":{\"@id\":\"https:\\\/\\\/beyondinfosys.com\\\/#\\\/schema\\\/logo\\\/image\\\/\"}}]}<\/script>\n<!-- \/ Yoast SEO Premium plugin. -->","yoast_head_json":{"title":"LRK-17W-1U - Beyond Info Sys","robots":{"index":"index","follow":"follow","max-snippet":"max-snippet:-1","max-image-preview":"max-image-preview:large","max-video-preview":"max-video-preview:-1"},"canonical":"https:\/\/beyondinfosys.com\/es\/producto\/lrk-17w-1u\/","og_locale":"es_ES","og_type":"article","og_title":"LRK-17W-1U","og_description":"Key Features:  1. 17.3\" 16:9, 1920x 1080 (3840x 2160 for optional) 2. IP65 3. Keyboard\/ touchpad (optional) 4. VGA \/ HDMI\/ DP input 5. Power input: D38999III (Either AC or DC input)","og_url":"https:\/\/beyondinfosys.com\/es\/producto\/lrk-17w-1u\/","og_site_name":"Beyond Info Sys","article_modified_time":"2026-03-19T23:50:23+00:00","og_image":[{"width":1024,"height":1024,"url":"https:\/\/beyondinfosys.com\/wp-content\/uploads\/2025\/06\/LRK-17W-1U-2.webp","type":"image\/webp"}],"twitter_card":"summary_large_image","twitter_misc":{"Tiempo de lectura":"2 minutos"},"schema":{"@context":"https:\/\/schema.org","@graph":[{"@type":"WebPage","@id":"https:\/\/beyondinfosys.com\/product\/lrk-17w-1u\/","url":"https:\/\/beyondinfosys.com\/product\/lrk-17w-1u\/","name":"LRK-17W-1U - Beyond Info Sys","isPartOf":{"@id":"https:\/\/beyondinfosys.com\/#website"},"primaryImageOfPage":{"@id":"https:\/\/beyondinfosys.com\/product\/lrk-17w-1u\/#primaryimage"},"image":{"@id":"https:\/\/beyondinfosys.com\/product\/lrk-17w-1u\/#primaryimage"},"thumbnailUrl":"https:\/\/beyondinfosys.com\/wp-content\/uploads\/2025\/06\/LRK-17W-1U-2.webp","datePublished":"2025-06-04T07:08:47+00:00","dateModified":"2026-03-19T23:50:23+00:00","breadcrumb":{"@id":"https:\/\/beyondinfosys.com\/product\/lrk-17w-1u\/#breadcrumb"},"inLanguage":"es","potentialAction":[{"@type":"ReadAction","target":["https:\/\/beyondinfosys.com\/product\/lrk-17w-1u\/"]}]},{"@type":"ImageObject","inLanguage":"es","@id":"https:\/\/beyondinfosys.com\/product\/lrk-17w-1u\/#primaryimage","url":"https:\/\/beyondinfosys.com\/wp-content\/uploads\/2025\/06\/LRK-17W-1U-2.webp","contentUrl":"https:\/\/beyondinfosys.com\/wp-content\/uploads\/2025\/06\/LRK-17W-1U-2.webp","width":1024,"height":1024},{"@type":"BreadcrumbList","@id":"https:\/\/beyondinfosys.com\/product\/lrk-17w-1u\/#breadcrumb","itemListElement":[{"@type":"ListItem","position":1,"name":"Home","item":"https:\/\/beyondinfosys.com\/"},{"@type":"ListItem","position":2,"name":"\u5546\u5e97","item":"https:\/\/beyondinfosys.com\/shop\/"},{"@type":"ListItem","position":3,"name":"LRK-17W-1U"}]},{"@type":"WebSite","@id":"https:\/\/beyondinfosys.com\/#website","url":"https:\/\/beyondinfosys.com\/","name":"M\u00e1s all\u00e1 de los sistemas de informaci\u00f3n","description":"","publisher":{"@id":"https:\/\/beyondinfosys.com\/#organization"},"potentialAction":[{"@type":"SearchAction","target":{"@type":"EntryPoint","urlTemplate":"https:\/\/beyondinfosys.com\/?s={search_term_string}"},"query-input":{"@type":"PropertyValueSpecification","valueRequired":true,"valueName":"search_term_string"}}],"inLanguage":"es"},{"@type":"Organization","@id":"https:\/\/beyondinfosys.com\/#organization","name":"M\u00e1s all\u00e1 de los sistemas de informaci\u00f3n","url":"https:\/\/beyondinfosys.com\/","logo":{"@type":"ImageObject","inLanguage":"es","@id":"https:\/\/beyondinfosys.com\/#\/schema\/logo\/image\/","url":"https:\/\/beyondinfosys.com\/wp-content\/uploads\/2025\/01\/LOGO-full.svg","contentUrl":"https:\/\/beyondinfosys.com\/wp-content\/uploads\/2025\/01\/LOGO-full.svg","width":219,"height":83,"caption":"Beyond Info Sys"},"image":{"@id":"https:\/\/beyondinfosys.com\/#\/schema\/logo\/image\/"}}]}},"_links":{"self":[{"href":"https:\/\/beyondinfosys.com\/es\/wp-json\/wp\/v2\/product\/3721","targetHints":{"allow":["GET"]}}],"collection":[{"href":"https:\/\/beyondinfosys.com\/es\/wp-json\/wp\/v2\/product"}],"about":[{"href":"https:\/\/beyondinfosys.com\/es\/wp-json\/wp\/v2\/types\/product"}],"wp:featuredmedia":[{"embeddable":true,"href":"https:\/\/beyondinfosys.com\/es\/wp-json\/wp\/v2\/media\/3815"}],"wp:attachment":[{"href":"https:\/\/beyondinfosys.com\/es\/wp-json\/wp\/v2\/media?parent=3721"}],"wp:term":[{"taxonomy":"product_brand","embeddable":true,"href":"https:\/\/beyondinfosys.com\/es\/wp-json\/wp\/v2\/product_brand?post=3721"},{"taxonomy":"product_cat","embeddable":true,"href":"https:\/\/beyondinfosys.com\/es\/wp-json\/wp\/v2\/product_cat?post=3721"},{"taxonomy":"product_tag","embeddable":true,"href":"https:\/\/beyondinfosys.com\/es\/wp-json\/wp\/v2\/product_tag?post=3721"}],"curies":[{"name":"wp","href":"https:\/\/api.w.org\/{rel}","templated":true}]}}