{"id":3658,"date":"2025-06-01T21:39:19","date_gmt":"2025-06-01T13:39:19","guid":{"rendered":"https:\/\/beyondinfosys.com\/?post_type=product&#038;p=3658"},"modified":"2026-03-20T08:22:40","modified_gmt":"2026-03-20T00:22:40","slug":"pc-embarque-durci-pret-pour-laia","status":"publish","type":"product","link":"https:\/\/beyondinfosys.com\/fr\/product\/ai-ready-rugged-embedded-pc\/","title":{"rendered":"PC durci embarqu\u00e9 pr\u00eat pour l'IA - RML-L67-NV"},"content":{"rendered":"<h2 data-start=\"192\" data-end=\"237\">PC durci embarqu\u00e9 pr\u00eat pour l'IA avec Intel\u00ae Alder Lake et GPU NVIDIA MXM<\/h2>\n<p class=\"\" data-start=\"238\" data-end=\"342\">Cet ordinateur industriel embarqu\u00e9 hautes performances est con\u00e7u pour r\u00e9pondre aux besoins \u00e9volutifs des applications pilot\u00e9es par l'IA dans le cadre de l'automatisation des usines, de la robotique, de la vente au d\u00e9tail intelligente et des d\u00e9ploiements IoT\/Industrie 4.0. Aliment\u00e9 par le processeur Intel\u00ae Alder Lake Core i7-12700TE de 12e g\u00e9n\u00e9ration, il prend en charge une architecture hybride optimis\u00e9e pour les charges de travail multit\u00e2ches, de contr\u00f4le en temps r\u00e9el et d'IA p\u00e9riph\u00e9rique.<br \/>\nInt\u00e9gr\u00e9 avec de puissantes options GPU - NVIDIA MXM T1000 ou A2000 - le syst\u00e8me offre des performances exceptionnelles en mati\u00e8re d'inf\u00e9rence IA, de traitement d'images et d'informatique multim\u00e9dia. Les doubles sorties HDMI permettent une int\u00e9gration transparente avec des configurations multi-\u00e9crans, essentielles pour la robotique bas\u00e9e sur la vision, les syst\u00e8mes d'inspection ou les interfaces interactives de vente au d\u00e9tail.<br \/>\nAvec une protection IP67, cette unit\u00e9 est totalement \u00e9tanche \u00e0 la poussi\u00e8re et \u00e0 l'eau, ce qui la rend adapt\u00e9e aux environnements industriels difficiles. L'entr\u00e9e DC isol\u00e9e 9~36V garantit une alimentation stable dans les conditions fluctuantes de l'usine, tandis que les certifications militaires MIL-STD-810G et MIL-STD-461F (CE102, RE102) confirment sa r\u00e9sistance aux vibrations, aux chocs et aux interf\u00e9rences \u00e9lectromagn\u00e9tiques.<br \/>\nUn emplacement SSD amovible de 2,5\u2033 facilite l'acc\u00e8s aux donn\u00e9es et la maintenance, am\u00e9liorant ainsi la flexibilit\u00e9 du syst\u00e8me pour la collecte et le stockage de donn\u00e9es de pointe.<\/p>\n<h4 data-start=\"238\" data-end=\"342\">Caract\u00e9ristiques principales<\/h4>\n<ul>\n<li data-start=\"238\" data-end=\"342\">Processeur Intel\u00ae 12th Gen Alder Lake Core i7-12700TE<\/li>\n<li data-start=\"238\" data-end=\"342\">Options de GPU int\u00e9gr\u00e9 : NVIDIA MXM T1000 ou A2000<\/li>\n<li data-start=\"238\" data-end=\"342\">Double sortie HDMI pour l'int\u00e9gration d'\u00e9crans multiples ou de vision artificielle<\/li>\n<li data-start=\"238\" data-end=\"342\">Entr\u00e9e DC isol\u00e9e 9~36V pour la stabilit\u00e9 de l'alimentation industrielle<\/li>\n<li data-start=\"238\" data-end=\"342\">Conception robuste conforme \u00e0 la norme IP67 pour une protection \u00e9tanche \u00e0 l'eau et \u00e0 la poussi\u00e8re<\/li>\n<li data-start=\"238\" data-end=\"342\">Certifi\u00e9 MIL-STD-810G et MIL-STD-461F (CE102, RE102) pour la r\u00e9sistance aux chocs, aux vibrations et aux interf\u00e9rences \u00e9lectromagn\u00e9tiques.<\/li>\n<li data-start=\"238\" data-end=\"342\">Emplacement amovible pour SSD de 2,5\u2033 pour un acc\u00e8s facile au stockage<\/li>\n<\/ul>\n<h4>Avantages<\/h4>\n<ul>\n<li>Id\u00e9al pour l'informatique de pointe de l'IA dans les environnements industriels exigeants<\/li>\n<li>Prise en charge du traitement des donn\u00e9es en temps r\u00e9el, de l'informatique visuelle et de l'apprentissage profond.<\/li>\n<li>La conception durable permet l'installation dans des environnements difficiles, en ext\u00e9rieur ou dans un environnement de lavage.<\/li>\n<li>Grande flexibilit\u00e9 pour l'automatisation, l'analyse du commerce de d\u00e9tail et la robotique intelligente<\/li>\n<li>Maintenance ais\u00e9e du syst\u00e8me gr\u00e2ce \u00e0 l'acc\u00e8s frontal au SSD et aux E\/S de qualit\u00e9 industrielle<\/li>\n<\/ul>\n<h4 class=\"\" data-start=\"1723\" data-end=\"1747\">Id\u00e9al pour<\/h4>\n<ul>\n<li data-start=\"1750\" data-end=\"1796\">Automatisation des usines et vision industrielle intelligente<\/li>\n<li data-start=\"1750\" data-end=\"1796\">Robotique et syst\u00e8mes mobiles autonomes (AMRs\/AGVs)<\/li>\n<li data-start=\"1750\" data-end=\"1796\">Analyse intelligente du commerce de d\u00e9tail et \u00e9crans interactifs<\/li>\n<li data-start=\"1750\" data-end=\"1796\">L'IA de pointe dans les solutions d'IdO industriel (IIoT) et d'industrie 4.0<\/li>\n<li data-start=\"1750\" data-end=\"1796\">D\u00e9ploiements d'IA dans des environnements difficiles avec une conformit\u00e9 robuste<\/li>\n<\/ul>\n<p><img fetchpriority=\"high\" decoding=\"async\" class=\"alignnone wp-image-3880 size-full\" src=\"https:\/\/beyondinfosys.com\/wp-content\/uploads\/2025\/06\/RML-L67-NV04-1.webp\" alt=\"\" width=\"1024\" height=\"512\" srcset=\"https:\/\/beyondinfosys.com\/wp-content\/uploads\/2025\/06\/RML-L67-NV04-1.webp 1024w, https:\/\/beyondinfosys.com\/wp-content\/uploads\/2025\/06\/RML-L67-NV04-1-300x150.webp 300w, https:\/\/beyondinfosys.com\/wp-content\/uploads\/2025\/06\/RML-L67-NV04-1-768x384.webp 768w, https:\/\/beyondinfosys.com\/wp-content\/uploads\/2025\/06\/RML-L67-NV04-1-600x300.webp 600w\" sizes=\"(max-width: 1024px) 100vw, 1024px\" \/> <img decoding=\"async\" class=\"alignnone wp-image-3881 size-full\" src=\"https:\/\/beyondinfosys.com\/wp-content\/uploads\/2025\/06\/RML-L67-NV05-1.webp\" alt=\"\" width=\"1024\" height=\"512\" srcset=\"https:\/\/beyondinfosys.com\/wp-content\/uploads\/2025\/06\/RML-L67-NV05-1.webp 1024w, https:\/\/beyondinfosys.com\/wp-content\/uploads\/2025\/06\/RML-L67-NV05-1-300x150.webp 300w, https:\/\/beyondinfosys.com\/wp-content\/uploads\/2025\/06\/RML-L67-NV05-1-768x384.webp 768w, https:\/\/beyondinfosys.com\/wp-content\/uploads\/2025\/06\/RML-L67-NV05-1-600x300.webp 600w\" sizes=\"(max-width: 1024px) 100vw, 1024px\" \/> <img decoding=\"async\" class=\"alignnone wp-image-3882 size-full\" src=\"https:\/\/beyondinfosys.com\/wp-content\/uploads\/2025\/06\/RML-L67-NV06-1.webp\" alt=\"\" width=\"1024\" height=\"512\" srcset=\"https:\/\/beyondinfosys.com\/wp-content\/uploads\/2025\/06\/RML-L67-NV06-1.webp 1024w, https:\/\/beyondinfosys.com\/wp-content\/uploads\/2025\/06\/RML-L67-NV06-1-300x150.webp 300w, https:\/\/beyondinfosys.com\/wp-content\/uploads\/2025\/06\/RML-L67-NV06-1-768x384.webp 768w, https:\/\/beyondinfosys.com\/wp-content\/uploads\/2025\/06\/RML-L67-NV06-1-600x300.webp 600w\" sizes=\"(max-width: 1024px) 100vw, 1024px\" \/><\/p>\n<h2 style=\"text-align: center;\">Applications<\/h2>\n<p><a href=\"\/fr\/solution-dautomatisation-industrielle\/\"><img loading=\"lazy\" decoding=\"async\" class=\"alignnone wp-image-2250 size-medium\" src=\"https:\/\/beyondinfosys.com\/wp-content\/uploads\/2025\/03\/industrial-automation-1-300x185.webp\" alt=\"\" width=\"300\" height=\"185\" srcset=\"https:\/\/beyondinfosys.com\/wp-content\/uploads\/2025\/03\/industrial-automation-1-300x185.webp 300w, https:\/\/beyondinfosys.com\/wp-content\/uploads\/2025\/03\/industrial-automation-1.webp 400w\" sizes=\"(max-width: 300px) 100vw, 300px\" \/><\/a><a href=\"\/fr\/militaire\/\"><img loading=\"lazy\" decoding=\"async\" class=\"alignnone wp-image-3656 size-medium\" src=\"https:\/\/beyondinfosys.com\/wp-content\/uploads\/2025\/06\/solutions-007-300x185.webp\" alt=\"\" width=\"300\" height=\"185\" srcset=\"https:\/\/beyondinfosys.com\/wp-content\/uploads\/2025\/06\/solutions-007-300x185.webp 300w, https:\/\/beyondinfosys.com\/wp-content\/uploads\/2025\/06\/solutions-007.webp 400w\" sizes=\"(max-width: 300px) 100vw, 300px\" \/><\/a><a href=\"\/fr\/solutions-ai\/\"><img loading=\"lazy\" decoding=\"async\" class=\"alignnone wp-image-2249 size-medium\" src=\"https:\/\/beyondinfosys.com\/wp-content\/uploads\/2025\/03\/solutions-003-300x185.webp\" alt=\"\" width=\"300\" height=\"185\" srcset=\"https:\/\/beyondinfosys.com\/wp-content\/uploads\/2025\/03\/solutions-003-300x185.webp 300w, https:\/\/beyondinfosys.com\/wp-content\/uploads\/2025\/03\/solutions-003.webp 400w\" sizes=\"(max-width: 300px) 100vw, 300px\" \/><\/a><\/p>","protected":false},"excerpt":{"rendered":"<p><strong>Caract\u00e9ristiques principales :<\/strong><\/p>\n<p>1. Intel 12e g\u00e9n\u00e9ration Alder Lake Core i7 12700TE<br \/>\n2. GPU : NVIDIA MXM T1000 \/ A2000 int\u00e9gr\u00e9<br \/>\n3. Double sortie vid\u00e9o : Double sortie HDMI<br \/>\n4. Entr\u00e9e d'alimentation : 9~36V Entr\u00e9e d'alimentation DC isol\u00e9e<br \/>\n5. IP67 complet<br \/>\n6. MIL-STD-810G vibrations \/ chocs<br \/>\n7. MIL-STD-461F CE102, RE102<br \/>\n8. Emplacement amovible : 1 x 2.5\u2033 SSD slot amovible<\/p>\n<p><img loading=\"lazy\" decoding=\"async\" class=\"alignnone size-full wp-image-2235\" src=\"https:\/\/beyondinfosys.com\/wp-content\/uploads\/2025\/03\/WIDE-VOLTAGE-1.webp\" alt=\"\" width=\"45\" height=\"45\" \/><img loading=\"lazy\" decoding=\"async\" class=\"alignnone size-full wp-image-2221\" src=\"https:\/\/beyondinfosys.com\/wp-content\/uploads\/2025\/03\/461-1.webp\" alt=\"\" width=\"45\" height=\"45\" \/> <img loading=\"lazy\" decoding=\"async\" class=\"alignnone size-full wp-image-2222\" src=\"https:\/\/beyondinfosys.com\/wp-content\/uploads\/2025\/03\/810-1.webp\" alt=\"\" width=\"45\" height=\"45\" \/><\/p>","protected":false},"featured_media":3811,"template":"","meta":{"site-sidebar-layout":"default","site-content-layout":"","ast-site-content-layout":"default","site-content-style":"default","site-sidebar-style":"default","ast-global-header-display":"","ast-banner-title-visibility":"","ast-main-header-display":"","ast-hfb-above-header-display":"","ast-hfb-below-header-display":"","ast-hfb-mobile-header-display":"","site-post-title":"","ast-breadcrumbs-content":"","ast-featured-img":"","footer-sml-layout":"","ast-disable-related-posts":"","theme-transparent-header-meta":"default","adv-header-id-meta":"","stick-header-meta":"default","header-above-stick-meta":"","header-main-stick-meta":"","header-below-stick-meta":"","astra-migrate-meta-layouts":"set","ast-page-background-enabled":"default","ast-page-background-meta":{"desktop":{"background-color":"","background-image":"","background-repeat":"repeat","background-position":"center center","background-size":"auto","background-attachment":"scroll","background-type":"","background-media":"","overlay-type":"","overlay-color":"","overlay-opacity":"","overlay-gradient":""},"tablet":{"background-color":"","background-image":"","background-repeat":"repeat","background-position":"center center","background-size":"auto","background-attachment":"scroll","background-type":"","background-media":"","overlay-type":"","overlay-color":"","overlay-opacity":"","overlay-gradient":""},"mobile":{"background-color":"","background-image":"","background-repeat":"repeat","background-position":"center center","background-size":"auto","background-attachment":"scroll","background-type":"","background-media":"","overlay-type":"","overlay-color":"","overlay-opacity":"","overlay-gradient":""}},"ast-content-background-meta":{"desktop":{"background-color":"var(--ast-global-color-5)","background-image":"","background-repeat":"repeat","background-position":"center center","background-size":"auto","background-attachment":"scroll","background-type":"","background-media":"","overlay-type":"","overlay-color":"","overlay-opacity":"","overlay-gradient":""},"tablet":{"background-color":"var(--ast-global-color-5)","background-image":"","background-repeat":"repeat","background-position":"center center","background-size":"auto","background-attachment":"scroll","background-type":"","background-media":"","overlay-type":"","overlay-color":"","overlay-opacity":"","overlay-gradient":""},"mobile":{"background-color":"var(--ast-global-color-5)","background-image":"","background-repeat":"repeat","background-position":"center center","background-size":"auto","background-attachment":"scroll","background-type":"","background-media":"","overlay-type":"","overlay-color":"","overlay-opacity":"","overlay-gradient":""}}},"product_brand":[],"product_cat":[39],"product_tag":[],"class_list":{"0":"post-3658","1":"product","2":"type-product","3":"status-publish","4":"has-post-thumbnail","6":"product_cat-military-grade-embedded-box-pc","7":"desktop-align-left","8":"tablet-align-left","9":"mobile-align-left","10":"ast-product-gallery-layout-horizontal-slider","11":"ast-product-tabs-layout-horizontal","13":"first","14":"instock","15":"shipping-taxable","16":"purchasable","17":"product-type-simple"},"yoast_head":"<!-- This site is optimized with the Yoast SEO Premium plugin v24.0 (Yoast SEO v27.4) - https:\/\/yoast.com\/product\/yoast-seo-premium-wordpress\/ -->\n<title>AI Ready Rugged Embedded PC- RML\u2011L67\u2011NV - Beyond Info Sys<\/title>\n<meta name=\"description\" content=\"Deploy rugged AI PCs with NVIDIA MXM GPU for industrial edge AI applications.Deploy powerful rugged PC with IP67 rating, ideal for industrial integrators.\" \/>\n<meta name=\"robots\" content=\"index, follow, max-snippet:-1, max-image-preview:large, max-video-preview:-1\" \/>\n<link rel=\"canonical\" href=\"https:\/\/beyondinfosys.com\/fr\/product\/pc-embarque-durci-pret-pour-laia\/\" \/>\n<meta property=\"og:locale\" content=\"fr_FR\" \/>\n<meta property=\"og:type\" content=\"article\" \/>\n<meta property=\"og:title\" content=\"AI Ready Rugged Embedded PC- RML\u2011L67\u2011NV\" \/>\n<meta property=\"og:description\" content=\"Deploy rugged AI PCs with NVIDIA MXM GPU for industrial edge AI applications.Deploy powerful rugged PC with IP67 rating, ideal for industrial integrators.\" \/>\n<meta property=\"og:url\" content=\"https:\/\/beyondinfosys.com\/fr\/product\/pc-embarque-durci-pret-pour-laia\/\" \/>\n<meta property=\"og:site_name\" content=\"Beyond Info Sys\" \/>\n<meta property=\"article:modified_time\" content=\"2026-03-20T00:22:40+00:00\" \/>\n<meta property=\"og:image\" content=\"https:\/\/beyondinfosys.com\/wp-content\/uploads\/2025\/06\/RML-L67-NV-3.webp\" \/>\n\t<meta property=\"og:image:width\" content=\"1024\" \/>\n\t<meta property=\"og:image:height\" content=\"1024\" \/>\n\t<meta property=\"og:image:type\" content=\"image\/webp\" \/>\n<meta name=\"twitter:card\" content=\"summary_large_image\" \/>\n<meta name=\"twitter:label1\" content=\"Dur\u00e9e de lecture estim\u00e9e\" \/>\n\t<meta name=\"twitter:data1\" content=\"3 minutes\" \/>\n<script type=\"application\/ld+json\" class=\"yoast-schema-graph\">{\"@context\":\"https:\\\/\\\/schema.org\",\"@graph\":[{\"@type\":\"WebPage\",\"@id\":\"https:\\\/\\\/beyondinfosys.com\\\/product\\\/ai-ready-rugged-embedded-pc\\\/\",\"url\":\"https:\\\/\\\/beyondinfosys.com\\\/product\\\/ai-ready-rugged-embedded-pc\\\/\",\"name\":\"AI Ready Rugged Embedded PC- RML\u2011L67\u2011NV - Beyond Info Sys\",\"isPartOf\":{\"@id\":\"https:\\\/\\\/beyondinfosys.com\\\/#website\"},\"primaryImageOfPage\":{\"@id\":\"https:\\\/\\\/beyondinfosys.com\\\/product\\\/ai-ready-rugged-embedded-pc\\\/#primaryimage\"},\"image\":{\"@id\":\"https:\\\/\\\/beyondinfosys.com\\\/product\\\/ai-ready-rugged-embedded-pc\\\/#primaryimage\"},\"thumbnailUrl\":\"https:\\\/\\\/beyondinfosys.com\\\/wp-content\\\/uploads\\\/2025\\\/06\\\/RML-L67-NV-3.webp\",\"datePublished\":\"2025-06-01T13:39:19+00:00\",\"dateModified\":\"2026-03-20T00:22:40+00:00\",\"description\":\"Deploy rugged AI PCs with NVIDIA MXM GPU for industrial edge AI applications.Deploy powerful rugged PC with IP67 rating, ideal for industrial integrators.\",\"breadcrumb\":{\"@id\":\"https:\\\/\\\/beyondinfosys.com\\\/product\\\/ai-ready-rugged-embedded-pc\\\/#breadcrumb\"},\"inLanguage\":\"fr-FR\",\"potentialAction\":[{\"@type\":\"ReadAction\",\"target\":[\"https:\\\/\\\/beyondinfosys.com\\\/product\\\/ai-ready-rugged-embedded-pc\\\/\"]}]},{\"@type\":\"ImageObject\",\"inLanguage\":\"fr-FR\",\"@id\":\"https:\\\/\\\/beyondinfosys.com\\\/product\\\/ai-ready-rugged-embedded-pc\\\/#primaryimage\",\"url\":\"https:\\\/\\\/beyondinfosys.com\\\/wp-content\\\/uploads\\\/2025\\\/06\\\/RML-L67-NV-3.webp\",\"contentUrl\":\"https:\\\/\\\/beyondinfosys.com\\\/wp-content\\\/uploads\\\/2025\\\/06\\\/RML-L67-NV-3.webp\",\"width\":1024,\"height\":1024},{\"@type\":\"BreadcrumbList\",\"@id\":\"https:\\\/\\\/beyondinfosys.com\\\/product\\\/ai-ready-rugged-embedded-pc\\\/#breadcrumb\",\"itemListElement\":[{\"@type\":\"ListItem\",\"position\":1,\"name\":\"Home\",\"item\":\"https:\\\/\\\/beyondinfosys.com\\\/\"},{\"@type\":\"ListItem\",\"position\":2,\"name\":\"\u5546\u5e97\",\"item\":\"https:\\\/\\\/beyondinfosys.com\\\/shop\\\/\"},{\"@type\":\"ListItem\",\"position\":3,\"name\":\"AI Ready Rugged Embedded PC- RML\u2011L67\u2011NV\"}]},{\"@type\":\"WebSite\",\"@id\":\"https:\\\/\\\/beyondinfosys.com\\\/#website\",\"url\":\"https:\\\/\\\/beyondinfosys.com\\\/\",\"name\":\"Beyond Info Sys\",\"description\":\"\",\"publisher\":{\"@id\":\"https:\\\/\\\/beyondinfosys.com\\\/#organization\"},\"potentialAction\":[{\"@type\":\"SearchAction\",\"target\":{\"@type\":\"EntryPoint\",\"urlTemplate\":\"https:\\\/\\\/beyondinfosys.com\\\/?s={search_term_string}\"},\"query-input\":{\"@type\":\"PropertyValueSpecification\",\"valueRequired\":true,\"valueName\":\"search_term_string\"}}],\"inLanguage\":\"fr-FR\"},{\"@type\":\"Organization\",\"@id\":\"https:\\\/\\\/beyondinfosys.com\\\/#organization\",\"name\":\"Beyond Info Sys\",\"url\":\"https:\\\/\\\/beyondinfosys.com\\\/\",\"logo\":{\"@type\":\"ImageObject\",\"inLanguage\":\"fr-FR\",\"@id\":\"https:\\\/\\\/beyondinfosys.com\\\/#\\\/schema\\\/logo\\\/image\\\/\",\"url\":\"https:\\\/\\\/beyondinfosys.com\\\/wp-content\\\/uploads\\\/2025\\\/01\\\/LOGO-full.svg\",\"contentUrl\":\"https:\\\/\\\/beyondinfosys.com\\\/wp-content\\\/uploads\\\/2025\\\/01\\\/LOGO-full.svg\",\"width\":219,\"height\":83,\"caption\":\"Beyond Info Sys\"},\"image\":{\"@id\":\"https:\\\/\\\/beyondinfosys.com\\\/#\\\/schema\\\/logo\\\/image\\\/\"}}]}<\/script>\n<!-- \/ Yoast SEO Premium plugin. -->","yoast_head_json":{"title":"PC durci embarqu\u00e9 pr\u00eat pour l'IA - RML-L67-NV - Beyond Info Sys","description":"D\u00e9ployer des PC IA robustes avec GPU NVIDIA MXM pour les applications d'IA \u00e0 la pointe de l'industrie.D\u00e9ployer un puissant PC robuste avec un indice de protection IP67, id\u00e9al pour les int\u00e9grateurs industriels.","robots":{"index":"index","follow":"follow","max-snippet":"max-snippet:-1","max-image-preview":"max-image-preview:large","max-video-preview":"max-video-preview:-1"},"canonical":"https:\/\/beyondinfosys.com\/fr\/product\/pc-embarque-durci-pret-pour-laia\/","og_locale":"fr_FR","og_type":"article","og_title":"AI Ready Rugged Embedded PC- RML\u2011L67\u2011NV","og_description":"Deploy rugged AI PCs with NVIDIA MXM GPU for industrial edge AI applications.Deploy powerful rugged PC with IP67 rating, ideal for industrial integrators.","og_url":"https:\/\/beyondinfosys.com\/fr\/product\/pc-embarque-durci-pret-pour-laia\/","og_site_name":"Beyond Info Sys","article_modified_time":"2026-03-20T00:22:40+00:00","og_image":[{"width":1024,"height":1024,"url":"https:\/\/beyondinfosys.com\/wp-content\/uploads\/2025\/06\/RML-L67-NV-3.webp","type":"image\/webp"}],"twitter_card":"summary_large_image","twitter_misc":{"Dur\u00e9e de lecture estim\u00e9e":"3 minutes"},"schema":{"@context":"https:\/\/schema.org","@graph":[{"@type":"WebPage","@id":"https:\/\/beyondinfosys.com\/product\/ai-ready-rugged-embedded-pc\/","url":"https:\/\/beyondinfosys.com\/product\/ai-ready-rugged-embedded-pc\/","name":"PC durci embarqu\u00e9 pr\u00eat pour l'IA - RML-L67-NV - Beyond Info Sys","isPartOf":{"@id":"https:\/\/beyondinfosys.com\/#website"},"primaryImageOfPage":{"@id":"https:\/\/beyondinfosys.com\/product\/ai-ready-rugged-embedded-pc\/#primaryimage"},"image":{"@id":"https:\/\/beyondinfosys.com\/product\/ai-ready-rugged-embedded-pc\/#primaryimage"},"thumbnailUrl":"https:\/\/beyondinfosys.com\/wp-content\/uploads\/2025\/06\/RML-L67-NV-3.webp","datePublished":"2025-06-01T13:39:19+00:00","dateModified":"2026-03-20T00:22:40+00:00","description":"D\u00e9ployer des PC IA robustes avec GPU NVIDIA MXM pour les applications d'IA \u00e0 la pointe de l'industrie.D\u00e9ployer un puissant PC robuste avec un indice de protection IP67, id\u00e9al pour les int\u00e9grateurs industriels.","breadcrumb":{"@id":"https:\/\/beyondinfosys.com\/product\/ai-ready-rugged-embedded-pc\/#breadcrumb"},"inLanguage":"fr-FR","potentialAction":[{"@type":"ReadAction","target":["https:\/\/beyondinfosys.com\/product\/ai-ready-rugged-embedded-pc\/"]}]},{"@type":"ImageObject","inLanguage":"fr-FR","@id":"https:\/\/beyondinfosys.com\/product\/ai-ready-rugged-embedded-pc\/#primaryimage","url":"https:\/\/beyondinfosys.com\/wp-content\/uploads\/2025\/06\/RML-L67-NV-3.webp","contentUrl":"https:\/\/beyondinfosys.com\/wp-content\/uploads\/2025\/06\/RML-L67-NV-3.webp","width":1024,"height":1024},{"@type":"BreadcrumbList","@id":"https:\/\/beyondinfosys.com\/product\/ai-ready-rugged-embedded-pc\/#breadcrumb","itemListElement":[{"@type":"ListItem","position":1,"name":"Home","item":"https:\/\/beyondinfosys.com\/"},{"@type":"ListItem","position":2,"name":"\u5546\u5e97","item":"https:\/\/beyondinfosys.com\/shop\/"},{"@type":"ListItem","position":3,"name":"AI Ready Rugged Embedded PC- RML\u2011L67\u2011NV"}]},{"@type":"WebSite","@id":"https:\/\/beyondinfosys.com\/#website","url":"https:\/\/beyondinfosys.com\/","name":"Beyond Info Sys","description":"","publisher":{"@id":"https:\/\/beyondinfosys.com\/#organization"},"potentialAction":[{"@type":"SearchAction","target":{"@type":"EntryPoint","urlTemplate":"https:\/\/beyondinfosys.com\/?s={search_term_string}"},"query-input":{"@type":"PropertyValueSpecification","valueRequired":true,"valueName":"search_term_string"}}],"inLanguage":"fr-FR"},{"@type":"Organization","@id":"https:\/\/beyondinfosys.com\/#organization","name":"Beyond Info Sys","url":"https:\/\/beyondinfosys.com\/","logo":{"@type":"ImageObject","inLanguage":"fr-FR","@id":"https:\/\/beyondinfosys.com\/#\/schema\/logo\/image\/","url":"https:\/\/beyondinfosys.com\/wp-content\/uploads\/2025\/01\/LOGO-full.svg","contentUrl":"https:\/\/beyondinfosys.com\/wp-content\/uploads\/2025\/01\/LOGO-full.svg","width":219,"height":83,"caption":"Beyond Info Sys"},"image":{"@id":"https:\/\/beyondinfosys.com\/#\/schema\/logo\/image\/"}}]}},"_links":{"self":[{"href":"https:\/\/beyondinfosys.com\/fr\/wp-json\/wp\/v2\/product\/3658","targetHints":{"allow":["GET"]}}],"collection":[{"href":"https:\/\/beyondinfosys.com\/fr\/wp-json\/wp\/v2\/product"}],"about":[{"href":"https:\/\/beyondinfosys.com\/fr\/wp-json\/wp\/v2\/types\/product"}],"wp:featuredmedia":[{"embeddable":true,"href":"https:\/\/beyondinfosys.com\/fr\/wp-json\/wp\/v2\/media\/3811"}],"wp:attachment":[{"href":"https:\/\/beyondinfosys.com\/fr\/wp-json\/wp\/v2\/media?parent=3658"}],"wp:term":[{"taxonomy":"product_brand","embeddable":true,"href":"https:\/\/beyondinfosys.com\/fr\/wp-json\/wp\/v2\/product_brand?post=3658"},{"taxonomy":"product_cat","embeddable":true,"href":"https:\/\/beyondinfosys.com\/fr\/wp-json\/wp\/v2\/product_cat?post=3658"},{"taxonomy":"product_tag","embeddable":true,"href":"https:\/\/beyondinfosys.com\/fr\/wp-json\/wp\/v2\/product_tag?post=3658"}],"curies":[{"name":"wp","href":"https:\/\/api.w.org\/{rel}","templated":true}]}}