{"id":3659,"date":"2025-06-02T12:49:04","date_gmt":"2025-06-02T04:49:04","guid":{"rendered":"https:\/\/beyondinfosys.com\/?post_type=product&#038;p=3659"},"modified":"2026-03-20T07:52:57","modified_gmt":"2026-03-19T23:52:57","slug":"rml-s67-tgs","status":"publish","type":"product","link":"https:\/\/beyondinfosys.com\/fr\/product\/rml-s67-tgs\/","title":{"rendered":"RML-S67-TGS"},"content":{"rendered":"<h2 data-start=\"192\" data-end=\"237\">Box PC durci IP67 pour les op\u00e9rations militaires et mini\u00e8res<\/h2>\n<p class=\"\" data-start=\"238\" data-end=\"342\">Con\u00e7u pour \u00eatre d\u00e9ploy\u00e9 dans des environnements difficiles et \u00e0 haut risque, ce box PC embarqu\u00e9 robuste est con\u00e7u pour r\u00e9pondre aux exigences rigoureuses des op\u00e9rations militaires sur le terrain et des d\u00e9ploiements dans l'industrie mini\u00e8re. Aliment\u00e9 par le processeur Intel\u00ae 11th Gen Tiger Lake Core i5-1135G7 ou i5-1145G7E, il offre des performances informatiques exceptionnelles pour les t\u00e2ches critiques, le traitement des donn\u00e9es de pointe et le contr\u00f4le en temps r\u00e9el dans des conditions extr\u00eames.<br \/>\nLe syst\u00e8me est dot\u00e9 d'une double sortie vid\u00e9o (VGA + HDMI) pour une compatibilit\u00e9 avec les \u00e9crans anciens et modernes, tandis que son entr\u00e9e d'alimentation CC isol\u00e9e 9~36V garantit des performances stables dans les installations d'alimentation mobiles et industrielles. Construit avec un bo\u00eetier IP67, il est enti\u00e8rement prot\u00e9g\u00e9 contre l'eau, la poussi\u00e8re et les risques environnementaux, ce qui le rend id\u00e9al pour les mines souterraines ou les environnements militaires sur le terrain.<br \/>\nCertifi\u00e9 MIL-STD-810G pour la r\u00e9sistance aux vibrations et aux chocs, et MIL-STD-461F (CE102, RE102) pour la protection contre les interf\u00e9rences \u00e9lectromagn\u00e9tiques, ce syst\u00e8me garantit une stabilit\u00e9 op\u00e9rationnelle dans des conditions m\u00e9caniques et EMI extr\u00eames. Prenant en charge Windows 10, Windows 11 et Linux, il s'int\u00e8gre de mani\u00e8re transparente dans divers \u00e9cosyst\u00e8mes logiciels industriels et de d\u00e9fense.<\/p>\n<h4 data-start=\"238\" data-end=\"342\">Caract\u00e9ristiques principales<\/h4>\n<ul>\n<li data-start=\"238\" data-end=\"342\">Intel\u00ae 11th Gen Tiger Lake Core i5-1135G7 \/ 1145G7E pour des performances avanc\u00e9es<\/li>\n<li data-start=\"238\" data-end=\"342\">Deux sorties vid\u00e9o : VGA + HDMI pour une configuration d'affichage flexible<\/li>\n<li data-start=\"238\" data-end=\"342\">Entr\u00e9e d'alimentation DC isol\u00e9e \u00e0 large plage 9~36V pour la stabilit\u00e9 de l'alimentation<\/li>\n<li data-start=\"238\" data-end=\"342\">Conception enti\u00e8rement conforme \u00e0 la norme IP67 pour une protection \u00e9tanche \u00e0 l'eau et \u00e0 la poussi\u00e8re<\/li>\n<li data-start=\"238\" data-end=\"342\">Certification MIL-STD-810G pour la r\u00e9sistance aux vibrations et aux chocs<\/li>\n<li data-start=\"238\" data-end=\"342\">Certification MIL-STD-461F (CE102, RE102) pour la conformit\u00e9 EMI\/EMC<\/li>\n<li data-start=\"238\" data-end=\"342\">Prise en charge de Windows 10, Windows 11 et Linux OS<\/li>\n<\/ul>\n<h4>Avantages<\/h4>\n<ul>\n<li>Con\u00e7u pour les environnements extr\u00eames tels que les mines \u00e0 ciel ouvert ou les v\u00e9hicules militaires<\/li>\n<li>Fonctionnement fiable en pr\u00e9sence de chocs, de vibrations et de bruits \u00e9lectriques<\/li>\n<li>La conception enti\u00e8rement \u00e9tanche permet un d\u00e9ploiement \u00e0 l'ext\u00e9rieur ou sous terre sans bo\u00eetier.<\/li>\n<li>Options d'alimentation et d'affichage flexibles pour une gamme de sc\u00e9narios d'int\u00e9gration<\/li>\n<li>Le cycle de vie prolong\u00e9 et l'architecture sans ventilateur sont id\u00e9aux pour une utilisation critique.<\/li>\n<\/ul>\n<h4 class=\"\" data-start=\"1723\" data-end=\"1747\">Id\u00e9al pour<\/h4>\n<ul>\n<li data-start=\"1750\" data-end=\"1796\">Unit\u00e9s mobiles de commandement et de contr\u00f4le dans les missions de d\u00e9fense<\/li>\n<li data-start=\"1750\" data-end=\"1796\">Syst\u00e8mes informatiques mont\u00e9s sur des v\u00e9hicules militaires<\/li>\n<li data-start=\"1750\" data-end=\"1796\">Salles de contr\u00f4le des mines et plates-formes d'\u00e9quipement mobile<\/li>\n<li data-start=\"1750\" data-end=\"1796\">Informatique de pointe dans des lieux \u00e9loign\u00e9s ou soumis \u00e0 de fortes vibrations<\/li>\n<li data-start=\"1750\" data-end=\"1796\">Surveillance, navigation et contr\u00f4le industriel en terrain accident\u00e9<\/li>\n<\/ul>\n<p><img fetchpriority=\"high\" decoding=\"async\" class=\"alignnone wp-image-3884 size-full\" src=\"https:\/\/beyondinfosys.com\/wp-content\/uploads\/2025\/06\/\u7522\u54c1\u9801\u5716-\u62f7\u8c9d-11.webp\" alt=\"\" width=\"1024\" height=\"1296\" srcset=\"https:\/\/beyondinfosys.com\/wp-content\/uploads\/2025\/06\/\u7522\u54c1\u9801\u5716-\u62f7\u8c9d-11.webp 1024w, https:\/\/beyondinfosys.com\/wp-content\/uploads\/2025\/06\/\u7522\u54c1\u9801\u5716-\u62f7\u8c9d-11-237x300.webp 237w, https:\/\/beyondinfosys.com\/wp-content\/uploads\/2025\/06\/\u7522\u54c1\u9801\u5716-\u62f7\u8c9d-11-809x1024.webp 809w, https:\/\/beyondinfosys.com\/wp-content\/uploads\/2025\/06\/\u7522\u54c1\u9801\u5716-\u62f7\u8c9d-11-768x972.webp 768w, https:\/\/beyondinfosys.com\/wp-content\/uploads\/2025\/06\/\u7522\u54c1\u9801\u5716-\u62f7\u8c9d-11-600x759.webp 600w\" sizes=\"(max-width: 1024px) 100vw, 1024px\" \/><\/p>\n<h2 style=\"text-align: center;\">Applications<\/h2>\n<p><a href=\"\/fr\/solution-dautomatisation-industrielle\/\"><img decoding=\"async\" class=\"alignnone wp-image-2250 size-medium\" src=\"https:\/\/beyondinfosys.com\/wp-content\/uploads\/2025\/03\/industrial-automation-1-300x185.webp\" alt=\"\" width=\"300\" height=\"185\" srcset=\"https:\/\/beyondinfosys.com\/wp-content\/uploads\/2025\/03\/industrial-automation-1-300x185.webp 300w, https:\/\/beyondinfosys.com\/wp-content\/uploads\/2025\/03\/industrial-automation-1.webp 400w\" sizes=\"(max-width: 300px) 100vw, 300px\" \/><\/a><a href=\"\/fr\/militaire\/\"><img decoding=\"async\" class=\"alignnone wp-image-3656 size-medium\" src=\"https:\/\/beyondinfosys.com\/wp-content\/uploads\/2025\/06\/solutions-007-300x185.webp\" alt=\"\" width=\"300\" height=\"185\" srcset=\"https:\/\/beyondinfosys.com\/wp-content\/uploads\/2025\/06\/solutions-007-300x185.webp 300w, https:\/\/beyondinfosys.com\/wp-content\/uploads\/2025\/06\/solutions-007.webp 400w\" sizes=\"(max-width: 300px) 100vw, 300px\" \/><\/a><img loading=\"lazy\" decoding=\"async\" class=\"alignnone wp-image-2249 size-medium\" src=\"https:\/\/beyondinfosys.com\/wp-content\/uploads\/2025\/03\/solutions-003-300x185.webp\" alt=\"\" width=\"300\" height=\"185\" srcset=\"https:\/\/beyondinfosys.com\/wp-content\/uploads\/2025\/03\/solutions-003-300x185.webp 300w, https:\/\/beyondinfosys.com\/wp-content\/uploads\/2025\/03\/solutions-003.webp 400w\" sizes=\"(max-width: 300px) 100vw, 300px\" \/><\/p>","protected":false},"excerpt":{"rendered":"<p><strong>Caract\u00e9ristiques principales :<\/strong><\/p>\n<p>1. Intel 11th Gen. Tigerlake Core i5 1135G7\/ 1145G7E<br \/>\n2. Double sortie vid\u00e9o : VGA + HDMI<br \/>\n3. Entr\u00e9e d'alimentation : 9~36V Entr\u00e9e d'alimentation DC isol\u00e9e<br \/>\n4. IP67 complet<br \/>\n5. OS : Win10, Win11, Linux<br \/>\n6. MIL-STD-810G vibrations \/ chocs<br \/>\n7. MIL-STD-461F CE102, RE102<\/p>\n<p><img loading=\"lazy\" decoding=\"async\" class=\"alignnone size-full wp-image-2235\" src=\"https:\/\/beyondinfosys.com\/wp-content\/uploads\/2025\/03\/WIDE-VOLTAGE-1.webp\" alt=\"\" width=\"45\" height=\"45\" \/><img loading=\"lazy\" decoding=\"async\" class=\"alignnone size-full wp-image-2221\" src=\"https:\/\/beyondinfosys.com\/wp-content\/uploads\/2025\/03\/461-1.webp\" alt=\"\" width=\"45\" height=\"45\" \/> <img loading=\"lazy\" decoding=\"async\" class=\"alignnone size-full wp-image-2222\" src=\"https:\/\/beyondinfosys.com\/wp-content\/uploads\/2025\/03\/810-1.webp\" alt=\"\" width=\"45\" height=\"45\" \/><\/p>","protected":false},"featured_media":3813,"template":"","meta":{"site-sidebar-layout":"default","site-content-layout":"","ast-site-content-layout":"default","site-content-style":"default","site-sidebar-style":"default","ast-global-header-display":"","ast-banner-title-visibility":"","ast-main-header-display":"","ast-hfb-above-header-display":"","ast-hfb-below-header-display":"","ast-hfb-mobile-header-display":"","site-post-title":"","ast-breadcrumbs-content":"","ast-featured-img":"","footer-sml-layout":"","ast-disable-related-posts":"","theme-transparent-header-meta":"default","adv-header-id-meta":"","stick-header-meta":"default","header-above-stick-meta":"","header-main-stick-meta":"","header-below-stick-meta":"","astra-migrate-meta-layouts":"set","ast-page-background-enabled":"default","ast-page-background-meta":{"desktop":{"background-color":"","background-image":"","background-repeat":"repeat","background-position":"center center","background-size":"auto","background-attachment":"scroll","background-type":"","background-media":"","overlay-type":"","overlay-color":"","overlay-opacity":"","overlay-gradient":""},"tablet":{"background-color":"","background-image":"","background-repeat":"repeat","background-position":"center center","background-size":"auto","background-attachment":"scroll","background-type":"","background-media":"","overlay-type":"","overlay-color":"","overlay-opacity":"","overlay-gradient":""},"mobile":{"background-color":"","background-image":"","background-repeat":"repeat","background-position":"center center","background-size":"auto","background-attachment":"scroll","background-type":"","background-media":"","overlay-type":"","overlay-color":"","overlay-opacity":"","overlay-gradient":""}},"ast-content-background-meta":{"desktop":{"background-color":"var(--ast-global-color-5)","background-image":"","background-repeat":"repeat","background-position":"center center","background-size":"auto","background-attachment":"scroll","background-type":"","background-media":"","overlay-type":"","overlay-color":"","overlay-opacity":"","overlay-gradient":""},"tablet":{"background-color":"var(--ast-global-color-5)","background-image":"","background-repeat":"repeat","background-position":"center center","background-size":"auto","background-attachment":"scroll","background-type":"","background-media":"","overlay-type":"","overlay-color":"","overlay-opacity":"","overlay-gradient":""},"mobile":{"background-color":"var(--ast-global-color-5)","background-image":"","background-repeat":"repeat","background-position":"center center","background-size":"auto","background-attachment":"scroll","background-type":"","background-media":"","overlay-type":"","overlay-color":"","overlay-opacity":"","overlay-gradient":""}}},"product_brand":[],"product_cat":[39],"product_tag":[],"class_list":{"0":"post-3659","1":"product","2":"type-product","3":"status-publish","4":"has-post-thumbnail","6":"product_cat-military-grade-embedded-box-pc","7":"desktop-align-left","8":"tablet-align-left","9":"mobile-align-left","10":"ast-product-gallery-layout-horizontal-slider","11":"ast-product-tabs-layout-horizontal","13":"first","14":"instock","15":"shipping-taxable","16":"purchasable","17":"product-type-simple"},"yoast_head":"<!-- This site is optimized with the Yoast SEO Premium plugin v24.0 (Yoast SEO v27.4) - https:\/\/yoast.com\/product\/yoast-seo-premium-wordpress\/ -->\n<title>RML-S67-TGS - Beyond Info Sys<\/title>\n<meta name=\"robots\" content=\"index, follow, max-snippet:-1, max-image-preview:large, max-video-preview:-1\" \/>\n<link rel=\"canonical\" href=\"https:\/\/beyondinfosys.com\/fr\/product\/rml-s67-tgs\/\" \/>\n<meta property=\"og:locale\" content=\"fr_FR\" \/>\n<meta property=\"og:type\" content=\"article\" \/>\n<meta property=\"og:title\" content=\"RML-S67-TGS\" \/>\n<meta property=\"og:description\" content=\"Key Features:  1. Intel 11th Gen. Tigerlake Core i5 1135G7\/ 1145G7E 2. Dual video output: VGA + HDMI 3. Power input: 9~36V Isolative DC power input 4. Full IP67 5. OS: Win10, Win11, Linux 6. MIL-STD-810G vibration \/ shock 7. MIL-STD-461F CE102, RE102\" \/>\n<meta property=\"og:url\" content=\"https:\/\/beyondinfosys.com\/fr\/product\/rml-s67-tgs\/\" \/>\n<meta property=\"og:site_name\" content=\"Beyond Info Sys\" \/>\n<meta property=\"article:modified_time\" content=\"2026-03-19T23:52:57+00:00\" \/>\n<meta property=\"og:image\" content=\"https:\/\/beyondinfosys.com\/wp-content\/uploads\/2025\/06\/box-pc-RML-S67-TGS.webp\" \/>\n\t<meta property=\"og:image:width\" content=\"1000\" \/>\n\t<meta property=\"og:image:height\" content=\"1000\" \/>\n\t<meta property=\"og:image:type\" content=\"image\/webp\" \/>\n<meta name=\"twitter:card\" content=\"summary_large_image\" \/>\n<meta name=\"twitter:label1\" content=\"Dur\u00e9e de lecture estim\u00e9e\" \/>\n\t<meta name=\"twitter:data1\" content=\"3 minutes\" \/>\n<script type=\"application\/ld+json\" class=\"yoast-schema-graph\">{\"@context\":\"https:\\\/\\\/schema.org\",\"@graph\":[{\"@type\":\"WebPage\",\"@id\":\"https:\\\/\\\/beyondinfosys.com\\\/product\\\/rml-s67-tgs\\\/\",\"url\":\"https:\\\/\\\/beyondinfosys.com\\\/product\\\/rml-s67-tgs\\\/\",\"name\":\"RML-S67-TGS - Beyond Info Sys\",\"isPartOf\":{\"@id\":\"https:\\\/\\\/beyondinfosys.com\\\/#website\"},\"primaryImageOfPage\":{\"@id\":\"https:\\\/\\\/beyondinfosys.com\\\/product\\\/rml-s67-tgs\\\/#primaryimage\"},\"image\":{\"@id\":\"https:\\\/\\\/beyondinfosys.com\\\/product\\\/rml-s67-tgs\\\/#primaryimage\"},\"thumbnailUrl\":\"https:\\\/\\\/beyondinfosys.com\\\/wp-content\\\/uploads\\\/2025\\\/06\\\/box-pc-RML-S67-TGS.webp\",\"datePublished\":\"2025-06-02T04:49:04+00:00\",\"dateModified\":\"2026-03-19T23:52:57+00:00\",\"breadcrumb\":{\"@id\":\"https:\\\/\\\/beyondinfosys.com\\\/product\\\/rml-s67-tgs\\\/#breadcrumb\"},\"inLanguage\":\"fr-FR\",\"potentialAction\":[{\"@type\":\"ReadAction\",\"target\":[\"https:\\\/\\\/beyondinfosys.com\\\/product\\\/rml-s67-tgs\\\/\"]}]},{\"@type\":\"ImageObject\",\"inLanguage\":\"fr-FR\",\"@id\":\"https:\\\/\\\/beyondinfosys.com\\\/product\\\/rml-s67-tgs\\\/#primaryimage\",\"url\":\"https:\\\/\\\/beyondinfosys.com\\\/wp-content\\\/uploads\\\/2025\\\/06\\\/box-pc-RML-S67-TGS.webp\",\"contentUrl\":\"https:\\\/\\\/beyondinfosys.com\\\/wp-content\\\/uploads\\\/2025\\\/06\\\/box-pc-RML-S67-TGS.webp\",\"width\":1000,\"height\":1000},{\"@type\":\"BreadcrumbList\",\"@id\":\"https:\\\/\\\/beyondinfosys.com\\\/product\\\/rml-s67-tgs\\\/#breadcrumb\",\"itemListElement\":[{\"@type\":\"ListItem\",\"position\":1,\"name\":\"Home\",\"item\":\"https:\\\/\\\/beyondinfosys.com\\\/\"},{\"@type\":\"ListItem\",\"position\":2,\"name\":\"\u5546\u5e97\",\"item\":\"https:\\\/\\\/beyondinfosys.com\\\/shop\\\/\"},{\"@type\":\"ListItem\",\"position\":3,\"name\":\"RML-S67-TGS\"}]},{\"@type\":\"WebSite\",\"@id\":\"https:\\\/\\\/beyondinfosys.com\\\/#website\",\"url\":\"https:\\\/\\\/beyondinfosys.com\\\/\",\"name\":\"Beyond Info Sys\",\"description\":\"\",\"publisher\":{\"@id\":\"https:\\\/\\\/beyondinfosys.com\\\/#organization\"},\"potentialAction\":[{\"@type\":\"SearchAction\",\"target\":{\"@type\":\"EntryPoint\",\"urlTemplate\":\"https:\\\/\\\/beyondinfosys.com\\\/?s={search_term_string}\"},\"query-input\":{\"@type\":\"PropertyValueSpecification\",\"valueRequired\":true,\"valueName\":\"search_term_string\"}}],\"inLanguage\":\"fr-FR\"},{\"@type\":\"Organization\",\"@id\":\"https:\\\/\\\/beyondinfosys.com\\\/#organization\",\"name\":\"Beyond Info Sys\",\"url\":\"https:\\\/\\\/beyondinfosys.com\\\/\",\"logo\":{\"@type\":\"ImageObject\",\"inLanguage\":\"fr-FR\",\"@id\":\"https:\\\/\\\/beyondinfosys.com\\\/#\\\/schema\\\/logo\\\/image\\\/\",\"url\":\"https:\\\/\\\/beyondinfosys.com\\\/wp-content\\\/uploads\\\/2025\\\/01\\\/LOGO-full.svg\",\"contentUrl\":\"https:\\\/\\\/beyondinfosys.com\\\/wp-content\\\/uploads\\\/2025\\\/01\\\/LOGO-full.svg\",\"width\":219,\"height\":83,\"caption\":\"Beyond Info Sys\"},\"image\":{\"@id\":\"https:\\\/\\\/beyondinfosys.com\\\/#\\\/schema\\\/logo\\\/image\\\/\"}}]}<\/script>\n<!-- \/ Yoast SEO Premium plugin. -->","yoast_head_json":{"title":"RML-S67-TGS - Beyond Info Sys","robots":{"index":"index","follow":"follow","max-snippet":"max-snippet:-1","max-image-preview":"max-image-preview:large","max-video-preview":"max-video-preview:-1"},"canonical":"https:\/\/beyondinfosys.com\/fr\/product\/rml-s67-tgs\/","og_locale":"fr_FR","og_type":"article","og_title":"RML-S67-TGS","og_description":"Key Features:  1. Intel 11th Gen. Tigerlake Core i5 1135G7\/ 1145G7E 2. Dual video output: VGA + HDMI 3. Power input: 9~36V Isolative DC power input 4. Full IP67 5. OS: Win10, Win11, Linux 6. MIL-STD-810G vibration \/ shock 7. MIL-STD-461F CE102, RE102","og_url":"https:\/\/beyondinfosys.com\/fr\/product\/rml-s67-tgs\/","og_site_name":"Beyond Info Sys","article_modified_time":"2026-03-19T23:52:57+00:00","og_image":[{"width":1000,"height":1000,"url":"https:\/\/beyondinfosys.com\/wp-content\/uploads\/2025\/06\/box-pc-RML-S67-TGS.webp","type":"image\/webp"}],"twitter_card":"summary_large_image","twitter_misc":{"Dur\u00e9e de lecture estim\u00e9e":"3 minutes"},"schema":{"@context":"https:\/\/schema.org","@graph":[{"@type":"WebPage","@id":"https:\/\/beyondinfosys.com\/product\/rml-s67-tgs\/","url":"https:\/\/beyondinfosys.com\/product\/rml-s67-tgs\/","name":"RML-S67-TGS - Beyond Info Sys","isPartOf":{"@id":"https:\/\/beyondinfosys.com\/#website"},"primaryImageOfPage":{"@id":"https:\/\/beyondinfosys.com\/product\/rml-s67-tgs\/#primaryimage"},"image":{"@id":"https:\/\/beyondinfosys.com\/product\/rml-s67-tgs\/#primaryimage"},"thumbnailUrl":"https:\/\/beyondinfosys.com\/wp-content\/uploads\/2025\/06\/box-pc-RML-S67-TGS.webp","datePublished":"2025-06-02T04:49:04+00:00","dateModified":"2026-03-19T23:52:57+00:00","breadcrumb":{"@id":"https:\/\/beyondinfosys.com\/product\/rml-s67-tgs\/#breadcrumb"},"inLanguage":"fr-FR","potentialAction":[{"@type":"ReadAction","target":["https:\/\/beyondinfosys.com\/product\/rml-s67-tgs\/"]}]},{"@type":"ImageObject","inLanguage":"fr-FR","@id":"https:\/\/beyondinfosys.com\/product\/rml-s67-tgs\/#primaryimage","url":"https:\/\/beyondinfosys.com\/wp-content\/uploads\/2025\/06\/box-pc-RML-S67-TGS.webp","contentUrl":"https:\/\/beyondinfosys.com\/wp-content\/uploads\/2025\/06\/box-pc-RML-S67-TGS.webp","width":1000,"height":1000},{"@type":"BreadcrumbList","@id":"https:\/\/beyondinfosys.com\/product\/rml-s67-tgs\/#breadcrumb","itemListElement":[{"@type":"ListItem","position":1,"name":"Home","item":"https:\/\/beyondinfosys.com\/"},{"@type":"ListItem","position":2,"name":"\u5546\u5e97","item":"https:\/\/beyondinfosys.com\/shop\/"},{"@type":"ListItem","position":3,"name":"RML-S67-TGS"}]},{"@type":"WebSite","@id":"https:\/\/beyondinfosys.com\/#website","url":"https:\/\/beyondinfosys.com\/","name":"Beyond Info Sys","description":"","publisher":{"@id":"https:\/\/beyondinfosys.com\/#organization"},"potentialAction":[{"@type":"SearchAction","target":{"@type":"EntryPoint","urlTemplate":"https:\/\/beyondinfosys.com\/?s={search_term_string}"},"query-input":{"@type":"PropertyValueSpecification","valueRequired":true,"valueName":"search_term_string"}}],"inLanguage":"fr-FR"},{"@type":"Organization","@id":"https:\/\/beyondinfosys.com\/#organization","name":"Beyond Info Sys","url":"https:\/\/beyondinfosys.com\/","logo":{"@type":"ImageObject","inLanguage":"fr-FR","@id":"https:\/\/beyondinfosys.com\/#\/schema\/logo\/image\/","url":"https:\/\/beyondinfosys.com\/wp-content\/uploads\/2025\/01\/LOGO-full.svg","contentUrl":"https:\/\/beyondinfosys.com\/wp-content\/uploads\/2025\/01\/LOGO-full.svg","width":219,"height":83,"caption":"Beyond Info Sys"},"image":{"@id":"https:\/\/beyondinfosys.com\/#\/schema\/logo\/image\/"}}]}},"_links":{"self":[{"href":"https:\/\/beyondinfosys.com\/fr\/wp-json\/wp\/v2\/product\/3659","targetHints":{"allow":["GET"]}}],"collection":[{"href":"https:\/\/beyondinfosys.com\/fr\/wp-json\/wp\/v2\/product"}],"about":[{"href":"https:\/\/beyondinfosys.com\/fr\/wp-json\/wp\/v2\/types\/product"}],"wp:featuredmedia":[{"embeddable":true,"href":"https:\/\/beyondinfosys.com\/fr\/wp-json\/wp\/v2\/media\/3813"}],"wp:attachment":[{"href":"https:\/\/beyondinfosys.com\/fr\/wp-json\/wp\/v2\/media?parent=3659"}],"wp:term":[{"taxonomy":"product_brand","embeddable":true,"href":"https:\/\/beyondinfosys.com\/fr\/wp-json\/wp\/v2\/product_brand?post=3659"},{"taxonomy":"product_cat","embeddable":true,"href":"https:\/\/beyondinfosys.com\/fr\/wp-json\/wp\/v2\/product_cat?post=3659"},{"taxonomy":"product_tag","embeddable":true,"href":"https:\/\/beyondinfosys.com\/fr\/wp-json\/wp\/v2\/product_tag?post=3659"}],"curies":[{"name":"wp","href":"https:\/\/api.w.org\/{rel}","templated":true}]}}