{"id":3662,"date":"2025-06-01T21:58:02","date_gmt":"2025-06-01T13:58:02","guid":{"rendered":"https:\/\/beyondinfosys.com\/?post_type=product&#038;p=3662"},"modified":"2026-03-20T07:57:12","modified_gmt":"2026-03-19T23:57:12","slug":"rml-12rw","status":"publish","type":"product","link":"https:\/\/beyondinfosys.com\/fr\/product\/rml-12rw\/","title":{"rendered":"RML-12RW"},"content":{"rendered":"<h2 data-start=\"192\" data-end=\"237\">12.1\u2033 Rugged Marine Panel PC pour l'int\u00e9gration dans le tableau de bord de la marine<\/h2>\n<p class=\"\" data-start=\"238\" data-end=\"342\">Con\u00e7u pour le contr\u00f4le des ponts navals et l'int\u00e9gration des tableaux de bord, ce PC marine durci de 12,1\u2033 est con\u00e7u pour offrir des performances fiables dans les environnements maritimes exigeants. Aliment\u00e9 par le processeur Intel\u00ae 8th Gen Core i3-8145UE, il fournit une informatique stable pour la navigation, le contr\u00f4le des syst\u00e8mes et les applications critiques.<br \/>\nL'\u00e9cran haute luminosit\u00e9 de 1 000 lumens avec verre tremp\u00e9 AR garantit une lisibilit\u00e9 optimale, m\u00eame en plein soleil ou dans des conditions de r\u00e9flexion, tandis que la conception \u00e0 montage encastr\u00e9 permet une installation transparente dans les consoles et les tableaux de bord des navires. La protection frontale conforme \u00e0 la norme IP66 et la r\u00e9sistance au brouillard salin garantissent la durabilit\u00e9 dans les environnements navals \u00e0 forte humidit\u00e9 et sujets \u00e0 la corrosion.<br \/>\nLa connectivit\u00e9 est assur\u00e9e par un robuste connecteur Metallic C3, offrant 2 ports RJ45 LAN et 2 ports USB, tandis que l'alimentation est assur\u00e9e par un connecteur s\u00e9curis\u00e9 D38999III de qualit\u00e9 militaire. Le panneau avant comporte un clavier robuste avec r\u00e9glage de l'alimentation, de la luminosit\u00e9 +\/- et une touche de fonction programmable pour les op\u00e9rations d\u00e9finies par l'utilisateur.<br \/>\nCertifi\u00e9 MIL-STD-810G pour la r\u00e9sistance aux vibrations et aux chocs, ce syst\u00e8me est id\u00e9al pour les navires de guerre op\u00e9rant dans des conditions de mouvement intense ou dans des sc\u00e9narios critiques.<\/p>\n<h4 data-start=\"238\" data-end=\"342\">Caract\u00e9ristiques principales<\/h4>\n<ul>\n<li data-start=\"238\" data-end=\"342\">12.1\u2033 1000 nits LCD haute luminosit\u00e9 avec verre tremp\u00e9 AR<\/li>\n<li data-start=\"238\" data-end=\"342\">Intel\u00ae 8th Gen Core i3-8145UE pour des performances efficaces<\/li>\n<li data-start=\"238\" data-end=\"342\">Connecteur m\u00e9tallique C3 : 2x RJ45, 2x USB<\/li>\n<li data-start=\"238\" data-end=\"342\">Connecteur d'alimentation D38999III pour entr\u00e9e durcie<\/li>\n<li data-start=\"238\" data-end=\"342\">Fa\u00e7ade IP66, \u00e9tanche au brouillard salin pour les environnements marins difficiles<\/li>\n<li data-start=\"238\" data-end=\"342\">Commandes au clavier : Alimentation, Luminosit\u00e9 +\/-, Touche programmable<\/li>\n<li data-start=\"238\" data-end=\"342\">Certification MIL-STD-810G pour les vibrations et les chocs<\/li>\n<li data-start=\"238\" data-end=\"342\">Conception encastr\u00e9e pour une int\u00e9gration parfaite au tableau de bord<\/li>\n<\/ul>\n<h4>Avantages<\/h4>\n<ul>\n<li>\u00c9cran lisible \u00e0 la lumi\u00e8re du soleil pour une visibilit\u00e9 optimale sur les ponts des navires<\/li>\n<li>Panneau frontal \u00e9tanche et r\u00e9sistant \u00e0 la corrosion, id\u00e9al pour le d\u00e9ploiement naval<\/li>\n<li>Clavier durable pour une utilisation rapide en cas de mouvement ou d'urgence<\/li>\n<li>Les connecteurs et le montage robustes garantissent une fiabilit\u00e9 \u00e0 long terme.<\/li>\n<li>Performances stables dans des conditions marines \u00e0 fortes vibrations et \u00e0 forte teneur en sel<\/li>\n<\/ul>\n<h4 class=\"\" data-start=\"1723\" data-end=\"1747\">Id\u00e9al pour<\/h4>\n<ul>\n<li data-start=\"1750\" data-end=\"1796\">Tableaux de bord et consoles de navigation des navires de la marine<\/li>\n<li data-start=\"1750\" data-end=\"1796\">Syst\u00e8mes de contr\u00f4le des navires de combat<\/li>\n<li data-start=\"1750\" data-end=\"1796\">Surveillance des ponts et automatisation marine<\/li>\n<li data-start=\"1750\" data-end=\"1796\">Syst\u00e8me \u00e9lectronique de visualisation des cartes marines et de navigation (ECDIS)<\/li>\n<li data-start=\"1750\" data-end=\"1796\">Interfaces de surveillance navale et de communication \u00e0 bord<\/li>\n<\/ul>\n<p><img fetchpriority=\"high\" decoding=\"async\" class=\"alignnone wp-image-3959 size-full\" src=\"https:\/\/beyondinfosys.com\/wp-content\/uploads\/2025\/06\/\u7522\u54c1\u9801\u5716-\u62f7\u8c9d-21.webp\" alt=\"\" width=\"1024\" height=\"1296\" srcset=\"https:\/\/beyondinfosys.com\/wp-content\/uploads\/2025\/06\/\u7522\u54c1\u9801\u5716-\u62f7\u8c9d-21.webp 1024w, https:\/\/beyondinfosys.com\/wp-content\/uploads\/2025\/06\/\u7522\u54c1\u9801\u5716-\u62f7\u8c9d-21-237x300.webp 237w, https:\/\/beyondinfosys.com\/wp-content\/uploads\/2025\/06\/\u7522\u54c1\u9801\u5716-\u62f7\u8c9d-21-809x1024.webp 809w, https:\/\/beyondinfosys.com\/wp-content\/uploads\/2025\/06\/\u7522\u54c1\u9801\u5716-\u62f7\u8c9d-21-768x972.webp 768w, https:\/\/beyondinfosys.com\/wp-content\/uploads\/2025\/06\/\u7522\u54c1\u9801\u5716-\u62f7\u8c9d-21-600x759.webp 600w\" sizes=\"(max-width: 1024px) 100vw, 1024px\" \/><\/p>\n<h2 style=\"text-align: center;\">Applications<\/h2>\n<p><a href=\"\/fr\/militaire\/\"><img decoding=\"async\" class=\"alignnone wp-image-3656 size-medium\" src=\"https:\/\/beyondinfosys.com\/wp-content\/uploads\/2025\/06\/solutions-007-300x185.webp\" alt=\"\" width=\"300\" height=\"185\" srcset=\"https:\/\/beyondinfosys.com\/wp-content\/uploads\/2025\/06\/solutions-007-300x185.webp 300w, https:\/\/beyondinfosys.com\/wp-content\/uploads\/2025\/06\/solutions-007.webp 400w\" sizes=\"(max-width: 300px) 100vw, 300px\" \/><\/a><\/p>","protected":false},"excerpt":{"rendered":"<p><strong>Caract\u00e9ristiques principales :<\/strong><\/p>\n<p>1. 12.1\u2033 1000nits haute luminosit\u00e9 avec verre tremp\u00e9 AR<br \/>\n2. Intel 8e g\u00e9n\u00e9ration Core i3-8145UE<br \/>\n3. Connecteur C3 m\u00e9tallique : 2x RJ45, 2x USB<br \/>\n4. Puissance : D38999III<br \/>\n5. Fa\u00e7ade IP66, anti-brouillard salin<br \/>\n6. Clavier : Marche\/Arr\u00eat, Luminosit\u00e9 +\/-, Touche programmable<br \/>\n7. MIL-STD-810G vibrations \/ chocs<br \/>\n8. Montage encastr\u00e9<\/p>\n<p><img decoding=\"async\" class=\"alignnone size-full wp-image-2222\" src=\"https:\/\/beyondinfosys.com\/wp-content\/uploads\/2025\/03\/810-1.webp\" alt=\"\" width=\"45\" height=\"45\" \/><\/p>","protected":false},"featured_media":3841,"template":"","meta":{"site-sidebar-layout":"default","site-content-layout":"","ast-site-content-layout":"default","site-content-style":"default","site-sidebar-style":"default","ast-global-header-display":"","ast-banner-title-visibility":"","ast-main-header-display":"","ast-hfb-above-header-display":"","ast-hfb-below-header-display":"","ast-hfb-mobile-header-display":"","site-post-title":"","ast-breadcrumbs-content":"","ast-featured-img":"","footer-sml-layout":"","ast-disable-related-posts":"","theme-transparent-header-meta":"default","adv-header-id-meta":"","stick-header-meta":"default","header-above-stick-meta":"","header-main-stick-meta":"","header-below-stick-meta":"","astra-migrate-meta-layouts":"set","ast-page-background-enabled":"default","ast-page-background-meta":{"desktop":{"background-color":"","background-image":"","background-repeat":"repeat","background-position":"center center","background-size":"auto","background-attachment":"scroll","background-type":"","background-media":"","overlay-type":"","overlay-color":"","overlay-opacity":"","overlay-gradient":""},"tablet":{"background-color":"","background-image":"","background-repeat":"repeat","background-position":"center center","background-size":"auto","background-attachment":"scroll","background-type":"","background-media":"","overlay-type":"","overlay-color":"","overlay-opacity":"","overlay-gradient":""},"mobile":{"background-color":"","background-image":"","background-repeat":"repeat","background-position":"center center","background-size":"auto","background-attachment":"scroll","background-type":"","background-media":"","overlay-type":"","overlay-color":"","overlay-opacity":"","overlay-gradient":""}},"ast-content-background-meta":{"desktop":{"background-color":"var(--ast-global-color-5)","background-image":"","background-repeat":"repeat","background-position":"center center","background-size":"auto","background-attachment":"scroll","background-type":"","background-media":"","overlay-type":"","overlay-color":"","overlay-opacity":"","overlay-gradient":""},"tablet":{"background-color":"var(--ast-global-color-5)","background-image":"","background-repeat":"repeat","background-position":"center center","background-size":"auto","background-attachment":"scroll","background-type":"","background-media":"","overlay-type":"","overlay-color":"","overlay-opacity":"","overlay-gradient":""},"mobile":{"background-color":"var(--ast-global-color-5)","background-image":"","background-repeat":"repeat","background-position":"center center","background-size":"auto","background-attachment":"scroll","background-type":"","background-media":"","overlay-type":"","overlay-color":"","overlay-opacity":"","overlay-gradient":""}}},"product_brand":[],"product_cat":[40],"product_tag":[],"class_list":{"0":"post-3662","1":"product","2":"type-product","3":"status-publish","4":"has-post-thumbnail","6":"product_cat-military-grade-panel-pc","7":"desktop-align-left","8":"tablet-align-left","9":"mobile-align-left","10":"ast-product-gallery-layout-horizontal-slider","11":"ast-product-tabs-layout-horizontal","13":"first","14":"instock","15":"shipping-taxable","16":"purchasable","17":"product-type-simple"},"yoast_head":"<!-- This site is optimized with the Yoast SEO Premium plugin v24.0 (Yoast SEO v27.4) - https:\/\/yoast.com\/product\/yoast-seo-premium-wordpress\/ -->\n<title>RML-12RW - Beyond Info Sys<\/title>\n<meta name=\"robots\" content=\"index, follow, max-snippet:-1, max-image-preview:large, max-video-preview:-1\" \/>\n<link rel=\"canonical\" href=\"https:\/\/beyondinfosys.com\/fr\/product\/rml-12rw\/\" \/>\n<meta property=\"og:locale\" content=\"fr_FR\" \/>\n<meta property=\"og:type\" content=\"article\" \/>\n<meta property=\"og:title\" content=\"RML-12RW\" \/>\n<meta property=\"og:description\" content=\"Key Features:  1. 12.1&quot; 1000nits high brightness w\/AR tempered glass 2. Intel 8thGen. Core i3-8145UE 3. Metallic C3 connector: 2x RJ45, 2x USB 4. Power: D38999III 5. Front IP66, Salt-fog proof 6. Keypad: On\/Off, Brightness +\/-, Programmable key 7. MIL-STD-810G vibration \/ shock 8. Flush mount\" \/>\n<meta property=\"og:url\" content=\"https:\/\/beyondinfosys.com\/fr\/product\/rml-12rw\/\" \/>\n<meta property=\"og:site_name\" content=\"Beyond Info Sys\" \/>\n<meta property=\"article:modified_time\" content=\"2026-03-19T23:57:12+00:00\" \/>\n<meta property=\"og:image\" content=\"https:\/\/beyondinfosys.com\/wp-content\/uploads\/2025\/06\/RML-12RW-3-1.webp\" \/>\n\t<meta property=\"og:image:width\" content=\"1024\" \/>\n\t<meta property=\"og:image:height\" content=\"1024\" \/>\n\t<meta property=\"og:image:type\" content=\"image\/webp\" \/>\n<meta name=\"twitter:card\" content=\"summary_large_image\" \/>\n<meta name=\"twitter:label1\" content=\"Dur\u00e9e de lecture estim\u00e9e\" \/>\n\t<meta name=\"twitter:data1\" content=\"2 minutes\" \/>\n<script type=\"application\/ld+json\" class=\"yoast-schema-graph\">{\"@context\":\"https:\\\/\\\/schema.org\",\"@graph\":[{\"@type\":\"WebPage\",\"@id\":\"https:\\\/\\\/beyondinfosys.com\\\/product\\\/rml-12rw\\\/\",\"url\":\"https:\\\/\\\/beyondinfosys.com\\\/product\\\/rml-12rw\\\/\",\"name\":\"RML-12RW - Beyond Info Sys\",\"isPartOf\":{\"@id\":\"https:\\\/\\\/beyondinfosys.com\\\/#website\"},\"primaryImageOfPage\":{\"@id\":\"https:\\\/\\\/beyondinfosys.com\\\/product\\\/rml-12rw\\\/#primaryimage\"},\"image\":{\"@id\":\"https:\\\/\\\/beyondinfosys.com\\\/product\\\/rml-12rw\\\/#primaryimage\"},\"thumbnailUrl\":\"https:\\\/\\\/beyondinfosys.com\\\/wp-content\\\/uploads\\\/2025\\\/06\\\/RML-12RW-3-1.webp\",\"datePublished\":\"2025-06-01T13:58:02+00:00\",\"dateModified\":\"2026-03-19T23:57:12+00:00\",\"breadcrumb\":{\"@id\":\"https:\\\/\\\/beyondinfosys.com\\\/product\\\/rml-12rw\\\/#breadcrumb\"},\"inLanguage\":\"fr-FR\",\"potentialAction\":[{\"@type\":\"ReadAction\",\"target\":[\"https:\\\/\\\/beyondinfosys.com\\\/product\\\/rml-12rw\\\/\"]}]},{\"@type\":\"ImageObject\",\"inLanguage\":\"fr-FR\",\"@id\":\"https:\\\/\\\/beyondinfosys.com\\\/product\\\/rml-12rw\\\/#primaryimage\",\"url\":\"https:\\\/\\\/beyondinfosys.com\\\/wp-content\\\/uploads\\\/2025\\\/06\\\/RML-12RW-3-1.webp\",\"contentUrl\":\"https:\\\/\\\/beyondinfosys.com\\\/wp-content\\\/uploads\\\/2025\\\/06\\\/RML-12RW-3-1.webp\",\"width\":1024,\"height\":1024},{\"@type\":\"BreadcrumbList\",\"@id\":\"https:\\\/\\\/beyondinfosys.com\\\/product\\\/rml-12rw\\\/#breadcrumb\",\"itemListElement\":[{\"@type\":\"ListItem\",\"position\":1,\"name\":\"Home\",\"item\":\"https:\\\/\\\/beyondinfosys.com\\\/\"},{\"@type\":\"ListItem\",\"position\":2,\"name\":\"\u5546\u5e97\",\"item\":\"https:\\\/\\\/beyondinfosys.com\\\/shop\\\/\"},{\"@type\":\"ListItem\",\"position\":3,\"name\":\"RML-12RW\"}]},{\"@type\":\"WebSite\",\"@id\":\"https:\\\/\\\/beyondinfosys.com\\\/#website\",\"url\":\"https:\\\/\\\/beyondinfosys.com\\\/\",\"name\":\"Beyond Info Sys\",\"description\":\"\",\"publisher\":{\"@id\":\"https:\\\/\\\/beyondinfosys.com\\\/#organization\"},\"potentialAction\":[{\"@type\":\"SearchAction\",\"target\":{\"@type\":\"EntryPoint\",\"urlTemplate\":\"https:\\\/\\\/beyondinfosys.com\\\/?s={search_term_string}\"},\"query-input\":{\"@type\":\"PropertyValueSpecification\",\"valueRequired\":true,\"valueName\":\"search_term_string\"}}],\"inLanguage\":\"fr-FR\"},{\"@type\":\"Organization\",\"@id\":\"https:\\\/\\\/beyondinfosys.com\\\/#organization\",\"name\":\"Beyond Info Sys\",\"url\":\"https:\\\/\\\/beyondinfosys.com\\\/\",\"logo\":{\"@type\":\"ImageObject\",\"inLanguage\":\"fr-FR\",\"@id\":\"https:\\\/\\\/beyondinfosys.com\\\/#\\\/schema\\\/logo\\\/image\\\/\",\"url\":\"https:\\\/\\\/beyondinfosys.com\\\/wp-content\\\/uploads\\\/2025\\\/01\\\/LOGO-full.svg\",\"contentUrl\":\"https:\\\/\\\/beyondinfosys.com\\\/wp-content\\\/uploads\\\/2025\\\/01\\\/LOGO-full.svg\",\"width\":219,\"height\":83,\"caption\":\"Beyond Info Sys\"},\"image\":{\"@id\":\"https:\\\/\\\/beyondinfosys.com\\\/#\\\/schema\\\/logo\\\/image\\\/\"}}]}<\/script>\n<!-- \/ Yoast SEO Premium plugin. -->","yoast_head_json":{"title":"RML-12RW - Beyond Info Sys","robots":{"index":"index","follow":"follow","max-snippet":"max-snippet:-1","max-image-preview":"max-image-preview:large","max-video-preview":"max-video-preview:-1"},"canonical":"https:\/\/beyondinfosys.com\/fr\/product\/rml-12rw\/","og_locale":"fr_FR","og_type":"article","og_title":"RML-12RW","og_description":"Key Features:  1. 12.1\" 1000nits high brightness w\/AR tempered glass 2. Intel 8thGen. Core i3-8145UE 3. Metallic C3 connector: 2x RJ45, 2x USB 4. Power: D38999III 5. Front IP66, Salt-fog proof 6. Keypad: On\/Off, Brightness +\/-, Programmable key 7. MIL-STD-810G vibration \/ shock 8. Flush mount","og_url":"https:\/\/beyondinfosys.com\/fr\/product\/rml-12rw\/","og_site_name":"Beyond Info Sys","article_modified_time":"2026-03-19T23:57:12+00:00","og_image":[{"width":1024,"height":1024,"url":"https:\/\/beyondinfosys.com\/wp-content\/uploads\/2025\/06\/RML-12RW-3-1.webp","type":"image\/webp"}],"twitter_card":"summary_large_image","twitter_misc":{"Dur\u00e9e de lecture estim\u00e9e":"2 minutes"},"schema":{"@context":"https:\/\/schema.org","@graph":[{"@type":"WebPage","@id":"https:\/\/beyondinfosys.com\/product\/rml-12rw\/","url":"https:\/\/beyondinfosys.com\/product\/rml-12rw\/","name":"RML-12RW - Beyond Info Sys","isPartOf":{"@id":"https:\/\/beyondinfosys.com\/#website"},"primaryImageOfPage":{"@id":"https:\/\/beyondinfosys.com\/product\/rml-12rw\/#primaryimage"},"image":{"@id":"https:\/\/beyondinfosys.com\/product\/rml-12rw\/#primaryimage"},"thumbnailUrl":"https:\/\/beyondinfosys.com\/wp-content\/uploads\/2025\/06\/RML-12RW-3-1.webp","datePublished":"2025-06-01T13:58:02+00:00","dateModified":"2026-03-19T23:57:12+00:00","breadcrumb":{"@id":"https:\/\/beyondinfosys.com\/product\/rml-12rw\/#breadcrumb"},"inLanguage":"fr-FR","potentialAction":[{"@type":"ReadAction","target":["https:\/\/beyondinfosys.com\/product\/rml-12rw\/"]}]},{"@type":"ImageObject","inLanguage":"fr-FR","@id":"https:\/\/beyondinfosys.com\/product\/rml-12rw\/#primaryimage","url":"https:\/\/beyondinfosys.com\/wp-content\/uploads\/2025\/06\/RML-12RW-3-1.webp","contentUrl":"https:\/\/beyondinfosys.com\/wp-content\/uploads\/2025\/06\/RML-12RW-3-1.webp","width":1024,"height":1024},{"@type":"BreadcrumbList","@id":"https:\/\/beyondinfosys.com\/product\/rml-12rw\/#breadcrumb","itemListElement":[{"@type":"ListItem","position":1,"name":"Home","item":"https:\/\/beyondinfosys.com\/"},{"@type":"ListItem","position":2,"name":"\u5546\u5e97","item":"https:\/\/beyondinfosys.com\/shop\/"},{"@type":"ListItem","position":3,"name":"RML-12RW"}]},{"@type":"WebSite","@id":"https:\/\/beyondinfosys.com\/#website","url":"https:\/\/beyondinfosys.com\/","name":"Beyond Info Sys","description":"","publisher":{"@id":"https:\/\/beyondinfosys.com\/#organization"},"potentialAction":[{"@type":"SearchAction","target":{"@type":"EntryPoint","urlTemplate":"https:\/\/beyondinfosys.com\/?s={search_term_string}"},"query-input":{"@type":"PropertyValueSpecification","valueRequired":true,"valueName":"search_term_string"}}],"inLanguage":"fr-FR"},{"@type":"Organization","@id":"https:\/\/beyondinfosys.com\/#organization","name":"Beyond Info Sys","url":"https:\/\/beyondinfosys.com\/","logo":{"@type":"ImageObject","inLanguage":"fr-FR","@id":"https:\/\/beyondinfosys.com\/#\/schema\/logo\/image\/","url":"https:\/\/beyondinfosys.com\/wp-content\/uploads\/2025\/01\/LOGO-full.svg","contentUrl":"https:\/\/beyondinfosys.com\/wp-content\/uploads\/2025\/01\/LOGO-full.svg","width":219,"height":83,"caption":"Beyond Info Sys"},"image":{"@id":"https:\/\/beyondinfosys.com\/#\/schema\/logo\/image\/"}}]}},"_links":{"self":[{"href":"https:\/\/beyondinfosys.com\/fr\/wp-json\/wp\/v2\/product\/3662","targetHints":{"allow":["GET"]}}],"collection":[{"href":"https:\/\/beyondinfosys.com\/fr\/wp-json\/wp\/v2\/product"}],"about":[{"href":"https:\/\/beyondinfosys.com\/fr\/wp-json\/wp\/v2\/types\/product"}],"wp:featuredmedia":[{"embeddable":true,"href":"https:\/\/beyondinfosys.com\/fr\/wp-json\/wp\/v2\/media\/3841"}],"wp:attachment":[{"href":"https:\/\/beyondinfosys.com\/fr\/wp-json\/wp\/v2\/media?parent=3662"}],"wp:term":[{"taxonomy":"product_brand","embeddable":true,"href":"https:\/\/beyondinfosys.com\/fr\/wp-json\/wp\/v2\/product_brand?post=3662"},{"taxonomy":"product_cat","embeddable":true,"href":"https:\/\/beyondinfosys.com\/fr\/wp-json\/wp\/v2\/product_cat?post=3662"},{"taxonomy":"product_tag","embeddable":true,"href":"https:\/\/beyondinfosys.com\/fr\/wp-json\/wp\/v2\/product_tag?post=3662"}],"curies":[{"name":"wp","href":"https:\/\/api.w.org\/{rel}","templated":true}]}}