{"id":3716,"date":"2025-06-04T13:53:27","date_gmt":"2025-06-04T05:53:27","guid":{"rendered":"https:\/\/beyondinfosys.com\/?post_type=product&#038;p=3716"},"modified":"2026-03-20T07:50:11","modified_gmt":"2026-03-19T23:50:11","slug":"107-millions","status":"publish","type":"product","link":"https:\/\/beyondinfosys.com\/fr\/product\/107-mil\/","title":{"rendered":"107-MIL"},"content":{"rendered":"<h2>Solution d'affichage robuste de 7\u2033 pour les v\u00e9hicules terrestres de l'arm\u00e9e<\/h2>\n<p>Cet \u00e9cran plat robuste de 7\u2033 est con\u00e7u pour les op\u00e9rations des v\u00e9hicules de l'arm\u00e9e de terre dans des environnements de terrain exigeants. Dot\u00e9 d'une r\u00e9solution de 800 x 480 et d'une luminosit\u00e9 \u00e9lev\u00e9e de 1000 nits, il offre des images claires et fiables, m\u00eame en plein jour. La vitre de protection frontale assure une durabilit\u00e9 suppl\u00e9mentaire, tandis que le filtre maill\u00e9 anti-EMI int\u00e9gr\u00e9 prot\u00e8ge contre les interf\u00e9rences \u00e9lectromagn\u00e9tiques. Avec des connecteurs D38999 de qualit\u00e9 militaire prenant en charge les entr\u00e9es VGA et DVI, cet \u00e9cran est con\u00e7u pour r\u00e9pondre \u00e0 des normes de d\u00e9fense rigoureuses et fonctionner sans faille en cas de vibrations, de chocs, d'humidit\u00e9 et de temp\u00e9ratures extr\u00eames.<\/p>\n<h4 data-start=\"238\" data-end=\"342\">Caract\u00e9ristiques principales<\/h4>\n<ul>\n<li data-start=\"238\" data-end=\"342\">Ecran LCD TFT de 7\u2033, r\u00e9solution 800 x 480 pour une visibilit\u00e9 compacte<\/li>\n<li data-start=\"238\" data-end=\"342\">1000 nits de haute luminosit\u00e9 pour une performance lisible en plein soleil<\/li>\n<li data-start=\"238\" data-end=\"342\">Verre de protection avant pour une meilleure durabilit\u00e9 de l'\u00e9cran<\/li>\n<li data-start=\"238\" data-end=\"342\">Filtre \u00e0 mailles anti-EMI pour supprimer les interf\u00e9rences \u00e9lectromagn\u00e9tiques<\/li>\n<li data-start=\"238\" data-end=\"342\">Connecteur militaire D38999 avec prise en charge des entr\u00e9es VGA et DVI<\/li>\n<li data-start=\"238\" data-end=\"342\">Conforme \u00e0 la norme MIL-STD-810G relative aux vibrations, aux chocs, \u00e0 la temp\u00e9rature et \u00e0 l'humidit\u00e9.<\/li>\n<li data-start=\"238\" data-end=\"342\">Conforme aux normes MIL-STD-461F : CE102, CS101, RE101, RE102, RS101, RS103, CS116<\/li>\n<\/ul>\n<h4>Avantages<\/h4>\n<ul>\n<li>Compact et robuste pour les espaces restreints des v\u00e9hicules militaires<\/li>\n<li>Maintient la clart\u00e9 visuelle dans les environnements ext\u00e9rieurs et de combat<\/li>\n<li>Panneau frontal durable r\u00e9sistant aux chocs et \u00e0 l'usure<\/li>\n<li>Garantit un fonctionnement fiable dans des conditions d'interf\u00e9rences \u00e9lectromagn\u00e9tiques \u00e9lev\u00e9es<\/li>\n<li>Con\u00e7ue pour une int\u00e9gration transparente avec les syst\u00e8mes de communication et de contr\u00f4le militaires<\/li>\n<\/ul>\n<h4 class=\"\" data-start=\"1723\" data-end=\"1747\">Id\u00e9al pour<\/h4>\n<ul>\n<li data-start=\"1750\" data-end=\"1796\">V\u00e9hicules terrestres de l'arm\u00e9e<\/li>\n<li data-start=\"1750\" data-end=\"1796\">Unit\u00e9s de contr\u00f4le tactique<\/li>\n<li data-start=\"1750\" data-end=\"1796\">Syst\u00e8mes blind\u00e9s de commandement et de surveillance<\/li>\n<li data-start=\"1750\" data-end=\"1796\">Applications mobiles dans un environnement difficile<\/li>\n<li data-start=\"1750\" data-end=\"1796\">Plates-formes de communication de niveau militaire<\/li>\n<\/ul>\n<p><img fetchpriority=\"high\" decoding=\"async\" class=\"alignnone wp-image-3873 size-full\" src=\"https:\/\/beyondinfosys.com\/wp-content\/uploads\/2025\/06\/\u7522\u54c1\u9801\u5716-\u62f7\u8c9d-8.webp\" alt=\"\" width=\"1024\" height=\"1296\" srcset=\"https:\/\/beyondinfosys.com\/wp-content\/uploads\/2025\/06\/\u7522\u54c1\u9801\u5716-\u62f7\u8c9d-8.webp 1024w, https:\/\/beyondinfosys.com\/wp-content\/uploads\/2025\/06\/\u7522\u54c1\u9801\u5716-\u62f7\u8c9d-8-237x300.webp 237w, https:\/\/beyondinfosys.com\/wp-content\/uploads\/2025\/06\/\u7522\u54c1\u9801\u5716-\u62f7\u8c9d-8-809x1024.webp 809w, https:\/\/beyondinfosys.com\/wp-content\/uploads\/2025\/06\/\u7522\u54c1\u9801\u5716-\u62f7\u8c9d-8-768x972.webp 768w, https:\/\/beyondinfosys.com\/wp-content\/uploads\/2025\/06\/\u7522\u54c1\u9801\u5716-\u62f7\u8c9d-8-600x759.webp 600w\" sizes=\"(max-width: 1024px) 100vw, 1024px\" \/><\/p>\n<p>&nbsp;<\/p>\n<h2 style=\"text-align: center;\">Applications<\/h2>\n<p><a href=\"\/fr\/militaire\/\"><img decoding=\"async\" class=\"alignnone wp-image-3656 size-medium\" src=\"https:\/\/beyondinfosys.com\/wp-content\/uploads\/2025\/06\/solutions-007-300x185.webp\" alt=\"\" width=\"300\" height=\"185\" srcset=\"https:\/\/beyondinfosys.com\/wp-content\/uploads\/2025\/06\/solutions-007-300x185.webp 300w, https:\/\/beyondinfosys.com\/wp-content\/uploads\/2025\/06\/solutions-007.webp 400w\" sizes=\"(max-width: 300px) 100vw, 300px\" \/><\/a><\/p>","protected":false},"excerpt":{"rendered":"<p><strong>Caract\u00e9ristiques principales :<\/strong><\/p>\n<p>1. Flat 7\u2033 800 x 480, 1000 nits<br \/>\n2. Filtre \u00e0 mailles anti-EMI appliqu\u00e9<br \/>\n3. Verre de protection avant<br \/>\n4. Entr\u00e9e VGA\/ DVI (connecteur D38999)<br \/>\n5. MIL-STD-810G : vibrations, chocs, humidit\u00e9 et temp\u00e9rature<br \/>\n6. MIL-STD-461F : CE102, CS101, RE101,RE102, RS101, RS103, CS116<\/p>\n<p><img decoding=\"async\" class=\"alignnone size-full wp-image-2221\" src=\"https:\/\/beyondinfosys.com\/wp-content\/uploads\/2025\/03\/461-1.webp\" alt=\"\" width=\"45\" height=\"45\" \/> <img loading=\"lazy\" decoding=\"async\" class=\"alignnone size-full wp-image-2222\" src=\"https:\/\/beyondinfosys.com\/wp-content\/uploads\/2025\/03\/810-1.webp\" alt=\"\" width=\"45\" height=\"45\" \/><\/p>","protected":false},"featured_media":3807,"template":"","meta":{"site-sidebar-layout":"default","site-content-layout":"","ast-site-content-layout":"default","site-content-style":"default","site-sidebar-style":"default","ast-global-header-display":"","ast-banner-title-visibility":"","ast-main-header-display":"","ast-hfb-above-header-display":"","ast-hfb-below-header-display":"","ast-hfb-mobile-header-display":"","site-post-title":"","ast-breadcrumbs-content":"","ast-featured-img":"","footer-sml-layout":"","ast-disable-related-posts":"","theme-transparent-header-meta":"default","adv-header-id-meta":"","stick-header-meta":"default","header-above-stick-meta":"","header-main-stick-meta":"","header-below-stick-meta":"","astra-migrate-meta-layouts":"set","ast-page-background-enabled":"default","ast-page-background-meta":{"desktop":{"background-color":"","background-image":"","background-repeat":"repeat","background-position":"center center","background-size":"auto","background-attachment":"scroll","background-type":"","background-media":"","overlay-type":"","overlay-color":"","overlay-opacity":"","overlay-gradient":""},"tablet":{"background-color":"","background-image":"","background-repeat":"repeat","background-position":"center center","background-size":"auto","background-attachment":"scroll","background-type":"","background-media":"","overlay-type":"","overlay-color":"","overlay-opacity":"","overlay-gradient":""},"mobile":{"background-color":"","background-image":"","background-repeat":"repeat","background-position":"center center","background-size":"auto","background-attachment":"scroll","background-type":"","background-media":"","overlay-type":"","overlay-color":"","overlay-opacity":"","overlay-gradient":""}},"ast-content-background-meta":{"desktop":{"background-color":"var(--ast-global-color-5)","background-image":"","background-repeat":"repeat","background-position":"center center","background-size":"auto","background-attachment":"scroll","background-type":"","background-media":"","overlay-type":"","overlay-color":"","overlay-opacity":"","overlay-gradient":""},"tablet":{"background-color":"var(--ast-global-color-5)","background-image":"","background-repeat":"repeat","background-position":"center center","background-size":"auto","background-attachment":"scroll","background-type":"","background-media":"","overlay-type":"","overlay-color":"","overlay-opacity":"","overlay-gradient":""},"mobile":{"background-color":"var(--ast-global-color-5)","background-image":"","background-repeat":"repeat","background-position":"center center","background-size":"auto","background-attachment":"scroll","background-type":"","background-media":"","overlay-type":"","overlay-color":"","overlay-opacity":"","overlay-gradient":""}}},"product_brand":[],"product_cat":[41],"product_tag":[],"class_list":{"0":"post-3716","1":"product","2":"type-product","3":"status-publish","4":"has-post-thumbnail","6":"product_cat-military-grade-touch-display-monitor","7":"desktop-align-left","8":"tablet-align-left","9":"mobile-align-left","10":"ast-product-gallery-layout-horizontal-slider","11":"ast-product-tabs-layout-horizontal","13":"first","14":"instock","15":"shipping-taxable","16":"purchasable","17":"product-type-simple"},"yoast_head":"<!-- This site is optimized with the Yoast SEO Premium plugin v24.0 (Yoast SEO v27.4) - https:\/\/yoast.com\/product\/yoast-seo-premium-wordpress\/ -->\n<title>107-MIL - Beyond Info Sys<\/title>\n<meta name=\"robots\" content=\"index, follow, max-snippet:-1, max-image-preview:large, max-video-preview:-1\" \/>\n<link rel=\"canonical\" href=\"https:\/\/beyondinfosys.com\/fr\/product\/107-millions\/\" \/>\n<meta property=\"og:locale\" content=\"fr_FR\" \/>\n<meta property=\"og:type\" content=\"article\" \/>\n<meta property=\"og:title\" content=\"107-MIL\" \/>\n<meta property=\"og:description\" content=\"Key Features:  1. Flat 7&quot; 800 x 480, 1000 nits 2. Anti- EMI mesh fliter applied 3. Front protective glass 4. VGA\/ DVI Input ( D38999 connector) 5. MIL-STD-810G vibration, shock, humidity and temperature 6. MIL-STD-461F: CE102, CS101, RE101,RE102, RS101, RS103, CS116\" \/>\n<meta property=\"og:url\" content=\"https:\/\/beyondinfosys.com\/fr\/product\/107-millions\/\" \/>\n<meta property=\"og:site_name\" content=\"Beyond Info Sys\" \/>\n<meta property=\"article:modified_time\" content=\"2026-03-19T23:50:11+00:00\" \/>\n<meta property=\"og:image\" content=\"https:\/\/beyondinfosys.com\/wp-content\/uploads\/2025\/06\/107-MIL-2.webp\" \/>\n\t<meta property=\"og:image:width\" content=\"1024\" \/>\n\t<meta property=\"og:image:height\" content=\"1024\" \/>\n\t<meta property=\"og:image:type\" content=\"image\/webp\" \/>\n<meta name=\"twitter:card\" content=\"summary_large_image\" \/>\n<meta name=\"twitter:label1\" content=\"Dur\u00e9e de lecture estim\u00e9e\" \/>\n\t<meta name=\"twitter:data1\" content=\"2 minutes\" \/>\n<script type=\"application\/ld+json\" class=\"yoast-schema-graph\">{\"@context\":\"https:\\\/\\\/schema.org\",\"@graph\":[{\"@type\":\"WebPage\",\"@id\":\"https:\\\/\\\/beyondinfosys.com\\\/product\\\/107-mil\\\/\",\"url\":\"https:\\\/\\\/beyondinfosys.com\\\/product\\\/107-mil\\\/\",\"name\":\"107-MIL - Beyond Info Sys\",\"isPartOf\":{\"@id\":\"https:\\\/\\\/beyondinfosys.com\\\/#website\"},\"primaryImageOfPage\":{\"@id\":\"https:\\\/\\\/beyondinfosys.com\\\/product\\\/107-mil\\\/#primaryimage\"},\"image\":{\"@id\":\"https:\\\/\\\/beyondinfosys.com\\\/product\\\/107-mil\\\/#primaryimage\"},\"thumbnailUrl\":\"https:\\\/\\\/beyondinfosys.com\\\/wp-content\\\/uploads\\\/2025\\\/06\\\/107-MIL-2.webp\",\"datePublished\":\"2025-06-04T05:53:27+00:00\",\"dateModified\":\"2026-03-19T23:50:11+00:00\",\"breadcrumb\":{\"@id\":\"https:\\\/\\\/beyondinfosys.com\\\/product\\\/107-mil\\\/#breadcrumb\"},\"inLanguage\":\"fr-FR\",\"potentialAction\":[{\"@type\":\"ReadAction\",\"target\":[\"https:\\\/\\\/beyondinfosys.com\\\/product\\\/107-mil\\\/\"]}]},{\"@type\":\"ImageObject\",\"inLanguage\":\"fr-FR\",\"@id\":\"https:\\\/\\\/beyondinfosys.com\\\/product\\\/107-mil\\\/#primaryimage\",\"url\":\"https:\\\/\\\/beyondinfosys.com\\\/wp-content\\\/uploads\\\/2025\\\/06\\\/107-MIL-2.webp\",\"contentUrl\":\"https:\\\/\\\/beyondinfosys.com\\\/wp-content\\\/uploads\\\/2025\\\/06\\\/107-MIL-2.webp\",\"width\":1024,\"height\":1024},{\"@type\":\"BreadcrumbList\",\"@id\":\"https:\\\/\\\/beyondinfosys.com\\\/product\\\/107-mil\\\/#breadcrumb\",\"itemListElement\":[{\"@type\":\"ListItem\",\"position\":1,\"name\":\"Home\",\"item\":\"https:\\\/\\\/beyondinfosys.com\\\/\"},{\"@type\":\"ListItem\",\"position\":2,\"name\":\"\u5546\u5e97\",\"item\":\"https:\\\/\\\/beyondinfosys.com\\\/shop\\\/\"},{\"@type\":\"ListItem\",\"position\":3,\"name\":\"107-MIL\"}]},{\"@type\":\"WebSite\",\"@id\":\"https:\\\/\\\/beyondinfosys.com\\\/#website\",\"url\":\"https:\\\/\\\/beyondinfosys.com\\\/\",\"name\":\"Beyond Info Sys\",\"description\":\"\",\"publisher\":{\"@id\":\"https:\\\/\\\/beyondinfosys.com\\\/#organization\"},\"potentialAction\":[{\"@type\":\"SearchAction\",\"target\":{\"@type\":\"EntryPoint\",\"urlTemplate\":\"https:\\\/\\\/beyondinfosys.com\\\/?s={search_term_string}\"},\"query-input\":{\"@type\":\"PropertyValueSpecification\",\"valueRequired\":true,\"valueName\":\"search_term_string\"}}],\"inLanguage\":\"fr-FR\"},{\"@type\":\"Organization\",\"@id\":\"https:\\\/\\\/beyondinfosys.com\\\/#organization\",\"name\":\"Beyond Info Sys\",\"url\":\"https:\\\/\\\/beyondinfosys.com\\\/\",\"logo\":{\"@type\":\"ImageObject\",\"inLanguage\":\"fr-FR\",\"@id\":\"https:\\\/\\\/beyondinfosys.com\\\/#\\\/schema\\\/logo\\\/image\\\/\",\"url\":\"https:\\\/\\\/beyondinfosys.com\\\/wp-content\\\/uploads\\\/2025\\\/01\\\/LOGO-full.svg\",\"contentUrl\":\"https:\\\/\\\/beyondinfosys.com\\\/wp-content\\\/uploads\\\/2025\\\/01\\\/LOGO-full.svg\",\"width\":219,\"height\":83,\"caption\":\"Beyond Info Sys\"},\"image\":{\"@id\":\"https:\\\/\\\/beyondinfosys.com\\\/#\\\/schema\\\/logo\\\/image\\\/\"}}]}<\/script>\n<!-- \/ Yoast SEO Premium plugin. -->","yoast_head_json":{"title":"107-MIL - Beyond Info Sys","robots":{"index":"index","follow":"follow","max-snippet":"max-snippet:-1","max-image-preview":"max-image-preview:large","max-video-preview":"max-video-preview:-1"},"canonical":"https:\/\/beyondinfosys.com\/fr\/product\/107-millions\/","og_locale":"fr_FR","og_type":"article","og_title":"107-MIL","og_description":"Key Features:  1. Flat 7\" 800 x 480, 1000 nits 2. Anti- EMI mesh fliter applied 3. Front protective glass 4. VGA\/ DVI Input ( D38999 connector) 5. MIL-STD-810G vibration, shock, humidity and temperature 6. MIL-STD-461F: CE102, CS101, RE101,RE102, RS101, RS103, CS116","og_url":"https:\/\/beyondinfosys.com\/fr\/product\/107-millions\/","og_site_name":"Beyond Info Sys","article_modified_time":"2026-03-19T23:50:11+00:00","og_image":[{"width":1024,"height":1024,"url":"https:\/\/beyondinfosys.com\/wp-content\/uploads\/2025\/06\/107-MIL-2.webp","type":"image\/webp"}],"twitter_card":"summary_large_image","twitter_misc":{"Dur\u00e9e de lecture estim\u00e9e":"2 minutes"},"schema":{"@context":"https:\/\/schema.org","@graph":[{"@type":"WebPage","@id":"https:\/\/beyondinfosys.com\/product\/107-mil\/","url":"https:\/\/beyondinfosys.com\/product\/107-mil\/","name":"107-MIL - Beyond Info Sys","isPartOf":{"@id":"https:\/\/beyondinfosys.com\/#website"},"primaryImageOfPage":{"@id":"https:\/\/beyondinfosys.com\/product\/107-mil\/#primaryimage"},"image":{"@id":"https:\/\/beyondinfosys.com\/product\/107-mil\/#primaryimage"},"thumbnailUrl":"https:\/\/beyondinfosys.com\/wp-content\/uploads\/2025\/06\/107-MIL-2.webp","datePublished":"2025-06-04T05:53:27+00:00","dateModified":"2026-03-19T23:50:11+00:00","breadcrumb":{"@id":"https:\/\/beyondinfosys.com\/product\/107-mil\/#breadcrumb"},"inLanguage":"fr-FR","potentialAction":[{"@type":"ReadAction","target":["https:\/\/beyondinfosys.com\/product\/107-mil\/"]}]},{"@type":"ImageObject","inLanguage":"fr-FR","@id":"https:\/\/beyondinfosys.com\/product\/107-mil\/#primaryimage","url":"https:\/\/beyondinfosys.com\/wp-content\/uploads\/2025\/06\/107-MIL-2.webp","contentUrl":"https:\/\/beyondinfosys.com\/wp-content\/uploads\/2025\/06\/107-MIL-2.webp","width":1024,"height":1024},{"@type":"BreadcrumbList","@id":"https:\/\/beyondinfosys.com\/product\/107-mil\/#breadcrumb","itemListElement":[{"@type":"ListItem","position":1,"name":"Home","item":"https:\/\/beyondinfosys.com\/"},{"@type":"ListItem","position":2,"name":"\u5546\u5e97","item":"https:\/\/beyondinfosys.com\/shop\/"},{"@type":"ListItem","position":3,"name":"107-MIL"}]},{"@type":"WebSite","@id":"https:\/\/beyondinfosys.com\/#website","url":"https:\/\/beyondinfosys.com\/","name":"Beyond Info Sys","description":"","publisher":{"@id":"https:\/\/beyondinfosys.com\/#organization"},"potentialAction":[{"@type":"SearchAction","target":{"@type":"EntryPoint","urlTemplate":"https:\/\/beyondinfosys.com\/?s={search_term_string}"},"query-input":{"@type":"PropertyValueSpecification","valueRequired":true,"valueName":"search_term_string"}}],"inLanguage":"fr-FR"},{"@type":"Organization","@id":"https:\/\/beyondinfosys.com\/#organization","name":"Beyond Info Sys","url":"https:\/\/beyondinfosys.com\/","logo":{"@type":"ImageObject","inLanguage":"fr-FR","@id":"https:\/\/beyondinfosys.com\/#\/schema\/logo\/image\/","url":"https:\/\/beyondinfosys.com\/wp-content\/uploads\/2025\/01\/LOGO-full.svg","contentUrl":"https:\/\/beyondinfosys.com\/wp-content\/uploads\/2025\/01\/LOGO-full.svg","width":219,"height":83,"caption":"Beyond Info Sys"},"image":{"@id":"https:\/\/beyondinfosys.com\/#\/schema\/logo\/image\/"}}]}},"_links":{"self":[{"href":"https:\/\/beyondinfosys.com\/fr\/wp-json\/wp\/v2\/product\/3716","targetHints":{"allow":["GET"]}}],"collection":[{"href":"https:\/\/beyondinfosys.com\/fr\/wp-json\/wp\/v2\/product"}],"about":[{"href":"https:\/\/beyondinfosys.com\/fr\/wp-json\/wp\/v2\/types\/product"}],"wp:featuredmedia":[{"embeddable":true,"href":"https:\/\/beyondinfosys.com\/fr\/wp-json\/wp\/v2\/media\/3807"}],"wp:attachment":[{"href":"https:\/\/beyondinfosys.com\/fr\/wp-json\/wp\/v2\/media?parent=3716"}],"wp:term":[{"taxonomy":"product_brand","embeddable":true,"href":"https:\/\/beyondinfosys.com\/fr\/wp-json\/wp\/v2\/product_brand?post=3716"},{"taxonomy":"product_cat","embeddable":true,"href":"https:\/\/beyondinfosys.com\/fr\/wp-json\/wp\/v2\/product_cat?post=3716"},{"taxonomy":"product_tag","embeddable":true,"href":"https:\/\/beyondinfosys.com\/fr\/wp-json\/wp\/v2\/product_tag?post=3716"}],"curies":[{"name":"wp","href":"https:\/\/api.w.org\/{rel}","templated":true}]}}